{"id":5580,"date":"2021-05-10T11:42:36","date_gmt":"2021-05-10T09:42:36","guid":{"rendered":"https:\/\/phyto.bod-demo.fr\/?page_id=5580"},"modified":"2021-05-17T16:59:20","modified_gmt":"2021-05-17T14:59:20","slug":"cookie-youtube","status":"publish","type":"page","link":"https:\/\/webserie.phyto-victimes.eu\/pl\/cookie-youtube\/","title":{"rendered":"Cookie \/ Youtube"},"content":{"rendered":"<section class=\"kc-elm kc_row\"><div class=\"kc-row-container  kc-container\"><div class=\"kc-wrap-columns\"><div class=\"kc-elm kc_column kc_col-sm-12\"><div class=\"kc-col-container\"><div class=\"kc-elm kc_text_block\"><\/p>\n<p><strong>Przykro nam, ale poniewa\u017c nie akceptujesz plik\u00f3w cookie, nie mo\u017cemy zaoferowa\u0107 Ci naszych film\u00f3w na Youtube. Je\u015bli chcesz zmieni\u0107 zdanie: AKCEPTUJ<\/strong><\/p>\n<p>YouTube uzale\u017cnia odtwarzanie swoich film\u00f3w od przes\u0142ania plik\u00f3w cookie, aby m\u00f3c zaoferowa\u0107 Ci reklamy ukierunkowane na podstawie Twojego przegl\u0105dania.<\/p>\n<p>Po klikni\u0119ciu \\\"ZATWIERD\u0179\\\" pliki cookie zostan\u0105 zapisane i b\u0119dziesz m\u00f3g\u0142 obejrze\u0107 film. W ka\u017cdej chwili mo\u017cesz wycofa\u0107 swoj\u0105 zgod\u0119.<\/p>\n<p>Klikaj\u0105c \\\"ODMAWIAM\\\", nie b\u0119dziesz mia\u0142 dost\u0119pu do filmu.<\/p>\n<p><a href=\\\"https:\/\/policies.google.com\/privacy?hl=pl&amp;gl=pl\\\" target=\\\"_blank\\\" rel=\\\"noopener noreferrer\\\">Wi\u0119cej informacji mo\u017cna znale\u017a\u0107 w polityce YouTube dotycz\u0105cej plik\u00f3w cookie<\/a><\/p>\n<p>\n<\/div><div class=\"kc-elm kc_text_block\"><\/p>\n<div><a href='\/pl' data-cli_action=\"accept\" id=\"CONSTANT_OPEN_URL\"  class=\"medium cli-plugin-button cli-plugin-main-button cookie_action_close_header cli_action_button\" style=\"display:inline-block; \">Przyjmij<\/a> <a href='https:\/\/webserie.phyto-victimes.eu\/pl\/cookie-youtube\/' id=\"CONSTANT_OPEN_URL\"  class=\"medium cli-plugin-button cli-plugin-main-button cookie_action_close_header_reject cli_action_button\"  data-cli_action=\"reject\">ODMAWIAM<\/a><\/div>\n<p>\n<\/div><\/div><\/div><\/div><\/div><\/section>\n","protected":false},"excerpt":{"rendered":"","protected":false},"author":1,"featured_media":5450,"parent":0,"menu_order":0,"comment_status":"closed","ping_status":"closed","template":"page-head-back.php","meta":[],"_links":{"self":[{"href":"https:\/\/webserie.phyto-victimes.eu\/pl\/wp-json\/wp\/v2\/pages\/5580"}],"collection":[{"href":"https:\/\/webserie.phyto-victimes.eu\/pl\/wp-json\/wp\/v2\/pages"}],"about":[{"href":"https:\/\/webserie.phyto-victimes.eu\/pl\/wp-json\/wp\/v2\/types\/page"}],"author":[{"embeddable":true,"href":"https:\/\/webserie.phyto-victimes.eu\/pl\/wp-json\/wp\/v2\/users\/1"}],"replies":[{"embeddable":true,"href":"https:\/\/webserie.phyto-victimes.eu\/pl\/wp-json\/wp\/v2\/comments?post=5580"}],"version-history":[{"count":3,"href":"https:\/\/webserie.phyto-victimes.eu\/pl\/wp-json\/wp\/v2\/pages\/5580\/revisions"}],"predecessor-version":[{"id":5647,"href":"https:\/\/webserie.phyto-victimes.eu\/pl\/wp-json\/wp\/v2\/pages\/5580\/revisions\/5647"}],"wp:featuredmedia":[{"embeddable":true,"href":"https:\/\/webserie.phyto-victimes.eu\/pl\/wp-json\/wp\/v2\/media\/5450"}],"wp:attachment":[{"href":"https:\/\/webserie.phyto-victimes.eu\/pl\/wp-json\/wp\/v2\/media?parent=5580"}],"curies":[{"name":"wp","href":"https:\/\/api.w.org\/{rel}","templated":true}]}}