{"id":5329,"date":"2021-05-04T09:52:16","date_gmt":"2021-05-04T07:52:16","guid":{"rendered":"https:\/\/phyto.bod-demo.fr\/?page_id=5329"},"modified":"2021-12-14T10:03:19","modified_gmt":"2021-12-14T09:03:19","slug":"przejscie-rolnicze","status":"publish","type":"page","link":"https:\/\/webserie.phyto-victimes.eu\/pl\/odcinki\/przejscie-rolnicze\/","title":{"rendered":"Przej\u015bcie (rolnicze)"},"content":{"rendered":"<section class=\"kc-elm kc-css-42905 kc_row v2_feature_section7\"><div class=\"kc-row-container  kc-container\"><div class=\"kc-wrap-columns\"><div class=\"kc-elm kc-css-210196 kc_col-sm-12 kc-animated kc-animate-eff-fadeIn kc-animate-delay-200 kc_column kc_col-sm-12\"><div class=\"kc-col-container\"><div class=\"kc-elm kc-css-247561 kc_text_block content-text\"><\/p>\n<p><strong>Jak przebiega przej\u015bcie od rolnictwa konwencjonalnego do ekologicznego ? I czy jest to jeszcze mo\u017cliwe ?<\/strong><\/p>\n<p>Wielu rolnik\u00f3w m\u00f3wi nam, \u017ce o ile 30% redukcja stosowania pestycyd\u00f3w jest mo\u017cliwa do osi\u0105gni\u0119cia, o tyle przekroczenie tego poziomu stanowi dla nich powa\u017cne ryzyko.<\/p>\n<p>Ze J\u00e9r\u00f4me R\u00e9tif, Mathieu Drouet, Michel B\u00e9douet, eksperymentuje si\u0119 z wieloma alternatywnymi rozwi\u0105zaniami. I uczy si\u0119 w inny spos\u00f3b.<\/p>\n<p>\n<\/div><\/div><\/div><\/div><\/div><\/section>\n","protected":false},"excerpt":{"rendered":"","protected":false},"author":1,"featured_media":4978,"parent":5167,"menu_order":0,"comment_status":"closed","ping_status":"closed","template":"page-episode.php","meta":[],"_links":{"self":[{"href":"https:\/\/webserie.phyto-victimes.eu\/pl\/wp-json\/wp\/v2\/pages\/5329"}],"collection":[{"href":"https:\/\/webserie.phyto-victimes.eu\/pl\/wp-json\/wp\/v2\/pages"}],"about":[{"href":"https:\/\/webserie.phyto-victimes.eu\/pl\/wp-json\/wp\/v2\/types\/page"}],"author":[{"embeddable":true,"href":"https:\/\/webserie.phyto-victimes.eu\/pl\/wp-json\/wp\/v2\/users\/1"}],"replies":[{"embeddable":true,"href":"https:\/\/webserie.phyto-victimes.eu\/pl\/wp-json\/wp\/v2\/comments?post=5329"}],"version-history":[{"count":7,"href":"https:\/\/webserie.phyto-victimes.eu\/pl\/wp-json\/wp\/v2\/pages\/5329\/revisions"}],"predecessor-version":[{"id":6528,"href":"https:\/\/webserie.phyto-victimes.eu\/pl\/wp-json\/wp\/v2\/pages\/5329\/revisions\/6528"}],"up":[{"embeddable":true,"href":"https:\/\/webserie.phyto-victimes.eu\/pl\/wp-json\/wp\/v2\/pages\/5167"}],"wp:featuredmedia":[{"embeddable":true,"href":"https:\/\/webserie.phyto-victimes.eu\/pl\/wp-json\/wp\/v2\/media\/4978"}],"wp:attachment":[{"href":"https:\/\/webserie.phyto-victimes.eu\/pl\/wp-json\/wp\/v2\/media?parent=5329"}],"curies":[{"name":"wp","href":"https:\/\/api.w.org\/{rel}","templated":true}]}}