{"id":5288,"date":"2021-05-04T09:54:44","date_gmt":"2021-05-04T07:54:44","guid":{"rendered":"https:\/\/phyto.bod-demo.fr\/?page_id=5288"},"modified":"2022-01-27T18:03:44","modified_gmt":"2022-01-27T17:03:44","slug":"w-gospodarstwie-europejskim","status":"publish","type":"page","link":"https:\/\/webserie.phyto-victimes.eu\/pl\/odcinki\/w-gospodarstwie-europejskim\/","title":{"rendered":"ZMAGANIA NA TORZE PRZESZK\u00d3D"},"content":{"rendered":"<section class=\"kc-elm kc-css-200642 kc_row v2_feature_section7\"><div class=\"kc-row-container  kc-container\"><div class=\"kc-wrap-columns\"><div class=\"kc-elm kc-css-205547 kc_col-sm-12 kc-animated kc-animate-eff-fadeIn kc-animate-delay-200 kc_column kc_col-sm-12\"><div class=\"kc-col-container\"><div class=\"kc-elm kc-css-536534 kc_text_block content-text\"><\/p>\n<p><strong>Zw\u0142oka nauki w wykazywaniu zwi\u0105zku mi\u0119dzy ekspozycj\u0105 a stanem chorobowym, jak r\u00f3wnie\u017c instytucji w podejmowaniu si\u0119 opieki i leczenia doprowadza do dramatycznych sytuacji.<\/strong><\/p>\n<p>Gaelle cierpi na zesp\u00f3\u0142 mieloproliferacyjny, a Loick i Pascal na nadwra\u017cliwo\u015b\u0107 na \u015brodki chemiczne, co przejawia si\u0119 w szczeg\u00f3lno\u015bci nietolerancj\u0105 zapach\u00f3w.<\/p>\n<p>Te upo\u015bledzaj\u0105ce na co dzie\u0144 stany chorobowe nie znajduj\u0105 si\u0119 w wykazie chor\u00f3b zawodowych zwi\u0105zanych z pestycydami, mimo i\u017c istnieje przekonuj\u0105ce domniemanie zwi\u0105zku przyczynowego.<\/p>\n<p>Dla tych pracownik\u00f3w gospodarstw rolnych w\u0142a\u015bnie zaczynaj\u0105 si\u0119 zmagania na torze przeszk\u00f3d, na kt\u00f3ry sk\u0142ada si\u0119 pielgrzymowanie po gabinetach lekarskich, gromadzenie dowod\u00f3w i proces s\u0105dowy.<\/p>\n<p>\n<\/div><\/div><\/div><\/div><\/div><\/section>\n","protected":false},"excerpt":{"rendered":"","protected":false},"author":1,"featured_media":4966,"parent":5167,"menu_order":0,"comment_status":"closed","ping_status":"closed","template":"page-episode.php","meta":[],"_links":{"self":[{"href":"https:\/\/webserie.phyto-victimes.eu\/pl\/wp-json\/wp\/v2\/pages\/5288"}],"collection":[{"href":"https:\/\/webserie.phyto-victimes.eu\/pl\/wp-json\/wp\/v2\/pages"}],"about":[{"href":"https:\/\/webserie.phyto-victimes.eu\/pl\/wp-json\/wp\/v2\/types\/page"}],"author":[{"embeddable":true,"href":"https:\/\/webserie.phyto-victimes.eu\/pl\/wp-json\/wp\/v2\/users\/1"}],"replies":[{"embeddable":true,"href":"https:\/\/webserie.phyto-victimes.eu\/pl\/wp-json\/wp\/v2\/comments?post=5288"}],"version-history":[{"count":8,"href":"https:\/\/webserie.phyto-victimes.eu\/pl\/wp-json\/wp\/v2\/pages\/5288\/revisions"}],"predecessor-version":[{"id":6717,"href":"https:\/\/webserie.phyto-victimes.eu\/pl\/wp-json\/wp\/v2\/pages\/5288\/revisions\/6717"}],"up":[{"embeddable":true,"href":"https:\/\/webserie.phyto-victimes.eu\/pl\/wp-json\/wp\/v2\/pages\/5167"}],"wp:featuredmedia":[{"embeddable":true,"href":"https:\/\/webserie.phyto-victimes.eu\/pl\/wp-json\/wp\/v2\/media\/4966"}],"wp:attachment":[{"href":"https:\/\/webserie.phyto-victimes.eu\/pl\/wp-json\/wp\/v2\/media?parent=5288"}],"curies":[{"name":"wp","href":"https:\/\/api.w.org\/{rel}","templated":true}]}}