{"id":5267,"date":"2021-05-04T09:54:19","date_gmt":"2021-05-04T07:54:19","guid":{"rendered":"https:\/\/phyto.bod-demo.fr\/?page_id=5267"},"modified":"2021-12-14T09:59:55","modified_gmt":"2021-12-14T08:59:55","slug":"w-poszukiwaniu-odpornosci","status":"publish","type":"page","link":"https:\/\/webserie.phyto-victimes.eu\/pl\/odcinki\/w-poszukiwaniu-odpornosci\/","title":{"rendered":"w poszukiwaniu odporno\u015bci"},"content":{"rendered":"<section class=\"kc-elm kc-css-336512 kc_row v2_feature_section7\"><div class=\"kc-row-container  kc-container\"><div class=\"kc-wrap-columns\"><div class=\"kc-elm kc-css-559144 kc_col-sm-12 kc-animated kc-animate-eff-fadeIn kc-animate-delay-200 kc_column kc_col-sm-12\"><div class=\"kc-col-container\"><div class=\"kc-elm kc-css-598904 kc_text_block content-text\"><\/p>\n<p><strong>Dlaczego tak trudno jest zrezygnowa\u0107 z pestycyd\u00f3w? Rolnictwo jest jak statek oceaniczny. Wymaga czasu, aby zmieni\u0107 kurs.<\/strong><\/p>\n<p>Didier Roblet, Laurence Guichard, Olivier Coquard, Fabrice Micouraud nie czeka\u0142o na wielkie mowy o potrzebie \u201ezmiany modelu\u201d : eksperymentuj\u0105, testuj\u0105 technologie, wykorzystuj\u0105 naturalne funkcje swojego \u015brodowiska, \u0142\u0105cz\u0105 metody tradycyjne z narz\u0119dziami high-tech itd.<\/p>\n<p>Cz\u0119sto s\u0105 jedynymi osobami, kt\u00f3re podejmuj\u0105 ryzyko, w kontek\u015bcie, na kt\u00f3ry silnie oddzia\u0142uje model produktywistyczny.<\/p>\n<p>\n<\/div><\/div><\/div><\/div><\/div><\/section>\n","protected":false},"excerpt":{"rendered":"","protected":false},"author":1,"featured_media":4954,"parent":5167,"menu_order":0,"comment_status":"closed","ping_status":"closed","template":"page-episode.php","meta":[],"_links":{"self":[{"href":"https:\/\/webserie.phyto-victimes.eu\/pl\/wp-json\/wp\/v2\/pages\/5267"}],"collection":[{"href":"https:\/\/webserie.phyto-victimes.eu\/pl\/wp-json\/wp\/v2\/pages"}],"about":[{"href":"https:\/\/webserie.phyto-victimes.eu\/pl\/wp-json\/wp\/v2\/types\/page"}],"author":[{"embeddable":true,"href":"https:\/\/webserie.phyto-victimes.eu\/pl\/wp-json\/wp\/v2\/users\/1"}],"replies":[{"embeddable":true,"href":"https:\/\/webserie.phyto-victimes.eu\/pl\/wp-json\/wp\/v2\/comments?post=5267"}],"version-history":[{"count":7,"href":"https:\/\/webserie.phyto-victimes.eu\/pl\/wp-json\/wp\/v2\/pages\/5267\/revisions"}],"predecessor-version":[{"id":6523,"href":"https:\/\/webserie.phyto-victimes.eu\/pl\/wp-json\/wp\/v2\/pages\/5267\/revisions\/6523"}],"up":[{"embeddable":true,"href":"https:\/\/webserie.phyto-victimes.eu\/pl\/wp-json\/wp\/v2\/pages\/5167"}],"wp:featuredmedia":[{"embeddable":true,"href":"https:\/\/webserie.phyto-victimes.eu\/pl\/wp-json\/wp\/v2\/media\/4954"}],"wp:attachment":[{"href":"https:\/\/webserie.phyto-victimes.eu\/pl\/wp-json\/wp\/v2\/media?parent=5267"}],"curies":[{"name":"wp","href":"https:\/\/api.w.org\/{rel}","templated":true}]}}