{"id":5245,"date":"2021-05-04T09:54:32","date_gmt":"2021-05-04T07:54:32","guid":{"rendered":"https:\/\/phyto.bod-demo.fr\/?page_id=5245"},"modified":"2021-12-14T10:06:32","modified_gmt":"2021-12-14T09:06:32","slug":"opor-sie-organizuje","status":"publish","type":"page","link":"https:\/\/webserie.phyto-victimes.eu\/pl\/odcinki\/opor-sie-organizuje\/","title":{"rendered":"Op\u00f3r si\u0119 organizuje"},"content":{"rendered":"<section class=\"kc-elm kc-css-635176 kc_row v2_feature_section7\"><div class=\"kc-row-container  kc-container\"><div class=\"kc-wrap-columns\"><div class=\"kc-elm kc-css-895070 kc_col-sm-12 kc-animated kc-animate-eff-fadeIn kc-animate-delay-200 kc_column kc_col-sm-12\"><div class=\"kc-col-container\"><div class=\"kc-elm kc-css-576031 kc_text_block content-text\"><\/p>\n<h4>Ofiarom cz\u0119sto pomagaj\u0105 ich bliscy, ma\u0142\u017conkowie, dzieci i rodzina, kt\u00f3rzy na co dzie\u0144 odczuwaj\u0105 skutki choroby. U\u015bwiadomienie pochodzenia choroby, tj. stosowania pestycyd\u00f3w, cz\u0119sto wymaga wsparcia w celu uznania jej za chorob\u0119 zawodow\u0105.<\/h4>\n<p>W ten spos\u00f3b powsta\u0142o stowarzyszenie Phyto-Victimes. Aby si\u0119 wzajemnie mobilizowa\u0107, \u015bciga\u0107 winnych i aby \u201eto si\u0119 sko\u0144czy\u0142o\u201d, aby nie by\u0142o wi\u0119cej pacjent\u00f3w.<\/p>\n<p>We Francji cz\u0142onkowie parlamentu walcz\u0105 o wprowadzenie zakazu stosowania produkt\u00f3w fito i utworzenie funduszu odszkodowawczego dla ofiar. Jednak uznanie niekt\u00f3rych chor\u00f3b zwi\u0105zanych z pestycydami za choroby zawodowe jest skomplikowane. Walka o zdrowe \u015brodowisko dopiero si\u0119 rozpocz\u0119\u0142a.<\/p>\n<p>\n<\/div><\/div><\/div><\/div><\/div><\/section>\n","protected":false},"excerpt":{"rendered":"","protected":false},"author":1,"featured_media":4930,"parent":5167,"menu_order":0,"comment_status":"closed","ping_status":"closed","template":"page-episode.php","meta":[],"_links":{"self":[{"href":"https:\/\/webserie.phyto-victimes.eu\/pl\/wp-json\/wp\/v2\/pages\/5245"}],"collection":[{"href":"https:\/\/webserie.phyto-victimes.eu\/pl\/wp-json\/wp\/v2\/pages"}],"about":[{"href":"https:\/\/webserie.phyto-victimes.eu\/pl\/wp-json\/wp\/v2\/types\/page"}],"author":[{"embeddable":true,"href":"https:\/\/webserie.phyto-victimes.eu\/pl\/wp-json\/wp\/v2\/users\/1"}],"replies":[{"embeddable":true,"href":"https:\/\/webserie.phyto-victimes.eu\/pl\/wp-json\/wp\/v2\/comments?post=5245"}],"version-history":[{"count":7,"href":"https:\/\/webserie.phyto-victimes.eu\/pl\/wp-json\/wp\/v2\/pages\/5245\/revisions"}],"predecessor-version":[{"id":6534,"href":"https:\/\/webserie.phyto-victimes.eu\/pl\/wp-json\/wp\/v2\/pages\/5245\/revisions\/6534"}],"up":[{"embeddable":true,"href":"https:\/\/webserie.phyto-victimes.eu\/pl\/wp-json\/wp\/v2\/pages\/5167"}],"wp:featuredmedia":[{"embeddable":true,"href":"https:\/\/webserie.phyto-victimes.eu\/pl\/wp-json\/wp\/v2\/media\/4930"}],"wp:attachment":[{"href":"https:\/\/webserie.phyto-victimes.eu\/pl\/wp-json\/wp\/v2\/media?parent=5245"}],"curies":[{"name":"wp","href":"https:\/\/api.w.org\/{rel}","templated":true}]}}