{"id":5222,"date":"2016-09-21T01:54:16","date_gmt":"2016-09-20T23:54:16","guid":{"rendered":"https:\/\/phyto.bod-demo.fr\/?page_id=5222"},"modified":"2022-01-27T18:02:28","modified_gmt":"2022-01-27T17:02:28","slug":"sygnalisci","status":"publish","type":"page","link":"https:\/\/webserie.phyto-victimes.eu\/pl\/odcinki\/sygnalisci\/","title":{"rendered":"Sygnali\u015bci"},"content":{"rendered":"<section class=\"kc-elm kc-css-423590 kc_row v2_feature_section7\"><div class=\"kc-row-container  kc-container\"><div class=\"kc-wrap-columns\"><div class=\"kc-elm kc-css-211372 kc_col-sm-12 kc-animated kc-animate-eff-fadeIn kc-animate-delay-200 kc_column kc_col-sm-12\"><div class=\"kc-col-container\"><div class=\"kc-elm kc-css-279861 kc_text_block\"><\/p>\n<h4>Przyzwoito\u015b\u0107 dla jednych, wstyd dla innych. Choroba, a szerzej ka\u017cda forma s\u0142abo\u015bci lub trudno\u015bci zwykle jest skrywana, niewiele lub nic si\u0119 o niej nie m\u00f3wi. To realia \u015bwiata rolnictwa.<\/h4>\n<p>Jaka si\u0142a popchn\u0119\u0142a Jean-Marie, Serge&#8217;a czy Frederic do pokazania swoich twarzy, do z\u0142o\u017cenia zezna\u0144, do wypowiedzenia si\u0119 na temat swojej choroby i cierpie\u0144, kt\u00f3rych doznaj\u0105 ?<\/p>\n<p>Mimo spojrze\u0144 koleg\u00f3w, zmowy milczenia na temat chor\u00f3b zawodowych rolnik\u00f3w, tajemnic firm produkuj\u0105cych \u015brodki ochrony ro\u015blin, braku zrozumienia instytucji, postanowili nas ostrzec.<\/p>\n<p>\n<\/div><\/div><\/div><\/div><\/div><\/section>\n","protected":false},"excerpt":{"rendered":"","protected":false},"author":1,"featured_media":4984,"parent":5167,"menu_order":0,"comment_status":"closed","ping_status":"closed","template":"page-episode.php","meta":[],"_links":{"self":[{"href":"https:\/\/webserie.phyto-victimes.eu\/pl\/wp-json\/wp\/v2\/pages\/5222"}],"collection":[{"href":"https:\/\/webserie.phyto-victimes.eu\/pl\/wp-json\/wp\/v2\/pages"}],"about":[{"href":"https:\/\/webserie.phyto-victimes.eu\/pl\/wp-json\/wp\/v2\/types\/page"}],"author":[{"embeddable":true,"href":"https:\/\/webserie.phyto-victimes.eu\/pl\/wp-json\/wp\/v2\/users\/1"}],"replies":[{"embeddable":true,"href":"https:\/\/webserie.phyto-victimes.eu\/pl\/wp-json\/wp\/v2\/comments?post=5222"}],"version-history":[{"count":7,"href":"https:\/\/webserie.phyto-victimes.eu\/pl\/wp-json\/wp\/v2\/pages\/5222\/revisions"}],"predecessor-version":[{"id":6714,"href":"https:\/\/webserie.phyto-victimes.eu\/pl\/wp-json\/wp\/v2\/pages\/5222\/revisions\/6714"}],"up":[{"embeddable":true,"href":"https:\/\/webserie.phyto-victimes.eu\/pl\/wp-json\/wp\/v2\/pages\/5167"}],"wp:featuredmedia":[{"embeddable":true,"href":"https:\/\/webserie.phyto-victimes.eu\/pl\/wp-json\/wp\/v2\/media\/4984"}],"wp:attachment":[{"href":"https:\/\/webserie.phyto-victimes.eu\/pl\/wp-json\/wp\/v2\/media?parent=5222"}],"curies":[{"name":"wp","href":"https:\/\/api.w.org\/{rel}","templated":true}]}}