{"id":5184,"date":"2016-09-21T02:17:17","date_gmt":"2016-09-21T00:17:17","guid":{"rendered":"https:\/\/phyto.bod-demo.fr\/?page_id=5184"},"modified":"2022-01-27T14:41:57","modified_gmt":"2022-01-27T13:41:57","slug":"odbijac-sie-po-chorobie","status":"publish","type":"page","link":"https:\/\/webserie.phyto-victimes.eu\/pl\/odcinki\/odbijac-sie-po-chorobie\/","title":{"rendered":"Odbija\u0107 si\u0119 (po chorobie)"},"content":{"rendered":"<section class=\"kc-elm kc-css-410235 kc_row v2_feature_section7\"><div class=\"kc-row-container  kc-container\"><div class=\"kc-wrap-columns\"><div class=\"kc-elm kc-css-221321 kc_col-sm-12 kc-animated kc-animate-eff-fadeIn kc-animate-delay-200 kc_column kc_col-sm-12\"><div class=\"kc-col-container\"><div class=\"kc-elm kc-css-618262 kc_text_block content-text\"><\/p>\n<h4>Informacja o tym, \u017ce dotkn\u0119\u0142a nas powa\u017cna choroba jest brutalna. Nie spos\u00f3b powstrzyma\u0107 si\u0119 od poszukiwania przyczyny takiej sytuacji.<\/h4>\n<p>W najlepszym przypadku, lekarz stwierdzi zwi\u0105zek z nara\u017ceniem na pestycydy.<\/p>\n<p>Je\u015bli nie, diagnoza pozostanie bez wyja\u015bnienia lub, co gorsza, otrzyma etykiet\u0119 choroby psychicznej, podczas gdy istnieje wiele oznak wskazuj\u0105cych na to, \u017ce nara\u017cenie na pestycydy jest z pewno\u015bci\u0105 jej przyczyn\u0105.<\/p>\n<p>Potem zaczyna si\u0119 d\u0142uga walka, taka jak ta, kt\u00f3rej do\u015bwiadczy\u0142 Julien Guillard : codzienna walka z objawami i walka o uznanie choroby za chorob\u0119 zawodow\u0105. Julien d\u0105\u017cy do tego, aby \u201eto si\u0119 sko\u0144czy\u0142o\u201d, aby nie by\u0142o wi\u0119cej pacjent\u00f3w&#8230;<\/p>\n<p>\n<\/div><\/div><\/div><\/div><\/div><\/section>\n","protected":false},"excerpt":{"rendered":"","protected":false},"author":1,"featured_media":4960,"parent":5167,"menu_order":0,"comment_status":"closed","ping_status":"closed","template":"page-episode.php","meta":[],"_links":{"self":[{"href":"https:\/\/webserie.phyto-victimes.eu\/pl\/wp-json\/wp\/v2\/pages\/5184"}],"collection":[{"href":"https:\/\/webserie.phyto-victimes.eu\/pl\/wp-json\/wp\/v2\/pages"}],"about":[{"href":"https:\/\/webserie.phyto-victimes.eu\/pl\/wp-json\/wp\/v2\/types\/page"}],"author":[{"embeddable":true,"href":"https:\/\/webserie.phyto-victimes.eu\/pl\/wp-json\/wp\/v2\/users\/1"}],"replies":[{"embeddable":true,"href":"https:\/\/webserie.phyto-victimes.eu\/pl\/wp-json\/wp\/v2\/comments?post=5184"}],"version-history":[{"count":6,"href":"https:\/\/webserie.phyto-victimes.eu\/pl\/wp-json\/wp\/v2\/pages\/5184\/revisions"}],"predecessor-version":[{"id":6707,"href":"https:\/\/webserie.phyto-victimes.eu\/pl\/wp-json\/wp\/v2\/pages\/5184\/revisions\/6707"}],"up":[{"embeddable":true,"href":"https:\/\/webserie.phyto-victimes.eu\/pl\/wp-json\/wp\/v2\/pages\/5167"}],"wp:featuredmedia":[{"embeddable":true,"href":"https:\/\/webserie.phyto-victimes.eu\/pl\/wp-json\/wp\/v2\/media\/4960"}],"wp:attachment":[{"href":"https:\/\/webserie.phyto-victimes.eu\/pl\/wp-json\/wp\/v2\/media?parent=5184"}],"curies":[{"name":"wp","href":"https:\/\/api.w.org\/{rel}","templated":true}]}}