{"id":5163,"date":"2016-05-02T09:09:19","date_gmt":"2016-05-02T07:09:19","guid":{"rendered":"https:\/\/phyto.bod-demo.fr\/?page_id=5163"},"modified":"2021-05-12T15:20:06","modified_gmt":"2021-05-12T13:20:06","slug":"odkryj","status":"publish","type":"page","link":"https:\/\/webserie.phyto-victimes.eu\/pl\/odkryj\/","title":{"rendered":"Odkryj"},"content":{"rendered":"<p><section data-kc-equalheight=\"true\" data-kc-equalheight-align=\"middle\" class=\"kc-elm kc-css-901820 kc-animated kc-animate-eff-fadeIn kc_row feature_section1\"><div class=\"kc-row-container  kc-container  phyto-row-widthtext\"><div class=\"kc-wrap-columns\"><div class=\"kc-elm kc-css-256734 kc_col-sm-5 kc-animated kc-animate-eff-fadeIn kc-animate-delay-200 kc_column kc_col-sm-5 one-half wrpfeatures animated eff-fadeInRight delay-400ms circle-cont\"><div class=\"kc-col-container\"><div class=\"kc-elm kc-css-541720 kc_shortcode kc_single_image\">\n\n        <img src=\"https:\/\/webserie.phyto-victimes.eu\/wp-content\/uploads\/2021\/04\/decouvrir1.jpg\" class=\"\" alt=\"\" \/>    <\/div>\n<\/div><\/div><div class=\"kc-elm kc-css-241559 kc_col-sm-7 kc-animated kc-animate-eff-fadeIn kc-animate-delay-200 kc_column kc_col-sm-7 welcome-left\"><div class=\"kc-col-container\">\n<div class=\"kc-elm kc-css-445078 kc-title-wrap \">\n\n\t<h4 class=\"kc_title title-style2\">Stowarzyszenie Phyto-Victimes zosta\u0142o utworzone w 2011 roku przez grup\u0119 profesjonalist\u00f3w, kt\u00f3rzy choruj\u0105 z powodu pestycyd\u00f3w. <\/h4>\n<\/div>\n<\/div><\/div><\/div><\/div><\/section><section class=\"kc-elm kc-css-718707 kc_row\"><div class=\"kc-row-container  kc-container  phyto-row-widthtext\"><div class=\"kc-wrap-columns\"><div class=\"kc-elm kc-css-734092 kc_col-sm-12 kc-animated kc-animate-eff-fadeIn kc_column kc_col-sm-12\"><div class=\"kc-col-container\"><div class=\"kc-elm kc-css-343180 kc_text_block content-text\"><\/p>\n<p>Dzi\u015b przewodniczy mu Antoine Lambert, rolnik z Normandii, ale przez prawie 8 lat kierowa\u0142 ni\u0105 Paul Fran\u00e7ois, rolnik, kt\u00f3ry udowodni\u0142 odpowiedzialno\u015b\u0107 Monsanto po zatruciu herbicydem tej firmy.<\/p>\n<p>Nasze stowarzyszenie ma 500 cz\u0142onk\u00f3w w ca\u0142ej Francji, g\u0142\u00f3wnie rolnik\u00f3w, kt\u00f3rzy choruj\u0105 z powodu pestycyd\u00f3w.<\/p>\n<p>Jest to jedyne krajowe stowarzyszenie, kt\u00f3re pomaga ofiarom w ich procedurach administracyjnych i prawnych oraz podnosi \u015bwiadomo\u015b\u0107 wp\u0142ywu pestycyd\u00f3w na zdrowie ludzkie i \u015brodowisko.<\/p>\n<p>Od 2011 roku Phyto-Victimes postawi\u0142o sobie za cel pomoc rolnikom i pracownikom rolnym; pracownikom bran\u017cy 3D (deratyzacja, dezynfekcja, dezynsekcja); technikom sp\u00f3\u0142dzielni; architektom zieleni; ogrodnikom; pracownikom przemys\u0142u drzewnego itp. Cierpi\u0105cym na takie choroby jak choroba Parkinsona, r\u00f3\u017cne nowotwory (ch\u0142oniak(i), krwi, prostaty, p\u0119cherza moczowego itp.), uczulenia na produkty chemiczne itp<\/p>\n<p>Specyfika stowarzyszenia, kt\u00f3ra jest do\u015b\u0107 niezwyk\u0142a w\u015br\u00f3d zawodowych stowarzysze\u0144 wspierania ofiar, polega na tym, \u017ce wspieramy zar\u00f3wno pracownik\u00f3w nieetatowych, jak i pracownik\u00f3w najemnych.<\/p>\n<p>Te dzia\u0142ania wspieraj\u0105ce s\u0105 uzupe\u0142nieniem dzia\u0142a\u0144 instytucji ubezpiecze\u0144 spo\u0142ecznych.<\/p>\n<p>Pomagamy ofiarom, kt\u00f3re s\u0105 obj\u0119te r\u00f3\u017cnymi systemami ochrony socjalnej (system og\u00f3lny, system rolniczy, system s\u0142u\u017cby cywilnej, systemy specjalne). Stowarzyszenie Phyto-Victimes wype\u0142nia zatem misj\u0119 publiczn\u0105.<\/p>\n<p>W zwi\u0105zku z tym procedur\u0119 przeprowadza ofiara (lub jej bliscy). Problem ofiar pestycyd\u00f3w jest bardzo trudny do sformu\u0142owania, szczeg\u00f3lnie w \u015bwiecie rolnictwa, dlatego staramy si\u0119, aby ka\u017cda osoba czu\u0142a si\u0119 mile widziana, bez os\u0105dzania i stwarzania poczucia winy.<\/p>\n<p>\n<\/div><\/div><\/div><\/div><\/div><\/section><section data-kc-equalheight=\"true\" data-kc-equalheight-align=\"middle\" class=\"kc-elm kc-css-539445 kc_row feature_section1\"><div class=\"kc-row-container  kc-container  phyto-row-widthtext\"><div class=\"kc-wrap-columns\"><div class=\"kc-elm kc-css-416466 kc_col-sm-8 kc-animated kc-animate-eff-fadeIn kc-animate-delay-200 kc_column kc_col-sm-8 welcome-left\"><div class=\"kc-col-container\">\n<div class=\"kc-elm kc-css-667815 kc-title-wrap \">\n\n\t<h2 class=\"kc_title\">KONTEKST<\/h2>\n<\/div>\n<\/div><\/div><div class=\"kc-elm kc-css-781525 kc_col-sm-4 kc-animated kc-animate-eff-fadeIn kc-animate-delay-200 kc_column kc_col-sm-4 one-half wrpfeatures animated eff-fadeInRight delay-400ms circle-cont\"><div class=\"kc-col-container\"><div class=\"kc-elm kc-css-276063 kc_shortcode kc_single_image\">\n\n        <img src=\"https:\/\/webserie.phyto-victimes.eu\/wp-content\/uploads\/2021\/04\/decouvrir2.jpg\" class=\"\" alt=\"\" \/>    <\/div>\n<\/div><\/div><\/div><\/div><\/section><section class=\"kc-elm kc-css-552726 kc_row\"><div class=\"kc-row-container  kc-container  phyto-row-widthtext\"><div class=\"kc-wrap-columns\"><div class=\"kc-elm kc-css-667419 kc_col-sm-12 kc-animated kc-animate-eff-fadeIn kc_column kc_col-sm-12\"><div class=\"kc-col-container\">\n<div class=\"kc-elm kc-css-415050 kc-title-wrap \">\n\n\t<h4 class=\"kc_title\">Czy jutro wszyscy staniemy si\u0119 ofiarami \u015brodk\u00f3w ochrony ro\u015blin ?<\/h4>\n<\/div>\n<div class=\"kc-elm kc-css-201836 kc_text_block content-text\"><\/p>\n<p>Francja jest jednym z kraj\u00f3w o najwi\u0119kszym zu\u017cyciu pestycyd\u00f3w w Europie.<\/p>\n<p>W ostatnich latach oficjalnie uznano, \u017ce choroby takie jak choroba Parkinsona i niekt\u00f3re nowotwory hematologiczne s\u0105 zwi\u0105zane ze stosowaniem pestycyd\u00f3w.<\/p>\n<p>Ponadto coraz cz\u0119\u015bciej pojawiaj\u0105 si\u0119 ostrze\u017cenia o mo\u017cliwych zwi\u0105zkach z rakiem prostaty, p\u0119cherza moczowego i sk\u00f3ry, guzami m\u00f3zgu, chorob\u0105 Alzheimera, nadwra\u017cliwo\u015bci\u0105 chemiczn\u0105, zaburzeniami reprodukcji i rozwoju dzieci.<\/p>\n<p>Rolnicy, kt\u00f3rzy s\u0105 ofiarami pestycyd\u00f3w \u2013 pierwsi, kt\u00f3rzy ucierpieli \u2013 alarmuj\u0105 nas o niedostatecznym uznawaniu ofiar i niebezpiecznej naturze produkt\u00f3w.<\/p>\n<p>\n<\/div><\/div><\/div><\/div><\/div><\/section><section class=\"kc-elm kc-css-497038 kc_row\"><div class=\"kc-row-container  kc-container  phyto-row-widthtext\"><div class=\"kc-wrap-columns\"><div class=\"kc-elm kc-css-961903 kc_col-sm-12 kc-animated kc-animate-eff-fadeIn kc_column kc_col-sm-12\"><div class=\"kc-col-container\">\n<div class=\"kc-elm kc-css-781553 kc-title-wrap \">\n\n\t<h4 class=\"kc_title\">Dlaczego nie zaprzestajemy stosowania pestycyd\u00f3w w rolnictwie ?<\/h4>\n<\/div>\n<div class=\"kc-elm kc-css-708350 kc_text_block content-text\"><\/p>\n<p>To nie jest takie proste do wprowadzenia. Dzisiejszy system produktywistyczny nie sprzyja zmianom. To nie jest tylko kwestia indywidualna, ale zbiorowa. W rzeczywisto\u015bci sprawa dotyczy nas wszystkich, zar\u00f3wno rolnik\u00f3w, jak i konsument\u00f3w.<\/p>\n<p>\n<\/div><\/div><\/div><\/div><\/div><\/section><section class=\"kc-elm kc-css-563402 kc_row\"><div class=\"kc-row-container  kc-container  phyto-row-widthtext\"><div class=\"kc-wrap-columns\"><div class=\"kc-elm kc-css-655751 kc_col-sm-12 kc-animated kc-animate-eff-fadeIn kc_column kc_col-sm-12\"><div class=\"kc-col-container\">\n<div class=\"kc-elm kc-css-516427 kc-title-wrap \">\n\n\t<h4 class=\"kc_title\">Kto jest odpowiedzialny ?<\/h4>\n<\/div>\n<div class=\"kc-elm kc-css-370994 kc_text_block content-text\"><\/p>\n<p>Rolnicy wpadli w b\u0142\u0119dne ko\u0142o. Zad\u0142u\u017cenie, aby m\u00f3c produkowa\u0107 i stosowa\u0107 \u015brodki ochrony ro\u015blin na masow\u0105 skal\u0119, jest czasem jedynym sposobem na utrzymanie gospodarstwa na powierzchni.<\/p>\n<p>Odpowiedzialno\u015b\u0107 dzieli si\u0119 mi\u0119dzy pa\u0144stwo a przedsi\u0119biorstwa produkuj\u0105ce \u015brodki ochrony ro\u015blin.<\/p>\n<p>Dzisiaj producenci rolni cierpi\u0105, choruj\u0105 i rzadko otrzymuj\u0105 odszkodowania. Problem dotyka r\u00f3wnie\u017c ich otoczenia. Nale\u017cy wprowadzi\u0107 skuteczny system odszkodowa\u0144 i zapobiegania. Wybory konsumenckie maj\u0105 zasadnicze znaczenie dla wsparcia zmiany, dawne programy polityczne wprowadzone po wojnie w celu modernizacji rolnictwa nie s\u0105 ju\u017c dzi\u015b aktualne.<\/p>\n<p>\n<\/div><\/div><\/div><\/div><\/div><\/section><\/p>\n","protected":false},"excerpt":{"rendered":"","protected":false},"author":1,"featured_media":5165,"parent":0,"menu_order":0,"comment_status":"closed","ping_status":"closed","template":"page-head-back.php","meta":[],"_links":{"self":[{"href":"https:\/\/webserie.phyto-victimes.eu\/pl\/wp-json\/wp\/v2\/pages\/5163"}],"collection":[{"href":"https:\/\/webserie.phyto-victimes.eu\/pl\/wp-json\/wp\/v2\/pages"}],"about":[{"href":"https:\/\/webserie.phyto-victimes.eu\/pl\/wp-json\/wp\/v2\/types\/page"}],"author":[{"embeddable":true,"href":"https:\/\/webserie.phyto-victimes.eu\/pl\/wp-json\/wp\/v2\/users\/1"}],"replies":[{"embeddable":true,"href":"https:\/\/webserie.phyto-victimes.eu\/pl\/wp-json\/wp\/v2\/comments?post=5163"}],"version-history":[{"count":4,"href":"https:\/\/webserie.phyto-victimes.eu\/pl\/wp-json\/wp\/v2\/pages\/5163\/revisions"}],"predecessor-version":[{"id":5522,"href":"https:\/\/webserie.phyto-victimes.eu\/pl\/wp-json\/wp\/v2\/pages\/5163\/revisions\/5522"}],"wp:featuredmedia":[{"embeddable":true,"href":"https:\/\/webserie.phyto-victimes.eu\/pl\/wp-json\/wp\/v2\/media\/5165"}],"wp:attachment":[{"href":"https:\/\/webserie.phyto-victimes.eu\/pl\/wp-json\/wp\/v2\/media?parent=5163"}],"curies":[{"name":"wp","href":"https:\/\/api.w.org\/{rel}","templated":true}]}}