{"id":5126,"date":"2021-03-30T16:42:10","date_gmt":"2021-03-30T14:42:10","guid":{"rendered":"https:\/\/phyto.bod-demo.fr\/?page_id=5126"},"modified":"2021-05-17T12:12:51","modified_gmt":"2021-05-17T10:12:51","slug":"udzial-wzieli","status":"publish","type":"page","link":"https:\/\/webserie.phyto-victimes.eu\/pl\/udzial-wzieli\/","title":{"rendered":"Udzia\u0142 wzi\u0119li"},"content":{"rendered":"<p><section class=\"kc-elm kc-css-513109 kc_row\"><div class=\"kc-row-container  kc-container\"><div class=\"kc-wrap-columns\"><div class=\"kc-elm kc-css-344061 kc_col-sm-12 kc_column kc_col-sm-12\"><div class=\"kc-col-container\"><div class=\"kc-elm kc-css-622381 kc_text_block block-link-underline\"><\/p>\n<h5 style=\"text-align: center; font-size: 18px; font-weight: 600;\">Re\u017cyseria<\/h5>\n<p style=\"text-align: center; font-size: 14px;\"><a href=\"https:\/\/www.collectifargos.com\/\" target=\"_blank\" rel=\"noopener noreferrer\">COLLECTIF ARGOS<\/a> \/ GUILLAUME COLLANGES<br \/>\net SEBASTIEN DAYCARD-HEID<\/p>\n<h5 style=\"text-align: center; font-size: 18px; font-weight: 600;\">Monta\u017c i kadrowanie<\/h5>\n<p style=\"text-align: center; font-size: 14px;\">GUILLAUME COLLANGES<\/p>\n<h5 style=\"text-align: center; font-size: 18px; font-weight: 600;\">Redakcja<\/h5>\n<p style=\"text-align: center; font-size: 14px;\">SEBASTIEN DAYCARD-HEID<br \/>\net <a href=\"https:\/\/lasouriscourttoujours.fr\/\" target=\"_blank\" rel=\"noopener noreferrer\">LA SOURIS COURT TOUJOURS<\/a> \/ SYLVIE HURON<\/p>\n<h5 style=\"text-align: center; font-size: 18px; font-weight: 600;\">Webdesign<\/h5>\n<p style=\"text-align: center; font-size: 14px;\"><a href=\"https:\/\/www.elephant-interactive.com\/\" target=\"_blank\" rel=\"noopener noreferrer\">ELEPHANT INTERACTIVE<\/a> \/ JEROME PIDOUX<\/p>\n<h5 style=\"text-align: center; font-size: 18px; font-weight: 600;\">Rozw\u00f3j<\/h5>\n<p style=\"text-align: center; font-size: 14px;\"><a href=\"https:\/\/blue-origami-digital.com\/\" target=\"_blank\" rel=\"noopener noreferrer\">BLUE ORIGAMI DIGITAL<\/a> \/ RENAUD HAMELIN<\/p>\n<h5 style=\"text-align: center; font-size: 18px; font-weight: 600;\">Produkcja<\/h5>\n<p style=\"text-align: center; font-size: 14px;\"><a href=\"https:\/\/www.phyto-victimes.fr\/\" target=\"_blank\" rel=\"noopener noreferrer\">ASSOCIATION PHYTO-VICTIMES<\/a> \/ EMMA GAUTIER<br \/>\net DIANE BANDERLY<\/p>\n<h5 style=\"text-align: center; font-size: 18px; font-weight: 600;\">Fotki<\/h5>\n<p style=\"text-align: center; font-size: 14px;\"><a href=\"http:\/\/anaisondet.com\/\" target=\"_blank\" rel=\"noopener noreferrer\">ANAIS ONDET<\/a>\u00a0et <a href=\"https:\/\/olivierguitard.fr\/\" target=\"_blank\" rel=\"noopener noreferrer\">OLIVIER GUITARD<\/a><\/p>\n<p>\n<\/div><\/div><\/div><\/div><\/div><\/section><section class=\"kc-elm kc-css-339752 kc_row\"><div class=\"kc-row-container  kc-container\"><div class=\"kc-wrap-columns\"><div class=\"kc-elm kc-css-792909 kc_col-sm-12 kc_column kc_col-sm-12\"><div class=\"kc-col-container\">\n<div class=\"kc-elm kc-css-726919 kc-title-wrap \">\n\n\t<h4 class=\"kc_title\">Dzi\u0119kuj\u0119 wszystkim uczestnikom za ich \u015bwiadectwo, przyj\u0119cie i po\u015bwi\u0119cony czas. Dzi\u0119kujemy r\u00f3wnie\u017c naszym partnerom i sponsorom, bez kt\u00f3rych ta seria nie mog\u0142aby zaistnie\u0107.<\/h4>\n<\/div>\n<\/div><\/div><\/div><\/div><\/section><section class=\"kc-elm kc-css-370068 kc_row\"><div class=\"kc-row-container  kc-container\"><div class=\"kc-wrap-columns\"><div class=\"kc-elm kc-css-905516 kc_col-sm-3 kc_column kc_col-sm-3\"><div class=\"kc-col-container\"><div class=\"kc-elm kc-css-535784 kc_shortcode kc_single_image\">\n\n        <a  href=\"https:\/\/oakfnd.org\/\" title=\"\" target=\"_blank\">\n        <img src=\"https:\/\/webserie.phyto-victimes.eu\/wp-content\/uploads\/2021\/04\/oakColor-1.jpg\" class=\"\" alt=\"\" \/>    <\/a>\n    <\/div>\n<\/div><\/div><div class=\"kc-elm kc-css-262824 kc_col-sm-3 kc_column kc_col-sm-3\"><div class=\"kc-col-container\"><div class=\"kc-elm kc-css-842467 kc_shortcode kc_single_image\">\n\n        <a  href=\"https:\/\/www.fondationcarasso.org\/\" title=\"\" target=\"_blank\">\n        <img src=\"https:\/\/webserie.phyto-victimes.eu\/wp-content\/uploads\/2021\/04\/carassoCol-2.jpg\" class=\"\" alt=\"\" \/>    <\/a>\n    <\/div>\n<\/div><\/div><div class=\"kc-elm kc-css-906360 kc_col-sm-3 kc_column kc_col-sm-3\"><div class=\"kc-col-container\"><div class=\"kc-elm kc-css-164593 kc_shortcode kc_single_image\">\n\n        <a  href=\"https:\/\/fondation-mecenat-leanature.org\/\" title=\"\" target=\"_blank\">\n        <img src=\"https:\/\/webserie.phyto-victimes.eu\/wp-content\/uploads\/2021\/04\/leacol-2.jpg\" class=\"\" alt=\"\" \/>    <\/a>\n    <\/div>\n<\/div><\/div><div class=\"kc-elm kc-css-298703 kc_col-sm-3 kc_column kc_col-sm-3\"><div class=\"kc-col-container\"><div class=\"kc-elm kc-css-464270 kc_shortcode kc_single_image\">\n\n        <a  href=\"https:\/\/www.ecologie.gouv.fr\/\" title=\"\" target=\"_blank\">\n        <img src=\"https:\/\/webserie.phyto-victimes.eu\/wp-content\/uploads\/2021\/05\/Ministere_Transition_Ecologique_Solidaire100.jpg\" class=\"\" alt=\"\" \/>    <\/a>\n    <\/div>\n<\/div><\/div><\/div><\/div><\/section><section class=\"kc-elm kc-css-763282 kc_row\"><div class=\"kc-row-container  kc-container\"><div class=\"kc-wrap-columns\"><div class=\"kc-elm kc-css-961476 kc_col-sm-3 kc_column kc_col-sm-3\"><div class=\"kc-col-container\"><div class=\"kc-elm kc-css-985302 kc_shortcode kc_single_image\">\n\n        <a  href=\"https:\/\/www.nouvelle-aquitaine.fr\/#gref\" title=\"\" target=\"_blank\">\n        <img src=\"https:\/\/webserie.phyto-victimes.eu\/wp-content\/uploads\/2021\/04\/nouvellecol-1.jpg\" class=\"\" alt=\"\" \/>    <\/a>\n    <\/div>\n<\/div><\/div><div class=\"kc-elm kc-css-279813 kc_col-sm-3 kc_column kc_col-sm-3\"><div class=\"kc-col-container\"><div class=\"kc-elm kc-css-157460 kc_shortcode kc_single_image\">\n\n        <a  href=\"https:\/\/agriculture.gouv.fr\/\" title=\"\" target=\"_blank\">\n        <img src=\"https:\/\/webserie.phyto-victimes.eu\/wp-content\/uploads\/2021\/04\/gouvcol-2.jpg\" class=\"\" alt=\"\" \/>    <\/a>\n    <\/div>\n<\/div><\/div><div class=\"kc-elm kc-css-789282 kc_col-sm-3 kc_column kc_col-sm-3\"><div class=\"kc-col-container\"><div class=\"kc-elm kc-css-147822 kc_shortcode kc_single_image\">\n\n        <a  href=\"https:\/\/www.env-health.org\/\" title=\"\" target=\"_blank\">\n        <img src=\"https:\/\/webserie.phyto-victimes.eu\/wp-content\/uploads\/2021\/04\/healcol-2.jpg\" class=\"\" alt=\"\" \/>    <\/a>\n    <\/div>\n<\/div><\/div><div class=\"kc-elm kc-css-305172 kc_col-sm-3 kc_column kc_col-sm-3\"><div class=\"kc-col-container\"><\/div><\/div><\/div><\/div><\/section><\/p>\n","protected":false},"excerpt":{"rendered":"","protected":false},"author":1,"featured_media":5136,"parent":0,"menu_order":0,"comment_status":"closed","ping_status":"closed","template":"page-head-back.php","meta":[],"_links":{"self":[{"href":"https:\/\/webserie.phyto-victimes.eu\/pl\/wp-json\/wp\/v2\/pages\/5126"}],"collection":[{"href":"https:\/\/webserie.phyto-victimes.eu\/pl\/wp-json\/wp\/v2\/pages"}],"about":[{"href":"https:\/\/webserie.phyto-victimes.eu\/pl\/wp-json\/wp\/v2\/types\/page"}],"author":[{"embeddable":true,"href":"https:\/\/webserie.phyto-victimes.eu\/pl\/wp-json\/wp\/v2\/users\/1"}],"replies":[{"embeddable":true,"href":"https:\/\/webserie.phyto-victimes.eu\/pl\/wp-json\/wp\/v2\/comments?post=5126"}],"version-history":[{"count":7,"href":"https:\/\/webserie.phyto-victimes.eu\/pl\/wp-json\/wp\/v2\/pages\/5126\/revisions"}],"predecessor-version":[{"id":5550,"href":"https:\/\/webserie.phyto-victimes.eu\/pl\/wp-json\/wp\/v2\/pages\/5126\/revisions\/5550"}],"wp:featuredmedia":[{"embeddable":true,"href":"https:\/\/webserie.phyto-victimes.eu\/pl\/wp-json\/wp\/v2\/media\/5136"}],"wp:attachment":[{"href":"https:\/\/webserie.phyto-victimes.eu\/pl\/wp-json\/wp\/v2\/media?parent=5126"}],"curies":[{"name":"wp","href":"https:\/\/api.w.org\/{rel}","templated":true}]}}