{"id":5034,"date":"2016-04-13T04:31:11","date_gmt":"2016-04-13T02:31:11","guid":{"rendered":"https:\/\/phyto.bod-demo.fr\/demo-version-1-2\/"},"modified":"2021-06-15T12:26:51","modified_gmt":"2021-06-15T10:26:51","slug":"demo-version-1-2","status":"publish","type":"page","link":"https:\/\/webserie.phyto-victimes.eu\/pl\/","title":{"rendered":"Strona g\u0142\u00f3wna"},"content":{"rendered":"<p><section class=\"kc-elm kc-css-557033 kc_row main-hp-head\"><div class=\"kc-row-container\"><div class=\"kc-wrap-columns\"><div class=\"kc-elm kc-css-75492 kc_col-sm-12 kc_column kc_col-sm-12\"><div class=\"kc-col-container\"><div class=\"widget master-slider-main-widget kc-elm kc-css-389556\">\n\t\t<!-- MasterSlider -->\n\t\t<div id=\"P_MS69e6470685173\" class=\"master-slider-parent ms-parent-id-1\"  >\n\n\t\t\t\n\t\t\t<!-- MasterSlider Main -->\n\t\t\t<div id=\"MS69e6470685173\" class=\"master-slider ms-skin-default\" >\n\t\t\t\t \t\t\t\t \n\t\t\t<div id=\"main-home-layer-1\" class=\"ms-slide\" data-delay=\"4\" data-fill-mode=\"fill\"  >\n\t\t\t\t\t<img src=\"https:\/\/webserie.phyto-victimes.eu\/wp-content\/plugins\/masterslider\/public\/assets\/css\/blank.gif\" alt=\"\" title=\"\" data-src=\"https:\/\/webserie.phyto-victimes.eu\/wp-content\/uploads\/2021\/06\/Photo-pour-t\u00e9l\u00e9phone-si-Phyto.jpg\" \/>\n\t<video data-autopause=\"false\" data-mute=\"true\" data-loop=\"true\" data-fill-mode=\"fill\" >\n\t\t<source src=\"https:\/\/webserie.phyto-victimes.eu\/wp-content\/uploads\/2021\/05\/Film-Home-page-vignetage-6-05-21.mp4\" type=\"video\/mp4\"\/>\n\t<\/video>\n\n\t\t\t\t\t<div  class=\"ms-layer main_text1 msp-cn-1-42\" style=\"\"   data-effect=\"t(true,n,45,n,n,n,n,n,n,n,n,n,n,n,n)\" data-duration=\"1800\"  data-ease=\"easeOutExpo\"                data-offset-x=\"0\" data-offset-y=\"-80\" data-origin=\"mc\" data-position=\"normal\" >\n<span class=\"top\">PHYTO-VICTIMES<\/span><\/div>\n\n\t\t\t\t\t<div  class=\"ms-layer main_text2 msp-cn-1-45\" style=\"width:600px;\"   data-effect=\"t(true,n,n,45,n,n,n,n,n,n,n,n,n,n,n)\" data-duration=\"1800\" data-delay=\"600\" data-ease=\"easeOutExpo\"                data-offset-x=\"0\" data-offset-y=\"46\" data-origin=\"mc\" data-position=\"normal\" >\nWalka o uznanie<\/div>\n\n\t\t\t\t\t<div  class=\"ms-layer arow-down msp-cn-1-43\" style=\"\"   data-effect=\"t(true,n,n,45,n,n,n,n,n,n,n,n,n,n,n)\" data-duration=\"1800\" data-delay=\"600\" data-ease=\"easeOutExpo\"                data-offset-x=\"0\" data-offset-y=\"0\" data-origin=\"bc\" data-position=\"normal\" >\n<\/div>\n\n\t\t\t\t\t<a id=\"btn-see-detail\" href=\"javascript:void(0);\" target=\"_self\" class=\"ms-layer universe-slider-btn btn-white msp-cn-1-44 ms-btn ms-btn-box ms-btn-n msp-preset-btn-159\" data-effect=\"t(true,n,n,n,n,n,n,n,1.5,1.6,n,n,n,n,n)\" data-duration=\"1800\" data-delay=\"200\" data-ease=\"easeInOutExpo\"        data-type=\"button\"        data-offset-x=\"0\" data-offset-y=\"311\" data-origin=\"mc\" data-position=\"normal\"   >\nzobacz zwiastun<\/a>\n\n\t\t\t\t\t<div  class=\"ms-layer hp-slider-scrolldown\" style=\"\"      data-ease=\"easeOutQuint\"        data-type=\"hotspot\"  data-align=\"top\" data-stay-hover=\"false\" data-width=\"0\" data-target=\"_self\"   data-offset-x=\"660\" data-offset-y=\"772\" data-origin=\"tl\" data-position=\"normal\" >\n<\/div>\n\n\n\t\t\t\t<\/div>\n\n\t\t\t<\/div>\n\t\t\t<!-- END MasterSlider Main -->\n\n\t\t\t \n\t\t<\/div>\n\t\t<!-- END MasterSlider -->\n\n\t\t<script>\n\t\t( window.MSReady = window.MSReady || [] ).push( function( $ ) {\n\n\t\t\t\"use strict\";\n\t\t\tvar masterslider_5173 = new MasterSlider();\n\n\t\t\t\/\/ slider controls\n\t\t\t\/\/ slider setup\n\t\t\tmasterslider_5173.setup(\"MS69e6470685173\", {\n\t\t\t\twidth           : 1330,\n\t\t\t\theight          : 820,\n\t\t\t\tminHeight       : 820,\n\t\t\t\tspace           : 0,\n\t\t\t\tstart           : 1,\n\t\t\t\tgrabCursor      : true,\n\t\t\t\tswipe           : false,\n\t\t\t\tmouse           : true,\n\t\t\t\tkeyboard        : false,\n\t\t\t\tlayout          : \"fullwidth\",\n\t\t\t\twheel           : false,\n\t\t\t\tautoplay        : true,\n\t\t\t\tinstantStartLayers:false,\n\t\t\t\tloop            : true,\n\t\t\t\tshuffle         : false,\n\t\t\t\tpreload         : 1,\n\t\t\t\theightLimit     : true,\n\t\t\t\tautoHeight      : true,\n\t\t\t\tsmoothHeight    : true,\n\t\t\t\tendPause        : false,\n\t\t\t\toverPause       : true,\n\t\t\t\tfillMode        : \"fill\",\n\t\t\t\tcenterControls  : true,\n\t\t\t\tstartOnAppear   : true,\n\t\t\t\tlayersMode      : \"center\",\n\t\t\t\tautofillTarget  : \"\",\n\t\t\t\thideLayers      : false,\n\t\t\t\tfullscreenMargin: 0,\n\t\t\t\tspeed           : 50,\n\t\t\t\tdir             : \"h\",\n\t\t\t\tparallaxMode    : 'swipe',\n\t\t\t\tview            : \"parallaxMask\"\n\t\t\t});\n\n\t\t\t\n\t\t\t$(\"head\").append( \"<link rel='stylesheet' id='ms-fonts'  href='\/\/fonts.googleapis.com\/css?family=Josefin+Sans:700,600' type='text\/css' media='all' \/>\" );\n\n\t\t\twindow.masterslider_instances = window.masterslider_instances || [];\n\t\t\twindow.masterslider_instances.push( masterslider_5173 );\n\t\t});\n\t\t<\/script>\n\n<\/div><div class=\"kc-elm kc-css-288700 kc-raw-code\">\n\n<div class=\"hp-video-container\">\n    <div class=\"phyto-episode\">\n        <div id=\"videoparent\">\n                            <div class=\"no-youtube\">\n                    Przykro nam, ale poniewa\u017c nie akceptujesz plik\u00f3w cookie, nie mo\u017cemy zaoferowa\u0107 Ci naszych film\u00f3w na Youtube.                     <br>\n                    Je\u015bli chcesz zmieni\u0107 zdanie: <br> <a href='\/pl' data-cli_action=\"accept\" id=\"CONSTANT_OPEN_URL\"  class=\"medium cli-plugin-button cli-plugin-main-button cookie_action_close_header cli_action_button\" style=\"display:inline-block; \">Przyjmij<\/a>                    <br><br> <a href=\"https:\/\/policies.google.com\/privacy?hl=fr&gl=fr\" target=\"_blank\" class=\"cookies-more wide\">- Wi\u0119cej informacji mo\u017cna znale\u017a\u0107 w polityce YouTube dotycz\u0105cej plik\u00f3w cookie.<\/a><\/a>                <\/div>\n                    <\/div>\n    <\/div>\n<\/div>\n<\/div><\/div><\/div><\/div><\/div><\/section><section id=\"logos-left\" class=\"kc-elm kc-css-700845 kc_row slider-logos-container\"><div class=\"kc-row-container\"><div class=\"kc-wrap-columns\"><div class=\"kc-elm kc-css-890531 kc_col-sm-12 kc_column kc_col-sm-12\"><div class=\"slider-left-col kc-col-container\"><div class=\"kc-elm kc-css-355775 kc_shortcode kc_single_image phyto-logo-head\">\n\n        <img src=\"https:\/\/webserie.phyto-victimes.eu\/wp-content\/uploads\/2021\/04\/AK-69x37xc.png\" class=\"\" alt=\"\" \/>    <\/div>\n<div class=\"kc-elm kc-css-955508 kc_shortcode kc_single_image phyto-logo-head\">\n\n        <img src=\"https:\/\/webserie.phyto-victimes.eu\/wp-content\/uploads\/2021\/04\/carasso.png\" class=\"\" alt=\"\" \/>    <\/div>\n<div class=\"kc-elm kc-css-921974 kc_shortcode kc_single_image phyto-logo-head\">\n\n        <img src=\"https:\/\/webserie.phyto-victimes.eu\/wp-content\/uploads\/2021\/04\/FondationLeaNature.png\" class=\"\" alt=\"\" \/>    <\/div>\n<div class=\"kc-elm kc-css-637708 kc_shortcode kc_single_image phyto-logo-head\">\n\n        <img src=\"https:\/\/webserie.phyto-victimes.eu\/wp-content\/uploads\/2021\/04\/heal.png\" class=\"\" alt=\"\" \/>    <\/div>\n<\/div><\/div><\/div><\/div><\/section><section id=\"logos-right\" class=\"kc-elm kc-css-234031 kc_row slider-logos-container logo-right-block\"><div class=\"kc-row-container\"><div class=\"kc-wrap-columns\"><div class=\"kc-elm kc-css-805853 kc_col-sm-12 kc_column kc_col-sm-12\"><div class=\"slider-right-col kc-col-container\"><div class=\"kc-elm kc-css-765107 kc_shortcode kc_single_image phyto-logo-head\">\n\n        <img src=\"https:\/\/webserie.phyto-victimes.eu\/wp-content\/uploads\/2021\/04\/ministere-1.png\" class=\"\" alt=\"\" \/>    <\/div>\n<div class=\"kc-elm kc-css-630214 kc_shortcode kc_single_image phyto-logo-head\">\n\n        <img src=\"https:\/\/webserie.phyto-victimes.eu\/wp-content\/uploads\/2021\/04\/ministere62.png\" class=\"\" alt=\"\" \/>    <\/div>\n<div class=\"kc-elm kc-css-873745 kc_shortcode kc_single_image phyto-logo-head\">\n\n        <img src=\"https:\/\/webserie.phyto-victimes.eu\/wp-content\/uploads\/2021\/04\/nouvellaquitaine-55x74xc.png\" class=\"\" alt=\"\" \/>    <\/div>\n<\/div><\/div><\/div><\/div><\/section><section class=\"kc-elm kc-css-464413 kc_row uni-section-58\"><div class=\"kc-row-container  kc-container  intro-home\"><div class=\"kc-wrap-columns\"><div class=\"kc-elm kc-css-158824 kc_col-sm-12 kc-animated kc-animate-eff-fadeIn kc_column kc_col-sm-12\"><div class=\"kc-col-container\"><div class=\"kc-elm kc-css-563150 kc_text_block content-text\"><\/p>\n<h4>Maj\u0105c kontakt z pestycydami z racji wykonywanego zawodu, do\u015bwiadczyli lub nadal do\u015bwiadczaj\u0105 problem\u00f3w zdrowotnych zwi\u0105zanych z tymi toksycznymi produktami : rak prostaty, nowotwory centralnego uk\u0142adu nerwowego, szpiczak mnogi, ch\u0142oniak, choroba Parkinsona.<\/h4>\n<p>Hodowcy, sadownicy, plantatorzy winoro\u015bli, ogrodnicy, plantatorzy zb\u00f3\u017c, pracownicy sezonowi lub pracownicy nara\u017ceni podczas prac polowych, podczas naprawy maszyn lub roz\u0142adunku ziarna itd.<\/p>\n<p>Ofiary te stanowi\u0105 cz\u0119\u015b\u0107 \u015bwiata rolnictwa, ale problem dotyczy r\u00f3wnie\u017c innych sektor\u00f3w : ogrodnictwa, architektury krajobrazu, przemys\u0142u drzewnego itd.<\/p>\n<p>Po dziesi\u0119cioleciach uspokajaj\u0105cych informacji, rolnicy i ca\u0142e spo\u0142ecze\u0144stwo zaczynaj\u0105 dostrzega\u0107 wielorakie zagro\u017cenia, jakie nios\u0105 ze sob\u0105 pestycydy. Kilka bada\u0144 naukowych (AGRICAN, Inserm itp.) potwierdza znaczn\u0105 reprezentacj\u0119 os\u00f3b zawodowo nara\u017conych na kontakt z pestycydami w\u015br\u00f3d pewnych grup pacjent\u00f3w.<\/p>\n<p>Jednak\u017ce produkty, kt\u00f3rych szkodliwo\u015b\u0107 jest znana i udowodniona, s\u0105 nadal wprowadzane do obrotu. A ofiary tych produkt\u00f3w musz\u0105 nieustannie walczy\u0107 o swoje prawa, uznanie i odszkodowania.<\/p>\n<p>Phyto-victimes to serial internetowy, kt\u00f3ra opowiada histori\u0119 ich zmaga\u0144 i omawia rozwi\u0105zania, kt\u00f3re pozwol\u0105 wsp\u00f3lnie zredukowa\u0107 wp\u0142yw pestycyd\u00f3w.<\/p>\n<p>\n<\/div><\/div><\/div><\/div><\/div><\/section><section class=\"kc-elm kc-css-202508 kc_row uni-section-58\"><div class=\"kc-row-container  kc-container\"><div class=\"kc-wrap-columns\"><div class=\"kc-elm kc-css-228050 kc_col-sm-12 kc-animated kc-animate-eff-fadeIn kc_column kc_col-sm-12\"><div class=\"kc-col-container\">\n<div class=\"kc-elm kc-css-487809 kc-animated kc-animate-eff-fadeIn kc-animate-delay-200 kc-title-wrap \">\n\n\t<h5 class=\"kc_title partagez\">Udost\u0119pnij <span>#phytovictimes<\/span><\/h5>\n<\/div>\n<div class=\"kc-elm kc-css-159836 kc-multi-icons-wrapper\">\n\t\t\t<a href=\"https:\/\/www.facebook.com\/sharer\/sharer.php?u=https:\/\/webserie.phyto-victimes.eu\" target=\"_blank\" title=\"\" class=\"multi-icons-link multi-iconsfab-facebook-f\">\n\t\t\t<i class=\"fab-facebook-f\"><\/i>\n\t\t<\/a>\n\n\t\t\t<a href=\"#phyto-victimes https:\/\/twitter.com\/intent\/tweet?text=https:\/\/webserie.phyto-victimes.eu\" target=\"_blank\" title=\"\" class=\"multi-icons-link multi-iconsfab-twitter\">\n\t\t\t<i class=\"fab-twitter\"><\/i>\n\t\t<\/a>\n\n\t<\/div>\n<\/div><\/div><\/div><\/div><\/section><section class=\"kc-elm kc-css-561041 kc_row uni-section-58\"><div class=\"kc-row-container  kc-container\"><div class=\"kc-wrap-columns\"><div class=\"kc-elm kc-css-929681 kc_col-sm-12 kc-animated kc-animate-eff-fadeIn kc_column kc_col-sm-12\"><div class=\"main-title-episodes kc-col-container\">\n<div class=\"kc-elm kc-css-698459 kc-animated kc-animate-eff-fadeIn kc-animate-delay-200 kc-title-wrap \">\n\n\t<h3 class=\"kc_title\">odcinki <\/h3>\n<\/div>\n<\/div><\/div><\/div><\/div><\/section><section class=\"kc-elm kc-css-26180 kc_row\"><div class=\"kc-row-container  kc-container  list-episodes-home\"><div class=\"kc-wrap-columns\"><div class=\"kc-elm kc-css-645041 kc_col-sm-12 kc-animated kc-animate-eff-fadeIn kc_column kc_col-sm-12\"><div class=\"kc-col-container\"><div class=\"kc-elm kc-css-308475 kc-raw-code\">\n        <section class=\"kc-elm kc-css-184555 kc_row row-episode\" style=\"\n    background-image: linear-gradient(rgba(0, 0, 0, 0.5), rgba(0, 0, 0, 0.5)), url(https:\/\/webserie.phyto-victimes.eu\/wp-content\/uploads\/2021\/05\/vignettes-menu-site-PV00001.jpg);\">\n            <div class=\"kc-row-container  kc-container\" wfd-id=\"65\">\n                <div class=\"kc-wrap-columns\" w>\n                    <div class=\"kc-elm kc-css-209537 kc_col-sm-12 kc_column kc_col-sm-12 kc-pc-loaded\" >\n                        <div class=\"kc-col-container\" >\n                            <div class=\"kc-elm kc-css-44952 kc-title-wrap  kc-pc-loaded\" style=\"\" >\n\n                                <h1 class=\"kc_title title-style1\">\n\n                                                                        <a class=\"play-btn\" href=\"https:\/\/webserie.phyto-victimes.eu\/pl\/odcinki\/sygnalisci\/\"><\/a>\n                                    \n\n                                    <p>odcinek 1 <\/p>\n\n                                                                        <a href=\"https:\/\/webserie.phyto-victimes.eu\/pl\/odcinki\/sygnalisci\/\">Sygnali\u015bci<\/a>\n                                    \n\n                                                                    <\/h1>\n                            <\/div>\n                        <\/div>\n                    <\/div>\n                <\/div>\n            <\/div>\n        <\/section>\n        \n        <section class=\"kc-elm kc-css-184555 kc_row row-episode\" style=\"\n    background-image: linear-gradient(rgba(0, 0, 0, 0.5), rgba(0, 0, 0, 0.5)), url(https:\/\/webserie.phyto-victimes.eu\/wp-content\/uploads\/2021\/05\/vignettes-menu-site-PV00002.jpg);\">\n            <div class=\"kc-row-container  kc-container\" wfd-id=\"65\">\n                <div class=\"kc-wrap-columns\" w>\n                    <div class=\"kc-elm kc-css-209537 kc_col-sm-12 kc_column kc_col-sm-12 kc-pc-loaded\" >\n                        <div class=\"kc-col-container\" >\n                            <div class=\"kc-elm kc-css-44952 kc-title-wrap  kc-pc-loaded\" style=\"\" >\n\n                                <h1 class=\"kc_title title-style1\">\n\n                                                                        <a class=\"play-btn\" href=\"https:\/\/webserie.phyto-victimes.eu\/pl\/odcinki\/w-gospodarstwie-europejskim\/\"><\/a>\n                                    \n\n                                    <p>odcinek 2 <\/p>\n\n                                                                        <a href=\"https:\/\/webserie.phyto-victimes.eu\/pl\/odcinki\/w-gospodarstwie-europejskim\/\">ZMAGANIA NA TORZE PRZESZK\u00d3D<\/a>\n                                    \n\n                                                                    <\/h1>\n                            <\/div>\n                        <\/div>\n                    <\/div>\n                <\/div>\n            <\/div>\n        <\/section>\n        \n        <section class=\"kc-elm kc-css-184555 kc_row row-episode\" style=\"\n    background-image: linear-gradient(rgba(0, 0, 0, 0.5), rgba(0, 0, 0, 0.5)), url(https:\/\/webserie.phyto-victimes.eu\/wp-content\/uploads\/2021\/05\/vignettes-menu-site-PV00007-copie.jpg);\">\n            <div class=\"kc-row-container  kc-container\" wfd-id=\"65\">\n                <div class=\"kc-wrap-columns\" w>\n                    <div class=\"kc-elm kc-css-209537 kc_col-sm-12 kc_column kc_col-sm-12 kc-pc-loaded\" >\n                        <div class=\"kc-col-container\" >\n                            <div class=\"kc-elm kc-css-44952 kc-title-wrap  kc-pc-loaded\" style=\"\" >\n\n                                <h1 class=\"kc_title title-style1\">\n\n                                                                        <a class=\"play-btn\" href=\"https:\/\/webserie.phyto-victimes.eu\/pl\/odcinki\/myslalem-ze-jestem-bezpieczny\/\"><\/a>\n                                    \n\n                                    <p>odcinek 3 <\/p>\n\n                                                                        <a href=\"https:\/\/webserie.phyto-victimes.eu\/pl\/odcinki\/myslalem-ze-jestem-bezpieczny\/\">My\u015bla\u0142em, \u017ce jestem bezpieczny\u2026<\/a>\n                                    \n\n                                                                    <\/h1>\n                            <\/div>\n                        <\/div>\n                    <\/div>\n                <\/div>\n            <\/div>\n        <\/section>\n        \n        <section class=\"kc-elm kc-css-184555 kc_row row-episode\" style=\"\n    background-image: linear-gradient(rgba(0, 0, 0, 0.5), rgba(0, 0, 0, 0.5)), url(https:\/\/webserie.phyto-victimes.eu\/wp-content\/uploads\/2021\/05\/vignettes-menu-site-PV00003.jpg);\">\n            <div class=\"kc-row-container  kc-container\" wfd-id=\"65\">\n                <div class=\"kc-wrap-columns\" w>\n                    <div class=\"kc-elm kc-css-209537 kc_col-sm-12 kc_column kc_col-sm-12 kc-pc-loaded\" >\n                        <div class=\"kc-col-container\" >\n                            <div class=\"kc-elm kc-css-44952 kc-title-wrap  kc-pc-loaded\" style=\"\" >\n\n                                <h1 class=\"kc_title title-style1\">\n\n                                                                        <a class=\"play-btn\" href=\"https:\/\/webserie.phyto-victimes.eu\/pl\/odcinki\/odbijac-sie-po-chorobie\/\"><\/a>\n                                    \n\n                                    <p>odcinek 4 <\/p>\n\n                                                                        <a href=\"https:\/\/webserie.phyto-victimes.eu\/pl\/odcinki\/odbijac-sie-po-chorobie\/\">Odbija\u0107 si\u0119 (po chorobie)<\/a>\n                                    \n\n                                                                    <\/h1>\n                            <\/div>\n                        <\/div>\n                    <\/div>\n                <\/div>\n            <\/div>\n        <\/section>\n        \n        <section class=\"kc-elm kc-css-184555 kc_row row-episode\" style=\"\n    background-image: linear-gradient(rgba(0, 0, 0, 0.5), rgba(0, 0, 0, 0.5)), url(https:\/\/webserie.phyto-victimes.eu\/wp-content\/uploads\/2021\/05\/vignettes-menu-site-PV00005-copie.jpg);\">\n            <div class=\"kc-row-container  kc-container\" wfd-id=\"65\">\n                <div class=\"kc-wrap-columns\" w>\n                    <div class=\"kc-elm kc-css-209537 kc_col-sm-12 kc_column kc_col-sm-12 kc-pc-loaded\" >\n                        <div class=\"kc-col-container\" >\n                            <div class=\"kc-elm kc-css-44952 kc-title-wrap  kc-pc-loaded\" style=\"\" >\n\n                                <h1 class=\"kc_title title-style1\">\n\n                                                                            <a class=\"play-btn not_disponible\"  href=\"#\" ><\/a>\n                                    \n\n                                    <p>odcinek 5 <\/p>\n\n                                                                            Przej\u015bcie (rolnicze)                                    \n\n                                                                            <p class=\"not_disponible\">Wkr\u00f3tce dost\u0119pny <\/p>\n                                                                    <\/h1>\n                            <\/div>\n                        <\/div>\n                    <\/div>\n                <\/div>\n            <\/div>\n        <\/section>\n        \n        <section class=\"kc-elm kc-css-184555 kc_row row-episode\" style=\"\n    background-image: linear-gradient(rgba(0, 0, 0, 0.5), rgba(0, 0, 0, 0.5)), url(https:\/\/webserie.phyto-victimes.eu\/wp-content\/uploads\/2021\/05\/vignettes-menu-site-PV00004.jpg);\">\n            <div class=\"kc-row-container  kc-container\" wfd-id=\"65\">\n                <div class=\"kc-wrap-columns\" w>\n                    <div class=\"kc-elm kc-css-209537 kc_col-sm-12 kc_column kc_col-sm-12 kc-pc-loaded\" >\n                        <div class=\"kc-col-container\" >\n                            <div class=\"kc-elm kc-css-44952 kc-title-wrap  kc-pc-loaded\" style=\"\" >\n\n                                <h1 class=\"kc_title title-style1\">\n\n                                                                            <a class=\"play-btn not_disponible\"  href=\"#\" ><\/a>\n                                    \n\n                                    <p>odcinek 6 <\/p>\n\n                                                                            w poszukiwaniu odporno\u015bci                                    \n\n                                                                            <p class=\"not_disponible\">Wkr\u00f3tce dost\u0119pny <\/p>\n                                                                    <\/h1>\n                            <\/div>\n                        <\/div>\n                    <\/div>\n                <\/div>\n            <\/div>\n        <\/section>\n        \n        <section class=\"kc-elm kc-css-184555 kc_row row-episode\" style=\"\n    background-image: linear-gradient(rgba(0, 0, 0, 0.5), rgba(0, 0, 0, 0.5)), url(https:\/\/webserie.phyto-victimes.eu\/wp-content\/uploads\/2021\/05\/vignettes-menu-site-PV0006.jpg);\">\n            <div class=\"kc-row-container  kc-container\" wfd-id=\"65\">\n                <div class=\"kc-wrap-columns\" w>\n                    <div class=\"kc-elm kc-css-209537 kc_col-sm-12 kc_column kc_col-sm-12 kc-pc-loaded\" >\n                        <div class=\"kc-col-container\" >\n                            <div class=\"kc-elm kc-css-44952 kc-title-wrap  kc-pc-loaded\" style=\"\" >\n\n                                <h1 class=\"kc_title title-style1\">\n\n                                                                            <a class=\"play-btn not_disponible\"  href=\"#\" ><\/a>\n                                    \n\n                                    <p>odcinek 7 <\/p>\n\n                                                                            Op\u00f3r si\u0119 organizuje                                    \n\n                                                                            <p class=\"not_disponible\">Wkr\u00f3tce dost\u0119pny <\/p>\n                                                                    <\/h1>\n                            <\/div>\n                        <\/div>\n                    <\/div>\n                <\/div>\n            <\/div>\n        <\/section>\n        <\/div><\/div><\/div><\/div><\/div><\/section><section class=\"kc-elm kc-css-158913 kc_row v2_feature_newsletters\"><div class=\"kc-row-container  kc-container\"><div class=\"kc-wrap-columns\"><div class=\"kc-elm kc-css-952032 kc_col-sm-12 kc-animated kc-animate-eff-fadeIn kc-animate-delay-100 kc_column kc_col-sm-12 one_half\"><div class=\"kc-col-container\">\n<div class=\"kc-elm kc-css-705549 kc-title-wrap \">\n\n\t<h3 class=\"kc_title\">Powiadamiaj mnie o nadchodz\u0105cych odcinkach<\/h3>\n<\/div>\n<div class=\"kc-elm kc-css-688627 kc-raw-code\"><div class=\"forminator-ui forminator-custom-form forminator-custom-form-5044 forminator-design--flat  forminator_ajax\" data-forminator-render=\"0\" data-form=\"forminator-module-5044\"><br\/><\/div><form\r\n\t\t\t\tid=\"forminator-module-5044\"\r\n\t\t\t\tclass=\"forminator-ui forminator-custom-form forminator-custom-form-5044 forminator-design--flat  forminator_ajax\"\r\n\t\t\t\tmethod=\"post\"\r\n\t\t\t\tdata-forminator-render=\"0\"\r\n\t\t\t\tdata-form-id=\"5044\"\r\n\t\t\t\t\r\n\t\t\t\tdata-design=\"flat\"\r\n\t\t\t\t\r\n\t\t\t\t\r\n\t\t\t\t\r\n\t\t\t\tdata-grid=\"open\"\r\n\t\t\t\t\r\n\t\t\t\t\r\n\t\t\t\tstyle=\"display: none;\"\r\n\t\t\t><div class=\"forminator-response-message forminator-error\" aria-hidden=\"true\"><\/div><div class=\"forminator-row\"><div id=\"email-1\" class=\"forminator-col forminator-col-12  enter_email_input_cont\"><div class=\"forminator-field\"><input type=\"email\" name=\"email-1\" value=\"\" placeholder=\"M\u00f3j e-mail\" id=\"forminator-field-email-1\" class=\"forminator-input forminator-email--field\" data-required=\"true\" aria-required=\"true\" \/><\/div><\/div><\/div><div class=\"forminator-row forminator-hidden\"><input type=\"hidden\" id=\"hidden-1\" name=\"hidden-1\" value=\"PL\" \/><\/div><input type=\"hidden\" name=\"referer_url\" value=\"\" \/><div class=\"forminator-row forminator-row-last\"><div class=\"forminator-col\"><div class=\"forminator-field\"><button class=\"forminator-button forminator-button-submit input_submit\">Zatwierdz<\/button><\/div><\/div><\/div><input type=\"hidden\" id=\"forminator_nonce\" name=\"forminator_nonce\" value=\"a825eba32a\" \/><input type=\"hidden\" name=\"_wp_http_referer\" value=\"\/pl\/wp-json\/wp\/v2\/pages\/5034\" \/><input type=\"hidden\" name=\"form_id\" value=\"5044\"><input type=\"hidden\" name=\"page_id\" value=\"5034\"><input type=\"hidden\" name=\"form_type\" value=\"default\"><input type=\"hidden\" name=\"current_url\" value=\"https:\/\/webserie.phyto-victimes.eu\/pl\/wp-json\/wp\/v2\/pages\/5034\/\"><input type=\"hidden\" name=\"render_id\" value=\"0\"><input type=\"hidden\" name=\"action\" value=\"forminator_submit_form_custom-forms\"><label for=\"input_3\" class=\"forminator-hidden\" aria-hidden=\"true\">Prosz\u0119 nie wype\u0142nia\u0107 tego pola. <input id=\"input_3\" type=\"text\" name=\"input_3\" value=\"\" autocomplete=\"off\"><\/label><\/form><\/div><div class=\"kc-elm kc-css-229585 kc-raw-code\"><script id=\"mcjs\">!function(c,h,i,m,p){m=c.createElement(h),p=c.getElementsByTagName(h)[0],m.async=1,m.src=i,p.parentNode.insertBefore(m,p)}(document,\"script\",\"https:\/\/chimpstatic.com\/mcjs-connected\/js\/users\/b744a7a9052bacdba3761cbcb\/bb806769ccfc9cf58ae4aea18.js\");<\/script><\/div><\/div><\/div><\/div><\/div><\/section><\/p>\n","protected":false},"excerpt":{"rendered":"","protected":false},"author":1,"featured_media":0,"parent":0,"menu_order":0,"comment_status":"closed","ping_status":"closed","template":"","meta":[],"_links":{"self":[{"href":"https:\/\/webserie.phyto-victimes.eu\/pl\/wp-json\/wp\/v2\/pages\/5034"}],"collection":[{"href":"https:\/\/webserie.phyto-victimes.eu\/pl\/wp-json\/wp\/v2\/pages"}],"about":[{"href":"https:\/\/webserie.phyto-victimes.eu\/pl\/wp-json\/wp\/v2\/types\/page"}],"author":[{"embeddable":true,"href":"https:\/\/webserie.phyto-victimes.eu\/pl\/wp-json\/wp\/v2\/users\/1"}],"replies":[{"embeddable":true,"href":"https:\/\/webserie.phyto-victimes.eu\/pl\/wp-json\/wp\/v2\/comments?post=5034"}],"version-history":[{"count":8,"href":"https:\/\/webserie.phyto-victimes.eu\/pl\/wp-json\/wp\/v2\/pages\/5034\/revisions"}],"predecessor-version":[{"id":5994,"href":"https:\/\/webserie.phyto-victimes.eu\/pl\/wp-json\/wp\/v2\/pages\/5034\/revisions\/5994"}],"wp:attachment":[{"href":"https:\/\/webserie.phyto-victimes.eu\/pl\/wp-json\/wp\/v2\/media?parent=5034"}],"curies":[{"name":"wp","href":"https:\/\/api.w.org\/{rel}","templated":true}]}}