{"id":5325,"date":"2021-05-04T09:52:16","date_gmt":"2021-05-04T07:52:16","guid":{"rendered":"https:\/\/phyto.bod-demo.fr\/?page_id=5325"},"modified":"2021-12-14T10:02:55","modified_gmt":"2021-12-14T09:02:55","slug":"transizione-agricola","status":"publish","type":"page","link":"https:\/\/webserie.phyto-victimes.eu\/it\/episodi\/transizione-agricola\/","title":{"rendered":"Transizione (agricola)"},"content":{"rendered":"<section class=\"kc-elm kc-css-168850 kc_row v2_feature_section7\"><div class=\"kc-row-container  kc-container\"><div class=\"kc-wrap-columns\"><div class=\"kc-elm kc-css-344747 kc_col-sm-12 kc-animated kc-animate-eff-fadeIn kc-animate-delay-200 kc_column kc_col-sm-12\"><div class=\"kc-col-container\"><div class=\"kc-elm kc-css-810639 kc_text_block content-text\"><\/p>\n<p><strong>Come compiere la transizione dall\u2019agricoltura convenzionale a quella biologica ? Questa transizione \u00e8 ancora possibile ?<\/strong><\/p>\n<p>Molti agricoltori ci spiegano che, anche se una riduzione del 30% nell\u2019uso dei pesticidi \u00e8 raggiungibile, proseguire oltre \u00e8 un grande rischio.<\/p>\n<p>Con J\u00e9r\u00f4me R\u00e9tif, Mathieu Drouet, Michel B\u00e9douet, si stanno sperimentando una moltitudine di alternative. E si apprende in modo diverso.<\/p>\n<p>\n<\/div><\/div><\/div><\/div><\/div><\/section>\n","protected":false},"excerpt":{"rendered":"","protected":false},"author":1,"featured_media":4977,"parent":1069,"menu_order":0,"comment_status":"closed","ping_status":"closed","template":"page-episode.php","meta":[],"_links":{"self":[{"href":"https:\/\/webserie.phyto-victimes.eu\/it\/wp-json\/wp\/v2\/pages\/5325"}],"collection":[{"href":"https:\/\/webserie.phyto-victimes.eu\/it\/wp-json\/wp\/v2\/pages"}],"about":[{"href":"https:\/\/webserie.phyto-victimes.eu\/it\/wp-json\/wp\/v2\/types\/page"}],"author":[{"embeddable":true,"href":"https:\/\/webserie.phyto-victimes.eu\/it\/wp-json\/wp\/v2\/users\/1"}],"replies":[{"embeddable":true,"href":"https:\/\/webserie.phyto-victimes.eu\/it\/wp-json\/wp\/v2\/comments?post=5325"}],"version-history":[{"count":6,"href":"https:\/\/webserie.phyto-victimes.eu\/it\/wp-json\/wp\/v2\/pages\/5325\/revisions"}],"predecessor-version":[{"id":6527,"href":"https:\/\/webserie.phyto-victimes.eu\/it\/wp-json\/wp\/v2\/pages\/5325\/revisions\/6527"}],"up":[{"embeddable":true,"href":"https:\/\/webserie.phyto-victimes.eu\/it\/wp-json\/wp\/v2\/pages\/1069"}],"wp:featuredmedia":[{"embeddable":true,"href":"https:\/\/webserie.phyto-victimes.eu\/it\/wp-json\/wp\/v2\/media\/4977"}],"wp:attachment":[{"href":"https:\/\/webserie.phyto-victimes.eu\/it\/wp-json\/wp\/v2\/media?parent=5325"}],"curies":[{"name":"wp","href":"https:\/\/api.w.org\/{rel}","templated":true}]}}