{"id":5304,"date":"2021-05-05T15:43:46","date_gmt":"2021-05-05T13:43:46","guid":{"rendered":"https:\/\/phyto.bod-demo.fr\/?page_id=5304"},"modified":"2022-01-27T14:35:12","modified_gmt":"2022-01-27T13:35:12","slug":"pensavo-di-essere-al-sicuro","status":"publish","type":"page","link":"https:\/\/webserie.phyto-victimes.eu\/it\/episodi\/pensavo-di-essere-al-sicuro\/","title":{"rendered":"Pensavo di essere al sicuro\u2026"},"content":{"rendered":"<section class=\"kc-elm kc-css-817579 kc_row v2_feature_section6\"><div class=\"kc-row-container  kc-container\"><div class=\"kc-wrap-columns\"><div class=\"kc-elm kc-css-34265 kc_col-sm-12 kc-animated kc-animate-eff-fadeIn kc_column kc_col-sm-12\"><div class=\"kc-col-container\"><div class=\"kc-elm kc-css-398107 kc_text_block content-text\"><\/p>\n<h4>L\u2019ampio ricorso ai pesticidi \u00e8 il risultato di una scelta sociale compiuta dopo la Seconda guerra mondiale, quando la produzione agricola non era sufficiente a nutrire l&#8217;intera popolazione.<\/h4>\n<p>Tuttavia, oggi le priorit\u00e0 sono cambiate e siamo tutti preoccupati per la nostra salute e per l&#8217;ambiente.<\/p>\n<p>La consapevolezza c&#8217;\u00e8 : i pesticidi fanno ammalare e uccidono. Allora perch\u00e9 \u00e8 cos\u00ec difficile abbandonarli ?<\/p>\n<p>Riflettiamo sulle nostre azioni e sui nostri impegni quotidiani : cosa possiamo fare per proteggerci ed evitare ulteriori tragedie ?<\/p>\n<p>\n<\/div><\/div><\/div><\/div><\/div><\/section>\n","protected":false},"excerpt":{"rendered":"","protected":false},"author":1,"featured_media":4971,"parent":1069,"menu_order":0,"comment_status":"closed","ping_status":"closed","template":"page-episode.php","meta":[],"_links":{"self":[{"href":"https:\/\/webserie.phyto-victimes.eu\/it\/wp-json\/wp\/v2\/pages\/5304"}],"collection":[{"href":"https:\/\/webserie.phyto-victimes.eu\/it\/wp-json\/wp\/v2\/pages"}],"about":[{"href":"https:\/\/webserie.phyto-victimes.eu\/it\/wp-json\/wp\/v2\/types\/page"}],"author":[{"embeddable":true,"href":"https:\/\/webserie.phyto-victimes.eu\/it\/wp-json\/wp\/v2\/users\/1"}],"replies":[{"embeddable":true,"href":"https:\/\/webserie.phyto-victimes.eu\/it\/wp-json\/wp\/v2\/comments?post=5304"}],"version-history":[{"count":7,"href":"https:\/\/webserie.phyto-victimes.eu\/it\/wp-json\/wp\/v2\/pages\/5304\/revisions"}],"predecessor-version":[{"id":6702,"href":"https:\/\/webserie.phyto-victimes.eu\/it\/wp-json\/wp\/v2\/pages\/5304\/revisions\/6702"}],"up":[{"embeddable":true,"href":"https:\/\/webserie.phyto-victimes.eu\/it\/wp-json\/wp\/v2\/pages\/1069"}],"wp:featuredmedia":[{"embeddable":true,"href":"https:\/\/webserie.phyto-victimes.eu\/it\/wp-json\/wp\/v2\/media\/4971"}],"wp:attachment":[{"href":"https:\/\/webserie.phyto-victimes.eu\/it\/wp-json\/wp\/v2\/media?parent=5304"}],"curies":[{"name":"wp","href":"https:\/\/api.w.org\/{rel}","templated":true}]}}