{"id":5263,"date":"2021-05-04T09:54:19","date_gmt":"2021-05-04T07:54:19","guid":{"rendered":"https:\/\/phyto.bod-demo.fr\/?page_id=5263"},"modified":"2021-12-14T09:58:37","modified_gmt":"2021-12-14T08:58:37","slug":"alla-ricerca-della-resilienza","status":"publish","type":"page","link":"https:\/\/webserie.phyto-victimes.eu\/it\/episodi\/alla-ricerca-della-resilienza\/","title":{"rendered":"Alla ricerca della resilienza"},"content":{"rendered":"<section class=\"kc-elm kc-css-285703 kc_row v2_feature_section7\"><div class=\"kc-row-container  kc-container\"><div class=\"kc-wrap-columns\"><div class=\"kc-elm kc-css-720517 kc_col-sm-12 kc-animated kc-animate-eff-fadeIn kc-animate-delay-200 kc_column kc_col-sm-12\"><div class=\"kc-col-container\"><div class=\"kc-elm kc-css-8213 kc_text_block content-text\"><\/p>\n<p><strong>Perch\u00e9 \u00e8 cos\u00ec difficile abbandonare i pesticidi? L\u2019agricoltura \u00e8 come un transatlantico. Occorre molto tempo per invertire la rotta.<\/strong><\/p>\n<p>Eppure, molti agricoltori, Didier Roblet, Laurence Guichard, Olivier Coquard, Fabrice Micouraud, non hanno aspettato i grandi discorsi sulla necessit\u00e0 di \u00ab cambiare il Paradigma \u00bb: si sono aperti a sperimentazioni, testando tecniche, sfruttando le funzioni naturali dei rispettivi ambienti, fondendo metodi tradizionali e strumenti high-tech&#8230;<\/p>\n<p>Sono spesso i soli ad assumersi i rischi che corrono, in un contesto fortemente influenzato dal modello produttivista.<\/p>\n<p>\n<\/div><\/div><\/div><\/div><\/div><\/section>\n","protected":false},"excerpt":{"rendered":"","protected":false},"author":1,"featured_media":4953,"parent":1069,"menu_order":0,"comment_status":"closed","ping_status":"closed","template":"page-episode.php","meta":[],"_links":{"self":[{"href":"https:\/\/webserie.phyto-victimes.eu\/it\/wp-json\/wp\/v2\/pages\/5263"}],"collection":[{"href":"https:\/\/webserie.phyto-victimes.eu\/it\/wp-json\/wp\/v2\/pages"}],"about":[{"href":"https:\/\/webserie.phyto-victimes.eu\/it\/wp-json\/wp\/v2\/types\/page"}],"author":[{"embeddable":true,"href":"https:\/\/webserie.phyto-victimes.eu\/it\/wp-json\/wp\/v2\/users\/1"}],"replies":[{"embeddable":true,"href":"https:\/\/webserie.phyto-victimes.eu\/it\/wp-json\/wp\/v2\/comments?post=5263"}],"version-history":[{"count":6,"href":"https:\/\/webserie.phyto-victimes.eu\/it\/wp-json\/wp\/v2\/pages\/5263\/revisions"}],"predecessor-version":[{"id":6522,"href":"https:\/\/webserie.phyto-victimes.eu\/it\/wp-json\/wp\/v2\/pages\/5263\/revisions\/6522"}],"up":[{"embeddable":true,"href":"https:\/\/webserie.phyto-victimes.eu\/it\/wp-json\/wp\/v2\/pages\/1069"}],"wp:featuredmedia":[{"embeddable":true,"href":"https:\/\/webserie.phyto-victimes.eu\/it\/wp-json\/wp\/v2\/media\/4953"}],"wp:attachment":[{"href":"https:\/\/webserie.phyto-victimes.eu\/it\/wp-json\/wp\/v2\/media?parent=5263"}],"curies":[{"name":"wp","href":"https:\/\/api.w.org\/{rel}","templated":true}]}}