{"id":5241,"date":"2021-05-04T09:54:32","date_gmt":"2021-05-04T07:54:32","guid":{"rendered":"https:\/\/phyto.bod-demo.fr\/?page_id=5241"},"modified":"2021-12-14T10:06:07","modified_gmt":"2021-12-14T09:06:07","slug":"la-resistenza-si-sta-organizzando","status":"publish","type":"page","link":"https:\/\/webserie.phyto-victimes.eu\/it\/episodi\/la-resistenza-si-sta-organizzando\/","title":{"rendered":"La resistenza si sta organizzando"},"content":{"rendered":"<section class=\"kc-elm kc-css-845494 kc_row v2_feature_section7\"><div class=\"kc-row-container  kc-container\"><div class=\"kc-wrap-columns\"><div class=\"kc-elm kc-css-988263 kc_col-sm-12 kc-animated kc-animate-eff-fadeIn kc-animate-delay-200 kc_column kc_col-sm-12\"><div class=\"kc-col-container\"><div class=\"kc-elm kc-css-618542 kc_text_block content-text\"><\/p>\n<h4>Le vittime sono spesso aiutate dai propri cari, coniugi, figli e familiari, che soffrono quotidianamente le conseguenze della malattia. La presa di coscienza dell&#8217;origine della patologia, cio\u00e8 l&#8217;uso dei pesticidi, richiede spesso un sostegno per ottenere il riconoscimento di malattia professionale.<\/h4>\n<p>In questo modo \u00e8 nata l&#8217;associazione Phyto-Victimes. Per mobilitarsi insieme, perseguire i responsabili e impegnarsi affinch\u00e9 &#8220;ci\u00f2 finisca\", affinch\u00e9 non ci siano pi\u00f9 malati.<\/p>\n<p>In Francia, i parlamentari stanno lottando per ottenere un divieto dei prodotti fitosanitari e un fondo di indennizzo per le vittime. Tuttavia, il riconoscimento di alcune patologie legate ai pesticidi come malattie professionali rimane complicato. La lotta per la salute ambientale \u00e8 appena iniziata&#8230;<\/p>\n<p>\n<\/div><\/div><\/div><\/div><\/div><\/section>\n","protected":false},"excerpt":{"rendered":"","protected":false},"author":1,"featured_media":4929,"parent":1069,"menu_order":0,"comment_status":"closed","ping_status":"closed","template":"page-episode.php","meta":[],"_links":{"self":[{"href":"https:\/\/webserie.phyto-victimes.eu\/it\/wp-json\/wp\/v2\/pages\/5241"}],"collection":[{"href":"https:\/\/webserie.phyto-victimes.eu\/it\/wp-json\/wp\/v2\/pages"}],"about":[{"href":"https:\/\/webserie.phyto-victimes.eu\/it\/wp-json\/wp\/v2\/types\/page"}],"author":[{"embeddable":true,"href":"https:\/\/webserie.phyto-victimes.eu\/it\/wp-json\/wp\/v2\/users\/1"}],"replies":[{"embeddable":true,"href":"https:\/\/webserie.phyto-victimes.eu\/it\/wp-json\/wp\/v2\/comments?post=5241"}],"version-history":[{"count":5,"href":"https:\/\/webserie.phyto-victimes.eu\/it\/wp-json\/wp\/v2\/pages\/5241\/revisions"}],"predecessor-version":[{"id":6533,"href":"https:\/\/webserie.phyto-victimes.eu\/it\/wp-json\/wp\/v2\/pages\/5241\/revisions\/6533"}],"up":[{"embeddable":true,"href":"https:\/\/webserie.phyto-victimes.eu\/it\/wp-json\/wp\/v2\/pages\/1069"}],"wp:featuredmedia":[{"embeddable":true,"href":"https:\/\/webserie.phyto-victimes.eu\/it\/wp-json\/wp\/v2\/media\/4929"}],"wp:attachment":[{"href":"https:\/\/webserie.phyto-victimes.eu\/it\/wp-json\/wp\/v2\/media?parent=5241"}],"curies":[{"name":"wp","href":"https:\/\/api.w.org\/{rel}","templated":true}]}}