{"id":5217,"date":"2016-09-21T01:54:16","date_gmt":"2016-09-20T23:54:16","guid":{"rendered":"https:\/\/phyto.bod-demo.fr\/?page_id=5217"},"modified":"2022-01-27T18:02:06","modified_gmt":"2022-01-27T17:02:06","slug":"informatori-2","status":"publish","type":"page","link":"https:\/\/webserie.phyto-victimes.eu\/it\/episodi\/informatori-2\/","title":{"rendered":"Informatori"},"content":{"rendered":"<section class=\"kc-elm kc-css-362646 kc_row v2_feature_section7\"><div class=\"kc-row-container  kc-container\"><div class=\"kc-wrap-columns\"><div class=\"kc-elm kc-css-464851 kc_col-sm-12 kc-animated kc-animate-eff-fadeIn kc-animate-delay-200 kc_column kc_col-sm-12\"><div class=\"kc-col-container\"><div class=\"kc-elm kc-css-467107 kc_text_block\"><\/p>\n<h4>Reticenza per alcuni, vergogna per altri. La malattia, e pi\u00f9 in generale ogni forma di debolezza o di difficolt\u00e0, viene nascosta, e se ne parla poco o niente. Questa \u00e8 la realt\u00e0 del mondo agricolo.<\/h4>\n<p>Quale forza ha dunque spinto Jean-Marie, Serge o Frederic a mostrare i propri volti, a testimoniare, a esprimersi in merito alla propria malattia e alle sofferenze che sopportano ?<\/p>\n<p>Nonostante le occhiate dei colleghi, l&#8217;omert\u00e0 sulle malattie professionali degli agricoltori,\u00a0<span style=\"font-style: inherit; font-family: -apple-system, BlinkMacSystemFont, 'Segoe UI', Roboto, Oxygen-Sans, Ubuntu, Cantarell, 'Helvetica Neue', sans-serif;\">i segreti delle aziende che producono prodotti fitosanitari, la mancanza di comprensione\u00a0<\/span><span style=\"font-style: inherit; font-family: -apple-system, BlinkMacSystemFont, 'Segoe UI', Roboto, Oxygen-Sans, Ubuntu, Cantarell, 'Helvetica Neue', sans-serif;\">da parte delle istituzioni, hanno deciso di metterci in guardia.<\/span><\/p>\n<p>\n<\/div><\/div><\/div><\/div><\/div><\/section>\n","protected":false},"excerpt":{"rendered":"","protected":false},"author":1,"featured_media":4983,"parent":1069,"menu_order":0,"comment_status":"closed","ping_status":"closed","template":"page-episode.php","meta":[],"_links":{"self":[{"href":"https:\/\/webserie.phyto-victimes.eu\/it\/wp-json\/wp\/v2\/pages\/5217"}],"collection":[{"href":"https:\/\/webserie.phyto-victimes.eu\/it\/wp-json\/wp\/v2\/pages"}],"about":[{"href":"https:\/\/webserie.phyto-victimes.eu\/it\/wp-json\/wp\/v2\/types\/page"}],"author":[{"embeddable":true,"href":"https:\/\/webserie.phyto-victimes.eu\/it\/wp-json\/wp\/v2\/users\/1"}],"replies":[{"embeddable":true,"href":"https:\/\/webserie.phyto-victimes.eu\/it\/wp-json\/wp\/v2\/comments?post=5217"}],"version-history":[{"count":8,"href":"https:\/\/webserie.phyto-victimes.eu\/it\/wp-json\/wp\/v2\/pages\/5217\/revisions"}],"predecessor-version":[{"id":6713,"href":"https:\/\/webserie.phyto-victimes.eu\/it\/wp-json\/wp\/v2\/pages\/5217\/revisions\/6713"}],"up":[{"embeddable":true,"href":"https:\/\/webserie.phyto-victimes.eu\/it\/wp-json\/wp\/v2\/pages\/1069"}],"wp:featuredmedia":[{"embeddable":true,"href":"https:\/\/webserie.phyto-victimes.eu\/it\/wp-json\/wp\/v2\/media\/4983"}],"wp:attachment":[{"href":"https:\/\/webserie.phyto-victimes.eu\/it\/wp-json\/wp\/v2\/media?parent=5217"}],"curies":[{"name":"wp","href":"https:\/\/api.w.org\/{rel}","templated":true}]}}