{"id":5159,"date":"2016-05-02T09:09:19","date_gmt":"2016-05-02T07:09:19","guid":{"rendered":"https:\/\/phyto.bod-demo.fr\/?page_id=5159"},"modified":"2021-05-12T12:31:49","modified_gmt":"2021-05-12T10:31:49","slug":"scoprire","status":"publish","type":"page","link":"https:\/\/webserie.phyto-victimes.eu\/it\/scoprire\/","title":{"rendered":"Scoprire"},"content":{"rendered":"<p><section data-kc-equalheight=\"true\" data-kc-equalheight-align=\"middle\" class=\"kc-elm kc-css-484356 kc-animated kc-animate-eff-fadeIn kc_row feature_section1\"><div class=\"kc-row-container  kc-container  phyto-row-widthtext\"><div class=\"kc-wrap-columns\"><div class=\"kc-elm kc-css-348842 kc_col-sm-5 kc-animated kc-animate-eff-fadeIn kc-animate-delay-200 kc_column kc_col-sm-5 one-half wrpfeatures animated eff-fadeInRight delay-400ms circle-cont\"><div class=\"kc-col-container\"><div class=\"kc-elm kc-css-754734 kc_shortcode kc_single_image\">\n\n        <img src=\"https:\/\/webserie.phyto-victimes.eu\/wp-content\/uploads\/2021\/04\/decouvrir1.jpg\" class=\"\" alt=\"\" \/>    <\/div>\n<\/div><\/div><div class=\"kc-elm kc-css-309194 kc_col-sm-7 kc-animated kc-animate-eff-fadeIn kc-animate-delay-200 kc_column kc_col-sm-7 welcome-left\"><div class=\"kc-col-container\">\n<div class=\"kc-elm kc-css-784218 kc-title-wrap \">\n\n\t<h4 class=\"kc_title title-style2\">L'associazione Phyto-Victimes \u00e8 stata creata nel 2011 da un gruppo di professionisti malati a causa dei pesticidi. <\/h4>\n<\/div>\n<\/div><\/div><\/div><\/div><\/section><section class=\"kc-elm kc-css-596559 kc_row\"><div class=\"kc-row-container  kc-container  phyto-row-widthtext\"><div class=\"kc-wrap-columns\"><div class=\"kc-elm kc-css-659464 kc_col-sm-12 kc-animated kc-animate-eff-fadeIn kc_column kc_col-sm-12\"><div class=\"kc-col-container\"><div class=\"kc-elm kc-css-928167 kc_text_block content-text\"><\/p>\n<p>Oggi \u00e8 presieduta da Antoine Lambert, un agricoltore della Normandia, e per quasi 8 anni \u00e8 stata guidata da Paul Fran\u00e7ois, l&#8217;agricoltore che ha fatto riconoscere la responsabilit\u00e0 di Monsanto in seguito alla sua intossicazione causata da un erbicida dell\u2019azienda.<\/p>\n<p>La nostra associazione riunisce 500 membri in tutta la Francia, soprattutto agricoltori, malati a causa dei pesticidi.<\/p>\n<p>Unica associazione su scala nazionale, assiste le vittime nel corso delle procedure amministrative o legali e sensibilizza in merito all&#8217;impatto dei pesticidi sulla salute umana e sull&#8217;ambiente.<\/p>\n<p>Dal 2011, Phyto-Victimes si \u00e8 posta l&#8217;obiettivo di aiutare gli agricoltori e i dipendenti agricoli, i lavoratori dei settori disinfestazione, disinfezione e disinsettizzazione, i tecnici delle cooperative, gli agenti degli spazi verdi, i paesaggisti, i lavoratori del legno, ecc. Soffrono di patologie come la malattia di Parkinson, vari tumori (linfoma\/i, sangue, prostata, vescica, ecc.), ipersensibilit\u00e0 ai prodotti chimici, ecc&#8230;<\/p>\n<p>La particolarit\u00e0 dell&#8217;associazione, piuttosto insolita tra le associazioni di sostegno alle vittime professionali, \u00e8 il sostegno offerto tanto ai lavoratori dipendenti quanto a quelli non dipendenti.<\/p>\n<p>Questo lavoro di sostegno \u00e8 complementare a quello degli organismi di sicurezza sociale.<\/p>\n<p>Assistiamo vittime sottoposte a vari regimi di protezione sociale (regime generale, regime agricolo, regime pubblico, regimi speciali). L&#8217;associazione Phyto-Victimes compie quindi una missione di servizio pubblico.<\/p>\n<p>La procedura viene eseguita dalla vittima (o dai suoi parenti o aventi diritto). La problematica delle vittime dei pesticidi continua ad essere di difficile formulazione, soprattutto nel mondo agricolo; pertanto, facciamo in modo che ogni persona si senta accolta senza giudizi o colpevolizzazioni.<\/p>\n<p>\n<\/div><\/div><\/div><\/div><\/div><\/section><section data-kc-equalheight=\"true\" data-kc-equalheight-align=\"middle\" class=\"kc-elm kc-css-476520 kc_row feature_section1\"><div class=\"kc-row-container  kc-container  phyto-row-widthtext\"><div class=\"kc-wrap-columns\"><div class=\"kc-elm kc-css-876998 kc_col-sm-8 kc-animated kc-animate-eff-fadeIn kc-animate-delay-200 kc_column kc_col-sm-8 welcome-left\"><div class=\"kc-col-container\">\n<div class=\"kc-elm kc-css-407270 kc-title-wrap \">\n\n\t<h2 class=\"kc_title\">CONTESTO<\/h2>\n<\/div>\n<\/div><\/div><div class=\"kc-elm kc-css-694483 kc_col-sm-4 kc-animated kc-animate-eff-fadeIn kc-animate-delay-200 kc_column kc_col-sm-4 one-half wrpfeatures animated eff-fadeInRight delay-400ms circle-cont\"><div class=\"kc-col-container\"><div class=\"kc-elm kc-css-317374 kc_shortcode kc_single_image\">\n\n        <img src=\"https:\/\/webserie.phyto-victimes.eu\/wp-content\/uploads\/2021\/04\/decouvrir2.jpg\" class=\"\" alt=\"\" \/>    <\/div>\n<\/div><\/div><\/div><\/div><\/section><section class=\"kc-elm kc-css-398168 kc_row\"><div class=\"kc-row-container  kc-container  phyto-row-widthtext\"><div class=\"kc-wrap-columns\"><div class=\"kc-elm kc-css-149400 kc_col-sm-12 kc-animated kc-animate-eff-fadeIn kc_column kc_col-sm-12\"><div class=\"kc-col-container\">\n<div class=\"kc-elm kc-css-852305 kc-title-wrap \">\n\n\t<h4 class=\"kc_title\">Un domani saremo tutti vittime dei prodotti fitosanitari ?<\/h4>\n<\/div>\n<div class=\"kc-elm kc-css-720242 kc_text_block content-text\"><\/p>\n<p>La Francia \u00e8 uno dei paesi che usa pi\u00f9 pesticidi in Europa.<\/p>\n<p>Negli ultimi anni, patologie come il Parkinson e alcune emopatie maligne sono state ufficialmente riconosciute come legate all&#8217;uso di pesticidi.<\/p>\n<p>Inoltre, ci sono sempre pi\u00f9 segnalazioni di possibili legami con i tumori alla prostata, alla vescica e alla pelle, con i tumori al cervello, la malattia di Alzheimer, l&#8217;ipersensibilit\u00e0 chimica e con i disturbi riproduttivi e dello sviluppo nel bambino.<\/p>\n<p>Gli agricoltori vittime dei pesticidi &#8211; i primi ad essere colpiti &#8211; ci mettono in guardia contro il sotto-riconoscimento delle vittime e la natura pericolosa di tali prodotti.<\/p>\n<p>\n<\/div><\/div><\/div><\/div><\/div><\/section><section class=\"kc-elm kc-css-44806 kc_row\"><div class=\"kc-row-container  kc-container  phyto-row-widthtext\"><div class=\"kc-wrap-columns\"><div class=\"kc-elm kc-css-20178 kc_col-sm-12 kc-animated kc-animate-eff-fadeIn kc_column kc_col-sm-12\"><div class=\"kc-col-container\">\n<div class=\"kc-elm kc-css-725249 kc-title-wrap \">\n\n\t<h4 class=\"kc_title\">Perch\u00e9 non smettiamo di usare pesticidi in agricoltura ?<\/h4>\n<\/div>\n<div class=\"kc-elm kc-css-254479 kc_text_block content-text\"><\/p>\n<p>Il proposito non \u00e8 di facile attuazione. Il sistema di produzione attuale non favorisce il cambiamento. Non si tratta di un problema individuale, ma collettivo. Di fatto, questo problema riguarda tutti noi, agricoltori e consumatori.<\/p>\n<p>\n<\/div><\/div><\/div><\/div><\/div><\/section><section class=\"kc-elm kc-css-398692 kc_row\"><div class=\"kc-row-container  kc-container  phyto-row-widthtext\"><div class=\"kc-wrap-columns\"><div class=\"kc-elm kc-css-431389 kc_col-sm-12 kc-animated kc-animate-eff-fadeIn kc_column kc_col-sm-12\"><div class=\"kc-col-container\">\n<div class=\"kc-elm kc-css-582323 kc-title-wrap \">\n\n\t<h4 class=\"kc_title\">Chi \u00e8 responsabile ?<\/h4>\n<\/div>\n<div class=\"kc-elm kc-css-651326 kc_text_block content-text\"><\/p>\n<p>Gli agricoltori sono intrappolati in un circolo vizioso. Indebitarsi per essere in grado di produrre e utilizzare prodotti fitosanitari su larga scala \u00e8 a volte l&#8217;unico modo per tenere a galla l&#8217;azienda.<\/p>\n<p>La responsabilit\u00e0 \u00e8 condivisa tra lo Stato e le aziende che producono prodotti fitosanitari.<\/p>\n<p>Oggigiorno i professionisti soffrono, si ammalano e ricevono pochi indennizzi. Anche le persone intorno a loro vengono colpite. Deve essere messo in atto un sistema efficace di risarcimento e prevenzione. Le scelte di consumo sono essenziali per accompagnare il cambiamento ; gli schemi politici tradizionali messi in atto nel dopoguerra per modernizzare l&#8217;agricoltura non sono pi\u00f9 rilevanti oggi.<\/p>\n<p>\n<\/div><\/div><\/div><\/div><\/div><\/section><\/p>\n","protected":false},"excerpt":{"rendered":"","protected":false},"author":1,"featured_media":1335,"parent":0,"menu_order":0,"comment_status":"closed","ping_status":"closed","template":"page-head-back.php","meta":[],"_links":{"self":[{"href":"https:\/\/webserie.phyto-victimes.eu\/it\/wp-json\/wp\/v2\/pages\/5159"}],"collection":[{"href":"https:\/\/webserie.phyto-victimes.eu\/it\/wp-json\/wp\/v2\/pages"}],"about":[{"href":"https:\/\/webserie.phyto-victimes.eu\/it\/wp-json\/wp\/v2\/types\/page"}],"author":[{"embeddable":true,"href":"https:\/\/webserie.phyto-victimes.eu\/it\/wp-json\/wp\/v2\/users\/1"}],"replies":[{"embeddable":true,"href":"https:\/\/webserie.phyto-victimes.eu\/it\/wp-json\/wp\/v2\/comments?post=5159"}],"version-history":[{"count":3,"href":"https:\/\/webserie.phyto-victimes.eu\/it\/wp-json\/wp\/v2\/pages\/5159\/revisions"}],"predecessor-version":[{"id":5502,"href":"https:\/\/webserie.phyto-victimes.eu\/it\/wp-json\/wp\/v2\/pages\/5159\/revisions\/5502"}],"wp:featuredmedia":[{"embeddable":true,"href":"https:\/\/webserie.phyto-victimes.eu\/it\/wp-json\/wp\/v2\/media\/1335"}],"wp:attachment":[{"href":"https:\/\/webserie.phyto-victimes.eu\/it\/wp-json\/wp\/v2\/media?parent=5159"}],"curies":[{"name":"wp","href":"https:\/\/api.w.org\/{rel}","templated":true}]}}