{"id":5585,"date":"2021-05-10T11:42:36","date_gmt":"2021-05-10T09:42:36","guid":{"rendered":"https:\/\/phyto.bod-demo.fr\/?page_id=5585"},"modified":"2021-05-17T16:59:09","modified_gmt":"2021-05-17T14:59:09","slug":"videos-de-youtube-cookies","status":"publish","type":"page","link":"https:\/\/webserie.phyto-victimes.eu\/es\/videos-de-youtube-cookies\/","title":{"rendered":"V\u00eddeos de Youtube \/ Cookies"},"content":{"rendered":"<section class=\"kc-elm kc-css-323744 kc_row\"><div class=\"kc-row-container  kc-container\"><div class=\"kc-wrap-columns\"><div class=\"kc-elm kc-css-944165 kc_col-sm-12 kc_column kc_col-sm-12\"><div class=\"kc-col-container\"><div class=\"kc-elm kc-css-828151 kc_text_block block-link-underline\"><\/p>\n<p>\n<strong>Lo sentimos, como has rechazado las cookies, no podemos ofrecerte nuestros v\u00eddeos de Youtube. Si quieres cambiar de opini\u00f3n: ACEPTAR<\/strong><\/p>\n<p>Youtube condiciona la reproducci\u00f3n de sus v\u00eddeos al dep\u00f3sito de cookies para ofrecerte publicidad dirigida en funci\u00f3n de tu navegaci\u00f3n.<\/p>\n<p>Al hacer clic en \u00abAUTORIZAR\u00bb se depositar\u00e1n las cookies y podr\u00e1 ver el v\u00eddeo. Puede retirar su consentimiento en cualquier momento.<\/p>\n<p>Al hacer clic en \u00abRECHAZAR\u00bb, no podr\u00e1 acceder al v\u00eddeo.<\/p>\n<p><a href=\"https:\/\/policies.google.com\/privacy?hl=es&#038;gl=es\" target=\"_blank\" rel=\"noopener noreferrer\">Para m\u00e1s informaci\u00f3n, visite la pol\u00edtica de cookies de YouTube<\/a><\/p>\n<p>\n<\/div><div class=\"kc-elm kc-css-969998 kc_text_block\"><\/p>\n<div><a href='\/es' data-cli_action=\"accept\" id=\"CONSTANT_OPEN_URL\"  class=\"medium cli-plugin-button cli-plugin-main-button cookie_action_close_header cli_action_button\" style=\"display:inline-block; \">Aceptar<\/a> <a href='https:\/\/webserie.phyto-victimes.eu\/es\/videos-de-youtube-cookies\/' id=\"CONSTANT_OPEN_URL\"  class=\"medium cli-plugin-button cli-plugin-main-button cookie_action_close_header_reject cli_action_button\"  data-cli_action=\"reject\">RECHAZAR<\/a><\/div>\n<p>\n<\/div><\/div><\/div><\/div><\/div><\/section>\n","protected":false},"excerpt":{"rendered":"","protected":false},"author":1,"featured_media":1271,"parent":0,"menu_order":0,"comment_status":"closed","ping_status":"closed","template":"page-head-back.php","meta":[],"_links":{"self":[{"href":"https:\/\/webserie.phyto-victimes.eu\/es\/wp-json\/wp\/v2\/pages\/5585"}],"collection":[{"href":"https:\/\/webserie.phyto-victimes.eu\/es\/wp-json\/wp\/v2\/pages"}],"about":[{"href":"https:\/\/webserie.phyto-victimes.eu\/es\/wp-json\/wp\/v2\/types\/page"}],"author":[{"embeddable":true,"href":"https:\/\/webserie.phyto-victimes.eu\/es\/wp-json\/wp\/v2\/users\/1"}],"replies":[{"embeddable":true,"href":"https:\/\/webserie.phyto-victimes.eu\/es\/wp-json\/wp\/v2\/comments?post=5585"}],"version-history":[{"count":2,"href":"https:\/\/webserie.phyto-victimes.eu\/es\/wp-json\/wp\/v2\/pages\/5585\/revisions"}],"predecessor-version":[{"id":5588,"href":"https:\/\/webserie.phyto-victimes.eu\/es\/wp-json\/wp\/v2\/pages\/5585\/revisions\/5588"}],"wp:featuredmedia":[{"embeddable":true,"href":"https:\/\/webserie.phyto-victimes.eu\/es\/wp-json\/wp\/v2\/media\/1271"}],"wp:attachment":[{"href":"https:\/\/webserie.phyto-victimes.eu\/es\/wp-json\/wp\/v2\/media?parent=5585"}],"curies":[{"name":"wp","href":"https:\/\/api.w.org\/{rel}","templated":true}]}}