{"id":5333,"date":"2021-05-04T09:52:16","date_gmt":"2021-05-04T07:52:16","guid":{"rendered":"https:\/\/phyto.bod-demo.fr\/?page_id=5333"},"modified":"2021-12-14T10:03:45","modified_gmt":"2021-12-14T09:03:45","slug":"transicion-agricola","status":"publish","type":"page","link":"https:\/\/webserie.phyto-victimes.eu\/es\/episodios\/transicion-agricola\/","title":{"rendered":"Transici\u00f3n (agr\u00edcola)"},"content":{"rendered":"<section class=\"kc-elm kc-css-724702 kc_row v2_feature_section7\"><div class=\"kc-row-container  kc-container\"><div class=\"kc-wrap-columns\"><div class=\"kc-elm kc-css-677553 kc_col-sm-12 kc-animated kc-animate-eff-fadeIn kc-animate-delay-200 kc_column kc_col-sm-12\"><div class=\"kc-col-container\"><div class=\"kc-elm kc-css-604898 kc_text_block content-text\"><\/p>\n<p><strong>C\u00f3mo se realiza la transici\u00f3n de la agricultura convencional a la ecol\u00f3gica ? Y, es todav\u00eda posible ?<\/strong><\/p>\n<p>Muchos agricultores nos dicen que, si bien es posible reducir el uso de pesticidas en un 30% es viable, ir m\u00e1s all\u00e1 es un riesgo importante.<\/p>\n<p>Con J\u00e9r\u00f4me R\u00e9tif, Mathieu Drouet, Michel B\u00e9douet, se est\u00e1n experimentando multitud de alternativas. Y se aprende de una manera diferente.<\/p>\n<p>\n<\/div><\/div><\/div><\/div><\/div><\/section>\n","protected":false},"excerpt":{"rendered":"","protected":false},"author":1,"featured_media":4979,"parent":1070,"menu_order":0,"comment_status":"closed","ping_status":"closed","template":"page-episode.php","meta":[],"_links":{"self":[{"href":"https:\/\/webserie.phyto-victimes.eu\/es\/wp-json\/wp\/v2\/pages\/5333"}],"collection":[{"href":"https:\/\/webserie.phyto-victimes.eu\/es\/wp-json\/wp\/v2\/pages"}],"about":[{"href":"https:\/\/webserie.phyto-victimes.eu\/es\/wp-json\/wp\/v2\/types\/page"}],"author":[{"embeddable":true,"href":"https:\/\/webserie.phyto-victimes.eu\/es\/wp-json\/wp\/v2\/users\/1"}],"replies":[{"embeddable":true,"href":"https:\/\/webserie.phyto-victimes.eu\/es\/wp-json\/wp\/v2\/comments?post=5333"}],"version-history":[{"count":7,"href":"https:\/\/webserie.phyto-victimes.eu\/es\/wp-json\/wp\/v2\/pages\/5333\/revisions"}],"predecessor-version":[{"id":6529,"href":"https:\/\/webserie.phyto-victimes.eu\/es\/wp-json\/wp\/v2\/pages\/5333\/revisions\/6529"}],"up":[{"embeddable":true,"href":"https:\/\/webserie.phyto-victimes.eu\/es\/wp-json\/wp\/v2\/pages\/1070"}],"wp:featuredmedia":[{"embeddable":true,"href":"https:\/\/webserie.phyto-victimes.eu\/es\/wp-json\/wp\/v2\/media\/4979"}],"wp:attachment":[{"href":"https:\/\/webserie.phyto-victimes.eu\/es\/wp-json\/wp\/v2\/media?parent=5333"}],"curies":[{"name":"wp","href":"https:\/\/api.w.org\/{rel}","templated":true}]}}