{"id":5313,"date":"2021-05-05T15:43:46","date_gmt":"2021-05-05T13:43:46","guid":{"rendered":"https:\/\/phyto.bod-demo.fr\/?page_id=5313"},"modified":"2022-01-27T14:36:52","modified_gmt":"2022-01-27T13:36:52","slug":"pense-que-estaba-a-salvo","status":"publish","type":"page","link":"https:\/\/webserie.phyto-victimes.eu\/es\/episodios\/pense-que-estaba-a-salvo\/","title":{"rendered":"Pens\u00e9 que estaba a salvo\u2026"},"content":{"rendered":"<section class=\"kc-elm kc-css-906315 kc_row v2_feature_section6\"><div class=\"kc-row-container  kc-container\"><div class=\"kc-wrap-columns\"><div class=\"kc-elm kc-css-348615 kc_col-sm-12 kc-animated kc-animate-eff-fadeIn kc_column kc_col-sm-12\"><div class=\"kc-col-container\"><div class=\"kc-elm kc-css-84972 kc_text_block content-text\"><\/p>\n<h4>El uso masivo de pesticidas es el resultado de una decisi\u00f3n social tomada tras la Segunda Guerra Mundial, cuando la producci\u00f3n agr\u00edcola no era suficiente para alimentar a toda la poblaci\u00f3n.<\/h4>\n<p>Pero hoy en d\u00eda las prioridades han cambiado, y a todos nos preocupa nuestra salud y el medio ambiente.<\/p>\n<p>La conciencia est\u00e1 ah\u00ed : los pesticidas enferman y matan. Entonces, por qu\u00e9 es tan dif\u00edcil salir de ellos ?<\/p>\n<p>Reflexionemos sobre nuestras acciones y compromisos diarios: qu\u00e9 podemos hacer para protegernos y evitar m\u00e1s tragedias ?<\/p>\n<p>\n<\/div><\/div><\/div><\/div><\/div><\/section>\n","protected":false},"excerpt":{"rendered":"","protected":false},"author":1,"featured_media":4973,"parent":1070,"menu_order":0,"comment_status":"closed","ping_status":"closed","template":"page-episode.php","meta":[],"_links":{"self":[{"href":"https:\/\/webserie.phyto-victimes.eu\/es\/wp-json\/wp\/v2\/pages\/5313"}],"collection":[{"href":"https:\/\/webserie.phyto-victimes.eu\/es\/wp-json\/wp\/v2\/pages"}],"about":[{"href":"https:\/\/webserie.phyto-victimes.eu\/es\/wp-json\/wp\/v2\/types\/page"}],"author":[{"embeddable":true,"href":"https:\/\/webserie.phyto-victimes.eu\/es\/wp-json\/wp\/v2\/users\/1"}],"replies":[{"embeddable":true,"href":"https:\/\/webserie.phyto-victimes.eu\/es\/wp-json\/wp\/v2\/comments?post=5313"}],"version-history":[{"count":6,"href":"https:\/\/webserie.phyto-victimes.eu\/es\/wp-json\/wp\/v2\/pages\/5313\/revisions"}],"predecessor-version":[{"id":6704,"href":"https:\/\/webserie.phyto-victimes.eu\/es\/wp-json\/wp\/v2\/pages\/5313\/revisions\/6704"}],"up":[{"embeddable":true,"href":"https:\/\/webserie.phyto-victimes.eu\/es\/wp-json\/wp\/v2\/pages\/1070"}],"wp:featuredmedia":[{"embeddable":true,"href":"https:\/\/webserie.phyto-victimes.eu\/es\/wp-json\/wp\/v2\/media\/4973"}],"wp:attachment":[{"href":"https:\/\/webserie.phyto-victimes.eu\/es\/wp-json\/wp\/v2\/media?parent=5313"}],"curies":[{"name":"wp","href":"https:\/\/api.w.org\/{rel}","templated":true}]}}