{"id":5292,"date":"2021-05-04T09:54:44","date_gmt":"2021-05-04T07:54:44","guid":{"rendered":"https:\/\/phyto.bod-demo.fr\/?page_id=5292"},"modified":"2022-01-27T18:03:26","modified_gmt":"2022-01-27T17:03:26","slug":"en-la-granja-de-europa","status":"publish","type":"page","link":"https:\/\/webserie.phyto-victimes.eu\/es\/episodios\/en-la-granja-de-europa\/","title":{"rendered":"LA RUTA DEL COMBATIENTE"},"content":{"rendered":"<section class=\"kc-elm kc-css-900358 kc_row v2_feature_section7\"><div class=\"kc-row-container  kc-container\"><div class=\"kc-wrap-columns\"><div class=\"kc-elm kc-css-869364 kc_col-sm-12 kc-animated kc-animate-eff-fadeIn kc-animate-delay-200 kc_column kc_col-sm-12\"><div class=\"kc-col-container\"><div class=\"kc-elm kc-css-634387 kc_text_block content-text\"><\/p>\n<p><strong>El retraso de la ciencia a la hora de probar la relaci\u00f3n entre la exposici\u00f3n y la patolog\u00eda y de las instituciones para hacerse cargo de la situaci\u00f3n crea situaciones dram\u00e1ticas.<\/strong><\/p>\n<p>Gaelle sufre un s\u00edndrome mieloproliferativo y Loick y Pascal una hipersensibilidad a los productos qu\u00edmicos, la cual se traduce en una intolerancia a los olores.<\/p>\n<p>Estas patolog\u00edas discapacitantes para la vida diaria no est\u00e1n reconocidas como enfermedades profesionales relacionadas con los pesticidas, a pesar de que existe una importante presunci\u00f3n de causalidad.<\/p>\n<p>Para estos trabajadores agr\u00edcolas, comienza una ruta del combatiente en la que se combinan las visitas m\u00e9dicas, la b\u00fasqueda de pruebas y los procedimientos judiciales.<\/p>\n<p>\n<\/div><\/div><\/div><\/div><\/div><\/section>\n","protected":false},"excerpt":{"rendered":"","protected":false},"author":1,"featured_media":4967,"parent":1070,"menu_order":0,"comment_status":"closed","ping_status":"closed","template":"page-episode.php","meta":[],"_links":{"self":[{"href":"https:\/\/webserie.phyto-victimes.eu\/es\/wp-json\/wp\/v2\/pages\/5292"}],"collection":[{"href":"https:\/\/webserie.phyto-victimes.eu\/es\/wp-json\/wp\/v2\/pages"}],"about":[{"href":"https:\/\/webserie.phyto-victimes.eu\/es\/wp-json\/wp\/v2\/types\/page"}],"author":[{"embeddable":true,"href":"https:\/\/webserie.phyto-victimes.eu\/es\/wp-json\/wp\/v2\/users\/1"}],"replies":[{"embeddable":true,"href":"https:\/\/webserie.phyto-victimes.eu\/es\/wp-json\/wp\/v2\/comments?post=5292"}],"version-history":[{"count":8,"href":"https:\/\/webserie.phyto-victimes.eu\/es\/wp-json\/wp\/v2\/pages\/5292\/revisions"}],"predecessor-version":[{"id":6716,"href":"https:\/\/webserie.phyto-victimes.eu\/es\/wp-json\/wp\/v2\/pages\/5292\/revisions\/6716"}],"up":[{"embeddable":true,"href":"https:\/\/webserie.phyto-victimes.eu\/es\/wp-json\/wp\/v2\/pages\/1070"}],"wp:featuredmedia":[{"embeddable":true,"href":"https:\/\/webserie.phyto-victimes.eu\/es\/wp-json\/wp\/v2\/media\/4967"}],"wp:attachment":[{"href":"https:\/\/webserie.phyto-victimes.eu\/es\/wp-json\/wp\/v2\/media?parent=5292"}],"curies":[{"name":"wp","href":"https:\/\/api.w.org\/{rel}","templated":true}]}}