{"id":5271,"date":"2021-05-04T09:54:19","date_gmt":"2021-05-04T07:54:19","guid":{"rendered":"https:\/\/phyto.bod-demo.fr\/?page_id=5271"},"modified":"2021-12-14T10:01:17","modified_gmt":"2021-12-14T09:01:17","slug":"en-busca-de-resiliencia","status":"publish","type":"page","link":"https:\/\/webserie.phyto-victimes.eu\/es\/episodios\/en-busca-de-resiliencia\/","title":{"rendered":"En busca de resiliencia"},"content":{"rendered":"<section class=\"kc-elm kc-css-204205 kc_row v2_feature_section7\"><div class=\"kc-row-container  kc-container\"><div class=\"kc-wrap-columns\"><div class=\"kc-elm kc-css-337670 kc_col-sm-12 kc-animated kc-animate-eff-fadeIn kc-animate-delay-200 kc_column kc_col-sm-12\"><div class=\"kc-col-container\"><div class=\"kc-elm kc-css-374193 kc_text_block content-text\"><\/p>\n<p><strong>Por qu\u00e9 es tan dif\u00edcil dejar los pesticidas? La agricultura es como un transatl\u00e1ntico. Se necesita tiempo para cambiar de rumbo.<\/strong><\/p>\n<p>Didier Roblet, Laurence Guichard, Olivier Coquard, Fabrice Micouraud \u00a0no han esperado a los grandes discursos sobre la necesidad de \u00abcambiar el modelo\u00bb : est\u00e1n experimentando, probando t\u00e9cnicas, aprovechando las funciones naturales de su entorno, mezclando m\u00e9todos tradicionales y herramientas de alta tecnolog\u00eda&#8230;<\/p>\n<p>A menudo son los \u00fanicos que asumen los riesgos que corren, en un contexto fuertemente influenciado por el modelo productivista.<\/p>\n<p>\n<\/div><\/div><\/div><\/div><\/div><\/section>\n","protected":false},"excerpt":{"rendered":"","protected":false},"author":1,"featured_media":4955,"parent":1070,"menu_order":0,"comment_status":"closed","ping_status":"closed","template":"page-episode.php","meta":[],"_links":{"self":[{"href":"https:\/\/webserie.phyto-victimes.eu\/es\/wp-json\/wp\/v2\/pages\/5271"}],"collection":[{"href":"https:\/\/webserie.phyto-victimes.eu\/es\/wp-json\/wp\/v2\/pages"}],"about":[{"href":"https:\/\/webserie.phyto-victimes.eu\/es\/wp-json\/wp\/v2\/types\/page"}],"author":[{"embeddable":true,"href":"https:\/\/webserie.phyto-victimes.eu\/es\/wp-json\/wp\/v2\/users\/1"}],"replies":[{"embeddable":true,"href":"https:\/\/webserie.phyto-victimes.eu\/es\/wp-json\/wp\/v2\/comments?post=5271"}],"version-history":[{"count":7,"href":"https:\/\/webserie.phyto-victimes.eu\/es\/wp-json\/wp\/v2\/pages\/5271\/revisions"}],"predecessor-version":[{"id":6524,"href":"https:\/\/webserie.phyto-victimes.eu\/es\/wp-json\/wp\/v2\/pages\/5271\/revisions\/6524"}],"up":[{"embeddable":true,"href":"https:\/\/webserie.phyto-victimes.eu\/es\/wp-json\/wp\/v2\/pages\/1070"}],"wp:featuredmedia":[{"embeddable":true,"href":"https:\/\/webserie.phyto-victimes.eu\/es\/wp-json\/wp\/v2\/media\/4955"}],"wp:attachment":[{"href":"https:\/\/webserie.phyto-victimes.eu\/es\/wp-json\/wp\/v2\/media?parent=5271"}],"curies":[{"name":"wp","href":"https:\/\/api.w.org\/{rel}","templated":true}]}}