{"id":5251,"date":"2021-05-04T09:54:32","date_gmt":"2021-05-04T07:54:32","guid":{"rendered":"https:\/\/phyto.bod-demo.fr\/?page_id=5251"},"modified":"2021-12-14T10:06:50","modified_gmt":"2021-12-14T09:06:50","slug":"la-resistencia-se-organiza","status":"publish","type":"page","link":"https:\/\/webserie.phyto-victimes.eu\/es\/episodios\/la-resistencia-se-organiza\/","title":{"rendered":"La resistencia se organiza"},"content":{"rendered":"<section class=\"kc-elm kc-css-919127 kc_row v2_feature_section7\"><div class=\"kc-row-container  kc-container\"><div class=\"kc-wrap-columns\"><div class=\"kc-elm kc-css-248038 kc_col-sm-12 kc-animated kc-animate-eff-fadeIn kc-animate-delay-200 kc_column kc_col-sm-12\"><div class=\"kc-col-container\"><div class=\"kc-elm kc-css-130208 kc_text_block content-text\"><\/p>\n<h4>Las v\u00edctimas suelen contar con la ayuda de sus seres queridos, c\u00f3nyuges, hijos y familiares, que sufren a diario las consecuencias de la enfermedad. La toma de conciencia del origen de su patolog\u00eda, es decir, el uso de plaguicidas, requiere a menudo un apoyo para obtener el reconocimiento como enfermedad profesional.<\/h4>\n<p>As\u00ed naci\u00f3 la asociaci\u00f3n Phyto-Victimes. Movilizarnos juntos, perseguir a los responsables y comprometernos para que \u00abesto se acabe\u00bb, para que no haya m\u00e1s enfermos.<\/p>\n<p>En Francia, los diputados luchan por conseguir la prohibici\u00f3n de los productos fitosanitarios y un fondo de compensaci\u00f3n para las v\u00edctimas. Pero el reconocimiento de ciertas patolog\u00edas vinculadas a los pesticidas como enfermedades profesionales sigue siendo complicado. La lucha por la salud medioambiental acaba de empezar\u2026<\/p>\n<p>\n<\/div><\/div><\/div><\/div><\/div><\/section>\n","protected":false},"excerpt":{"rendered":"","protected":false},"author":1,"featured_media":4931,"parent":1070,"menu_order":0,"comment_status":"closed","ping_status":"closed","template":"page-episode.php","meta":[],"_links":{"self":[{"href":"https:\/\/webserie.phyto-victimes.eu\/es\/wp-json\/wp\/v2\/pages\/5251"}],"collection":[{"href":"https:\/\/webserie.phyto-victimes.eu\/es\/wp-json\/wp\/v2\/pages"}],"about":[{"href":"https:\/\/webserie.phyto-victimes.eu\/es\/wp-json\/wp\/v2\/types\/page"}],"author":[{"embeddable":true,"href":"https:\/\/webserie.phyto-victimes.eu\/es\/wp-json\/wp\/v2\/users\/1"}],"replies":[{"embeddable":true,"href":"https:\/\/webserie.phyto-victimes.eu\/es\/wp-json\/wp\/v2\/comments?post=5251"}],"version-history":[{"count":5,"href":"https:\/\/webserie.phyto-victimes.eu\/es\/wp-json\/wp\/v2\/pages\/5251\/revisions"}],"predecessor-version":[{"id":6535,"href":"https:\/\/webserie.phyto-victimes.eu\/es\/wp-json\/wp\/v2\/pages\/5251\/revisions\/6535"}],"up":[{"embeddable":true,"href":"https:\/\/webserie.phyto-victimes.eu\/es\/wp-json\/wp\/v2\/pages\/1070"}],"wp:featuredmedia":[{"embeddable":true,"href":"https:\/\/webserie.phyto-victimes.eu\/es\/wp-json\/wp\/v2\/media\/4931"}],"wp:attachment":[{"href":"https:\/\/webserie.phyto-victimes.eu\/es\/wp-json\/wp\/v2\/media?parent=5251"}],"curies":[{"name":"wp","href":"https:\/\/api.w.org\/{rel}","templated":true}]}}