{"id":5192,"date":"2016-09-21T02:17:17","date_gmt":"2016-09-21T00:17:17","guid":{"rendered":"https:\/\/phyto.bod-demo.fr\/?page_id=5192"},"modified":"2022-01-27T14:41:37","modified_gmt":"2022-01-27T13:41:37","slug":"rebotar-despues-de-la-enfermedad","status":"publish","type":"page","link":"https:\/\/webserie.phyto-victimes.eu\/es\/episodios\/rebotar-despues-de-la-enfermedad\/","title":{"rendered":"Rebotar (despu\u00e9s de la enfermedad)"},"content":{"rendered":"<section class=\"kc-elm kc-css-108283 kc_row v2_feature_section7\"><div class=\"kc-row-container  kc-container\"><div class=\"kc-wrap-columns\"><div class=\"kc-elm kc-css-878380 kc_col-sm-12 kc-animated kc-animate-eff-fadeIn kc-animate-delay-200 kc_column kc_col-sm-12\"><div class=\"kc-col-container\"><div class=\"kc-elm kc-css-63740 kc_text_block content-text\"><\/p>\n<h4>Enterarse de que se tiene una enfermedad grave es violento. No puedes evitar preguntarte cu\u00e1l ha sido la causa.<\/h4>\n<p>En el mejor de los casos, su m\u00e9dico har\u00e1 lo vincular\u00e1 a su exposici\u00f3n a los pesticidas.<\/p>\n<p>Si no es as\u00ed, el diagn\u00f3stico se quedar\u00e1 sin explicaci\u00f3n, o peor, con la etiqueta de enfermedad psicol\u00f3gica, cuando hay muchos indicios que demuestran que la exposici\u00f3n a los pesticidas es seguramente la causa.<\/p>\n<p>Entonces comienza una larga batalla, la que vivi\u00f3 Julien Guillard : luchar a diario contra los s\u00edntomas y luchar para que la enfermedad sea reconocida como enfermedad profesional. Julien se compromete a que \u00abesto se acabe\u00bb, para que no haya m\u00e1s pacientes\u2026<\/p>\n<p>\n<\/div><\/div><\/div><\/div><\/div><\/section>\n","protected":false},"excerpt":{"rendered":"","protected":false},"author":1,"featured_media":4961,"parent":1070,"menu_order":0,"comment_status":"closed","ping_status":"closed","template":"page-episode.php","meta":[],"_links":{"self":[{"href":"https:\/\/webserie.phyto-victimes.eu\/es\/wp-json\/wp\/v2\/pages\/5192"}],"collection":[{"href":"https:\/\/webserie.phyto-victimes.eu\/es\/wp-json\/wp\/v2\/pages"}],"about":[{"href":"https:\/\/webserie.phyto-victimes.eu\/es\/wp-json\/wp\/v2\/types\/page"}],"author":[{"embeddable":true,"href":"https:\/\/webserie.phyto-victimes.eu\/es\/wp-json\/wp\/v2\/users\/1"}],"replies":[{"embeddable":true,"href":"https:\/\/webserie.phyto-victimes.eu\/es\/wp-json\/wp\/v2\/comments?post=5192"}],"version-history":[{"count":7,"href":"https:\/\/webserie.phyto-victimes.eu\/es\/wp-json\/wp\/v2\/pages\/5192\/revisions"}],"predecessor-version":[{"id":6706,"href":"https:\/\/webserie.phyto-victimes.eu\/es\/wp-json\/wp\/v2\/pages\/5192\/revisions\/6706"}],"up":[{"embeddable":true,"href":"https:\/\/webserie.phyto-victimes.eu\/es\/wp-json\/wp\/v2\/pages\/1070"}],"wp:featuredmedia":[{"embeddable":true,"href":"https:\/\/webserie.phyto-victimes.eu\/es\/wp-json\/wp\/v2\/media\/4961"}],"wp:attachment":[{"href":"https:\/\/webserie.phyto-victimes.eu\/es\/wp-json\/wp\/v2\/media?parent=5192"}],"curies":[{"name":"wp","href":"https:\/\/api.w.org\/{rel}","templated":true}]}}