{"id":5082,"date":"2016-05-02T09:09:19","date_gmt":"2016-05-02T07:09:19","guid":{"rendered":"https:\/\/phyto.bod-demo.fr\/?page_id=5082"},"modified":"2021-05-12T15:19:03","modified_gmt":"2021-05-12T13:19:03","slug":"descubra","status":"publish","type":"page","link":"https:\/\/webserie.phyto-victimes.eu\/es\/descubra\/","title":{"rendered":"Descubra"},"content":{"rendered":"<p><section data-kc-equalheight=\"true\" data-kc-equalheight-align=\"middle\" class=\"kc-elm kc-css-109450 kc-animated kc-animate-eff-fadeIn kc_row feature_section1\"><div class=\"kc-row-container  kc-container  phyto-row-widthtext\"><div class=\"kc-wrap-columns\"><div class=\"kc-elm kc-css-923515 kc_col-sm-5 kc-animated kc-animate-eff-fadeIn kc-animate-delay-200 kc_column kc_col-sm-5 one-half wrpfeatures animated eff-fadeInRight delay-400ms circle-cont\"><div class=\"kc-col-container\"><div class=\"kc-elm kc-css-350380 kc_shortcode kc_single_image\">\n\n        <img src=\"https:\/\/webserie.phyto-victimes.eu\/wp-content\/uploads\/2021\/04\/decouvrir1.jpg\" class=\"\" alt=\"\" \/>    <\/div>\n<\/div><\/div><div class=\"kc-elm kc-css-15094 kc_col-sm-7 kc-animated kc-animate-eff-fadeIn kc-animate-delay-200 kc_column kc_col-sm-7 welcome-left\"><div class=\"kc-col-container\">\n<div class=\"kc-elm kc-css-510958 kc-title-wrap \">\n\n\t<h4 class=\"kc_title title-style2\">La asociaci\u00f3n Phyto-Victimes fue creada en 2011 por un grupo de profesionales enfermos debido a los pesticidas. <\/h4>\n<\/div>\n<\/div><\/div><\/div><\/div><\/section><section class=\"kc-elm kc-css-914510 kc_row\"><div class=\"kc-row-container  kc-container  phyto-row-widthtext\"><div class=\"kc-wrap-columns\"><div class=\"kc-elm kc-css-461864 kc_col-sm-12 kc-animated kc-animate-eff-fadeIn kc_column kc_col-sm-12\"><div class=\"kc-col-container\"><div class=\"kc-elm kc-css-297678 kc_text_block content-text\"><\/p>\n<p>Hoy la preside Antoine Lambert, un agricultor de Normand\u00eda, pero durante casi 8 a\u00f1os la dirigi\u00f3 Paul Fran\u00e7ois, el agricultor al que se le reconoci\u00f3 la responsabilidad de Monsanto tras su envenenamiento por un herbicida de la firma.<\/p>\n<p>Nuestra asociaci\u00f3n cuenta con 500 miembros en toda Francia, principalmente agricultores enfermos por los pesticidas.<\/p>\n<p>Es la \u00fanica asociaci\u00f3n nacional que asiste a las v\u00edctimas en sus procedimientos administrativos o judiciales y sensibiliza sobre el impacto de los pesticidas en la salud humana y el medio ambiente.<\/p>\n<p>Desde 2011, Phyto-Victimes se ha propuesto ayudar a los agricultores y empleados agr\u00edcolas ; a los empleados de control de plagas, desinfecci\u00f3n, desinsectaci\u00f3n ; a los t\u00e9cnicos de cooperativas; a los agentes de espacios verdes ; a los paisajistas ; a los trabajadores de la madera ; etc. Sufren patolog\u00edas como la enfermedad de Parkinson ; diversos c\u00e1nceres (linfoma(s), sangre; pr\u00f3stata; vejiga, etc.), hipersensibilidad a productos qu\u00edmicos\u2026<\/p>\n<p>La particularidad de la asociaci\u00f3n, bastante inusual entre las asociaciones profesionales de apoyo a las v\u00edctimas, es que apoyamos tanto a los trabajadores no asalariados como a los asalariados.<\/p>\n<p>Esta labor de apoyo es complementaria a la de los organismos de seguridad social.<\/p>\n<p>Asistimos a las v\u00edctimas cubiertas por diversos reg\u00edmenes de protecci\u00f3n social (r\u00e9gimen general, r\u00e9gimen agrario, r\u00e9gimen de la funci\u00f3n p\u00fablica, reg\u00edmenes especiales). La asociaci\u00f3n de Phyto-Victimes cumple, por tanto, una misi\u00f3n de servicio p\u00fablico.<\/p>\n<p>As\u00ed, el procedimiento lo lleva a cabo la v\u00edctima (o sus familiares). El problema de las v\u00edctimas de los pesticidas es muy dif\u00edcil de formular, especialmente en el mundo agr\u00edcola, por lo que nos aseguramos de que cada persona se sienta acogida, sin juicios ni culpas.<\/p>\n<p>\n<\/div><\/div><\/div><\/div><\/div><\/section><section data-kc-equalheight=\"true\" data-kc-equalheight-align=\"middle\" class=\"kc-elm kc-css-308349 kc_row feature_section1\"><div class=\"kc-row-container  kc-container  phyto-row-widthtext\"><div class=\"kc-wrap-columns\"><div class=\"kc-elm kc-css-915613 kc_col-sm-8 kc-animated kc-animate-eff-fadeIn kc-animate-delay-200 kc_column kc_col-sm-8 welcome-left\"><div class=\"kc-col-container\">\n<div class=\"kc-elm kc-css-990253 kc-title-wrap \">\n\n\t<h2 class=\"kc_title\">CONTEXTO<\/h2>\n<\/div>\n<\/div><\/div><div class=\"kc-elm kc-css-394720 kc_col-sm-4 kc-animated kc-animate-eff-fadeIn kc-animate-delay-200 kc_column kc_col-sm-4 one-half wrpfeatures animated eff-fadeInRight delay-400ms circle-cont\"><div class=\"kc-col-container\"><div class=\"kc-elm kc-css-392811 kc_shortcode kc_single_image\">\n\n        <img src=\"https:\/\/webserie.phyto-victimes.eu\/wp-content\/uploads\/2021\/04\/decouvrir2.jpg\" class=\"\" alt=\"\" \/>    <\/div>\n<\/div><\/div><\/div><\/div><\/section><section class=\"kc-elm kc-css-681640 kc_row\"><div class=\"kc-row-container  kc-container  phyto-row-widthtext\"><div class=\"kc-wrap-columns\"><div class=\"kc-elm kc-css-923803 kc_col-sm-12 kc-animated kc-animate-eff-fadeIn kc_column kc_col-sm-12\"><div class=\"kc-col-container\">\n<div class=\"kc-elm kc-css-777522 kc-title-wrap \">\n\n\t<h4 class=\"kc_title\">Seremos todos v\u00edctimas de los productos fitosanitarios ma\u00f1ana ?<\/h4>\n<\/div>\n<div class=\"kc-elm kc-css-353868 kc_text_block content-text\"><\/p>\n<p>Francia es uno de los pa\u00edses que m\u00e1s pesticidas utiliza en Europa.<\/p>\n<p>En los \u00faltimos a\u00f1os, se ha reconocido oficialmente que enfermedades como el Parkinson y ciertas neoplasias hematol\u00f3gicas est\u00e1n relacionadas con el uso de pesticidas.<\/p>\n<p>Adem\u00e1s, cada vez se advierte m\u00e1s de la posible relaci\u00f3n con los c\u00e1nceres de pr\u00f3stata, vejiga y piel, los tumores cerebrales, el Alzheimer, la hipersensibilidad qu\u00edmica, los trastornos reproductivos y el desarrollo infantil.<\/p>\n<p>Los agricultores v\u00edctimas de los pesticidas -los primeros afectados- nos alertan del escaso reconocimiento de las v\u00edctimas y de la peligrosidad de los productos.<\/p>\n<p>\n<\/div><\/div><\/div><\/div><\/div><\/section><section class=\"kc-elm kc-css-177377 kc_row\"><div class=\"kc-row-container  kc-container  phyto-row-widthtext\"><div class=\"kc-wrap-columns\"><div class=\"kc-elm kc-css-503631 kc_col-sm-12 kc-animated kc-animate-eff-fadeIn kc_column kc_col-sm-12\"><div class=\"kc-col-container\">\n<div class=\"kc-elm kc-css-703316 kc-title-wrap \">\n\n\t<h4 class=\"kc_title\">Por qu\u00e9 no dejamos de usar pesticidas en la agricultura ?<\/h4>\n<\/div>\n<div class=\"kc-elm kc-css-179916 kc_text_block content-text\"><\/p>\n<p>No es tan f\u00e1cil de implementar. El sistema de producci\u00f3n actual no favorece el cambio. No se trata de una cuesti\u00f3n individual, sino colectiva. De hecho, nos concierne a todos, tanto a los agricultores como a los consumidores.<\/p>\n<p>\n<\/div><\/div><\/div><\/div><\/div><\/section><section class=\"kc-elm kc-css-283448 kc_row\"><div class=\"kc-row-container  kc-container  phyto-row-widthtext\"><div class=\"kc-wrap-columns\"><div class=\"kc-elm kc-css-74288 kc_col-sm-12 kc-animated kc-animate-eff-fadeIn kc_column kc_col-sm-12\"><div class=\"kc-col-container\">\n<div class=\"kc-elm kc-css-950742 kc-title-wrap \">\n\n\t<h4 class=\"kc_title\">Qui\u00e9n es el responsable ?<\/h4>\n<\/div>\n<div class=\"kc-elm kc-css-992282 kc_text_block content-text\"><\/p>\n<p>Los agricultores est\u00e1n atrapados en un c\u00edrculo vicioso. Endeudarse para poder producir y utilizar productos fitosanitarios a gran escala es a veces la \u00fanica manera de mantener la explotaci\u00f3n a flote.<\/p>\n<p>La responsabilidad es compartida entre el Estado y las empresas productoras de productos fitosanitarios.<\/p>\n<p>Hoy en d\u00eda, los profesionales sufren, est\u00e1n enfermos y est\u00e1n muy mal compensados. Las personas de su entorno tambi\u00e9n se ven afectadas. Hay que poner en marcha un sistema eficaz de reparaci\u00f3n y prevenci\u00f3n. Las opciones de consumo son esenciales para acompa\u00f1ar el cambio; los esquemas pol\u00edticos tradicionales puestos en marcha despu\u00e9s de la guerra para modernizar la agricultura ya no son pertinentes hoy en d\u00eda.<\/p>\n<p>\n<\/div><\/div><\/div><\/div><\/div><\/section><\/p>\n","protected":false},"excerpt":{"rendered":"","protected":false},"author":1,"featured_media":1336,"parent":0,"menu_order":0,"comment_status":"closed","ping_status":"closed","template":"page-head-back.php","meta":[],"_links":{"self":[{"href":"https:\/\/webserie.phyto-victimes.eu\/es\/wp-json\/wp\/v2\/pages\/5082"}],"collection":[{"href":"https:\/\/webserie.phyto-victimes.eu\/es\/wp-json\/wp\/v2\/pages"}],"about":[{"href":"https:\/\/webserie.phyto-victimes.eu\/es\/wp-json\/wp\/v2\/types\/page"}],"author":[{"embeddable":true,"href":"https:\/\/webserie.phyto-victimes.eu\/es\/wp-json\/wp\/v2\/users\/1"}],"replies":[{"embeddable":true,"href":"https:\/\/webserie.phyto-victimes.eu\/es\/wp-json\/wp\/v2\/comments?post=5082"}],"version-history":[{"count":5,"href":"https:\/\/webserie.phyto-victimes.eu\/es\/wp-json\/wp\/v2\/pages\/5082\/revisions"}],"predecessor-version":[{"id":5521,"href":"https:\/\/webserie.phyto-victimes.eu\/es\/wp-json\/wp\/v2\/pages\/5082\/revisions\/5521"}],"wp:featuredmedia":[{"embeddable":true,"href":"https:\/\/webserie.phyto-victimes.eu\/es\/wp-json\/wp\/v2\/media\/1336"}],"wp:attachment":[{"href":"https:\/\/webserie.phyto-victimes.eu\/es\/wp-json\/wp\/v2\/media?parent=5082"}],"curies":[{"name":"wp","href":"https:\/\/api.w.org\/{rel}","templated":true}]}}