{"id":5036,"date":"2016-04-13T04:31:11","date_gmt":"2016-04-13T02:31:11","guid":{"rendered":"https:\/\/phyto.bod-demo.fr\/demo-version-1-2\/"},"modified":"2021-06-15T12:28:36","modified_gmt":"2021-06-15T10:28:36","slug":"demo-version-1-2","status":"publish","type":"page","link":"https:\/\/webserie.phyto-victimes.eu\/es\/","title":{"rendered":"P\u00e1gina de inicio"},"content":{"rendered":"<p><section class=\"kc-elm kc-css-353150 kc_row main-hp-head\"><div class=\"kc-row-container\"><div class=\"kc-wrap-columns\"><div class=\"kc-elm kc-css-635880 kc_col-sm-12 kc_column kc_col-sm-12\"><div class=\"kc-col-container\"><div class=\"widget master-slider-main-widget kc-elm kc-css-692723\">\n\t\t<!-- MasterSlider -->\n\t\t<div id=\"P_MS69e6565b4935a\" class=\"master-slider-parent ms-parent-id-1\"  >\n\n\t\t\t\n\t\t\t<!-- MasterSlider Main -->\n\t\t\t<div id=\"MS69e6565b4935a\" class=\"master-slider ms-skin-default\" >\n\t\t\t\t \t\t\t\t \n\t\t\t<div id=\"main-home-layer-1\" class=\"ms-slide\" data-delay=\"4\" data-fill-mode=\"fill\"  >\n\t\t\t\t\t<img src=\"https:\/\/webserie.phyto-victimes.eu\/wp-content\/plugins\/masterslider\/public\/assets\/css\/blank.gif\" alt=\"\" title=\"\" data-src=\"https:\/\/webserie.phyto-victimes.eu\/wp-content\/uploads\/2021\/06\/Photo-pour-t\u00e9l\u00e9phone-si-Phyto.jpg\" \/>\n\t<video data-autopause=\"false\" data-mute=\"true\" data-loop=\"true\" data-fill-mode=\"fill\" >\n\t\t<source src=\"https:\/\/webserie.phyto-victimes.eu\/wp-content\/uploads\/2021\/05\/Film-Home-page-vignetage-6-05-21.mp4\" type=\"video\/mp4\"\/>\n\t<\/video>\n\n\t\t\t\t\t<div  class=\"ms-layer main_text1 msp-cn-1-42\" style=\"\"   data-effect=\"t(true,n,45,n,n,n,n,n,n,n,n,n,n,n,n)\" data-duration=\"1800\"  data-ease=\"easeOutExpo\"                data-offset-x=\"0\" data-offset-y=\"-80\" data-origin=\"mc\" data-position=\"normal\" >\n<span class=\"top\">PHYTO-VICTIMES<\/span><\/div>\n\n\t\t\t\t\t<div  class=\"ms-layer main_text2 msp-cn-1-45\" style=\"width:600px;\"   data-effect=\"t(true,n,n,45,n,n,n,n,n,n,n,n,n,n,n)\" data-duration=\"1800\" data-delay=\"600\" data-ease=\"easeOutExpo\"                data-offset-x=\"0\" data-offset-y=\"46\" data-origin=\"mc\" data-position=\"normal\" >\nLa lucha por el reconocimiento<\/div>\n\n\t\t\t\t\t<div  class=\"ms-layer arow-down msp-cn-1-43\" style=\"\"   data-effect=\"t(true,n,n,45,n,n,n,n,n,n,n,n,n,n,n)\" data-duration=\"1800\" data-delay=\"600\" data-ease=\"easeOutExpo\"                data-offset-x=\"0\" data-offset-y=\"0\" data-origin=\"bc\" data-position=\"normal\" >\n<\/div>\n\n\t\t\t\t\t<a id=\"btn-see-detail\" href=\"javascript:void(0);\" target=\"_self\" class=\"ms-layer universe-slider-btn btn-white msp-cn-1-44 ms-btn ms-btn-box ms-btn-n msp-preset-btn-159\" data-effect=\"t(true,n,n,n,n,n,n,n,1.5,1.6,n,n,n,n,n)\" data-duration=\"1800\" data-delay=\"200\" data-ease=\"easeInOutExpo\"        data-type=\"button\"        data-offset-x=\"0\" data-offset-y=\"311\" data-origin=\"mc\" data-position=\"normal\"   >\nver el teaser<\/a>\n\n\t\t\t\t\t<div  class=\"ms-layer hp-slider-scrolldown\" style=\"\"      data-ease=\"easeOutQuint\"        data-type=\"hotspot\"  data-align=\"top\" data-stay-hover=\"false\" data-width=\"0\" data-target=\"_self\"   data-offset-x=\"660\" data-offset-y=\"772\" data-origin=\"tl\" data-position=\"normal\" >\n<\/div>\n\n\n\t\t\t\t<\/div>\n\n\t\t\t<\/div>\n\t\t\t<!-- END MasterSlider Main -->\n\n\t\t\t \n\t\t<\/div>\n\t\t<!-- END MasterSlider -->\n\n\t\t<script>\n\t\t( window.MSReady = window.MSReady || [] ).push( function( $ ) {\n\n\t\t\t\"use strict\";\n\t\t\tvar masterslider_935a = new MasterSlider();\n\n\t\t\t\/\/ slider controls\n\t\t\t\/\/ slider setup\n\t\t\tmasterslider_935a.setup(\"MS69e6565b4935a\", {\n\t\t\t\twidth           : 1330,\n\t\t\t\theight          : 820,\n\t\t\t\tminHeight       : 820,\n\t\t\t\tspace           : 0,\n\t\t\t\tstart           : 1,\n\t\t\t\tgrabCursor      : true,\n\t\t\t\tswipe           : false,\n\t\t\t\tmouse           : true,\n\t\t\t\tkeyboard        : false,\n\t\t\t\tlayout          : \"fullwidth\",\n\t\t\t\twheel           : false,\n\t\t\t\tautoplay        : true,\n\t\t\t\tinstantStartLayers:false,\n\t\t\t\tloop            : true,\n\t\t\t\tshuffle         : false,\n\t\t\t\tpreload         : 1,\n\t\t\t\theightLimit     : true,\n\t\t\t\tautoHeight      : true,\n\t\t\t\tsmoothHeight    : true,\n\t\t\t\tendPause        : false,\n\t\t\t\toverPause       : true,\n\t\t\t\tfillMode        : \"fill\",\n\t\t\t\tcenterControls  : true,\n\t\t\t\tstartOnAppear   : true,\n\t\t\t\tlayersMode      : \"center\",\n\t\t\t\tautofillTarget  : \"\",\n\t\t\t\thideLayers      : false,\n\t\t\t\tfullscreenMargin: 0,\n\t\t\t\tspeed           : 50,\n\t\t\t\tdir             : \"h\",\n\t\t\t\tparallaxMode    : 'swipe',\n\t\t\t\tview            : \"parallaxMask\"\n\t\t\t});\n\n\t\t\t\n\t\t\t$(\"head\").append( \"<link rel='stylesheet' id='ms-fonts'  href='\/\/fonts.googleapis.com\/css?family=Josefin+Sans:700,600' type='text\/css' media='all' \/>\" );\n\n\t\t\twindow.masterslider_instances = window.masterslider_instances || [];\n\t\t\twindow.masterslider_instances.push( masterslider_935a );\n\t\t});\n\t\t<\/script>\n\n<\/div><div class=\"kc-elm kc-css-889558 kc-raw-code\">\n\n<div class=\"hp-video-container\">\n    <div class=\"phyto-episode\">\n        <div id=\"videoparent\">\n                            <div class=\"no-youtube\">\n                    Lo sentimos, como has rechazado las cookies, no podemos ofrecerte nuestros v\u00eddeos de Youtube.                     <br>\n                    Si quieres cambiar de opini\u00f3n:<br> <a href='\/es' data-cli_action=\"accept\" id=\"CONSTANT_OPEN_URL\"  class=\"medium cli-plugin-button cli-plugin-main-button cookie_action_close_header cli_action_button\" style=\"display:inline-block; \">Aceptar<\/a>                    <br><br> <a href=\"https:\/\/policies.google.com\/privacy?hl=fr&gl=fr\" target=\"_blank\" class=\"cookies-more wide\">- Para m\u00e1s informaci\u00f3n, visite la pol\u00edtica de cookies de YouTube<\/a><\/a>                <\/div>\n                    <\/div>\n    <\/div>\n<\/div>\n<\/div><\/div><\/div><\/div><\/div><\/section><section id=\"logos-left\" class=\"kc-elm kc-css-842941 kc_row slider-logos-container\"><div class=\"kc-row-container\"><div class=\"kc-wrap-columns\"><div class=\"kc-elm kc-css-858658 kc_col-sm-12 kc_column kc_col-sm-12\"><div class=\"slider-left-col kc-col-container\"><div class=\"kc-elm kc-css-2589 kc_shortcode kc_single_image phyto-logo-head\">\n\n        <img src=\"https:\/\/webserie.phyto-victimes.eu\/wp-content\/uploads\/2021\/04\/AK-69x37xc.png\" class=\"\" alt=\"\" \/>    <\/div>\n<div class=\"kc-elm kc-css-492879 kc_shortcode kc_single_image phyto-logo-head\">\n\n        <img src=\"https:\/\/webserie.phyto-victimes.eu\/wp-content\/uploads\/2021\/04\/carasso.png\" class=\"\" alt=\"\" \/>    <\/div>\n<div class=\"kc-elm kc-css-943603 kc_shortcode kc_single_image phyto-logo-head\">\n\n        <img src=\"https:\/\/webserie.phyto-victimes.eu\/wp-content\/uploads\/2021\/04\/FondationLeaNature.png\" class=\"\" alt=\"\" \/>    <\/div>\n<div class=\"kc-elm kc-css-360821 kc_shortcode kc_single_image phyto-logo-head\">\n\n        <img src=\"https:\/\/webserie.phyto-victimes.eu\/wp-content\/uploads\/2021\/04\/heal.png\" class=\"\" alt=\"\" \/>    <\/div>\n<\/div><\/div><\/div><\/div><\/section><section id=\"logos-right\" class=\"kc-elm kc-css-505081 kc_row slider-logos-container logo-right-block\"><div class=\"kc-row-container\"><div class=\"kc-wrap-columns\"><div class=\"kc-elm kc-css-559739 kc_col-sm-12 kc_column kc_col-sm-12\"><div class=\"slider-right-col kc-col-container\"><div class=\"kc-elm kc-css-730630 kc_shortcode kc_single_image phyto-logo-head\">\n\n        <img src=\"https:\/\/webserie.phyto-victimes.eu\/wp-content\/uploads\/2021\/04\/ministere-1.png\" class=\"\" alt=\"\" \/>    <\/div>\n<div class=\"kc-elm kc-css-115197 kc_shortcode kc_single_image phyto-logo-head\">\n\n        <img src=\"https:\/\/webserie.phyto-victimes.eu\/wp-content\/uploads\/2021\/04\/ministere62.png\" class=\"\" alt=\"\" \/>    <\/div>\n<div class=\"kc-elm kc-css-444706 kc_shortcode kc_single_image phyto-logo-head\">\n\n        <img src=\"https:\/\/webserie.phyto-victimes.eu\/wp-content\/uploads\/2021\/04\/nouvellaquitaine-55x74xc.png\" class=\"\" alt=\"\" \/>    <\/div>\n<\/div><\/div><\/div><\/div><\/section><section class=\"kc-elm kc-css-425907 kc_row uni-section-58\"><div class=\"kc-row-container  kc-container  intro-home\"><div class=\"kc-wrap-columns\"><div class=\"kc-elm kc-css-276767 kc_col-sm-12 kc-animated kc-animate-eff-fadeIn kc_column kc_col-sm-12\"><div class=\"kc-col-container\"><div class=\"kc-elm kc-css-137275 kc_text_block content-text\"><\/p>\n<h4>En contacto con pesticidas por su actividad profesional, han experimentado o experimentan problemas de salud relacionados con estos productos t\u00f3xicos: c\u00e1ncer de pr\u00f3stata, tumores del sistema nervioso central, mieloma m\u00faltiple, linfoma, enfermedad de Parkinson.<\/h4>\n<p>Criadores, arboricultores, viticultores, horticultores, temporeros o empleados expuestos al volver a entrar en los campos, al reparar la maquinaria o al descargar las semillas&#8230;<\/p>\n<p>Estas v\u00edctimas forman parte del mundo de la agricultura, pero otros sectores tambi\u00e9n se ven afectados: paisajistas, mantenimiento de espacios verdes, oficios de la madera&#8230;<\/p>\n<p>Tras d\u00e9cadas de discursos tranquilizadores, los agricultores y la sociedad en su conjunto empiezan a percibir los m\u00faltiples peligros que representan los pesticidas. Varios estudios cient\u00edficos (AGRICAN, Inserm&#8230;) confirman la excesiva representaci\u00f3n de profesionales expuestos a plaguicidas entre determinados grupos de pacientes.<\/p>\n<p>Sin embargo, se siguen comercializando productos cuya nocividad es conocida y probada. Y las v\u00edctimas de estos productos deben luchar sin descanso para hacer valer sus derechos, ser reconocidas y compensadas.<\/p>\n<p>Phyto-victimes es una serie web que cuenta la historia de su lucha y discute soluciones para reducir juntos el impacto de los pesticidas.<\/p>\n<p>\n<\/div><\/div><\/div><\/div><\/div><\/section><section class=\"kc-elm kc-css-958324 kc_row uni-section-58\"><div class=\"kc-row-container  kc-container\"><div class=\"kc-wrap-columns\"><div class=\"kc-elm kc-css-366875 kc_col-sm-12 kc-animated kc-animate-eff-fadeIn kc_column kc_col-sm-12\"><div class=\"kc-col-container\">\n<div class=\"kc-elm kc-css-794787 kc-animated kc-animate-eff-fadeIn kc-animate-delay-200 kc-title-wrap \">\n\n\t<h5 class=\"kc_title partagez\">Comparta <span>#phytovictimes<\/span><\/h5>\n<\/div>\n<div class=\"kc-elm kc-css-440658 kc-multi-icons-wrapper\">\n\t\t\t<a href=\"https:\/\/www.facebook.com\/sharer\/sharer.php?u=https:\/\/webserie.phyto-victimes.eu\" target=\"_blank\" title=\"\" class=\"multi-icons-link multi-iconsfab-facebook-f\">\n\t\t\t<i class=\"fab-facebook-f\"><\/i>\n\t\t<\/a>\n\n\t\t\t<a href=\"#phyto-victimes https:\/\/twitter.com\/intent\/tweet?text=https:\/\/webserie.phyto-victimes.eu\" target=\"_blank\" title=\"\" class=\"multi-icons-link multi-iconsfab-twitter\">\n\t\t\t<i class=\"fab-twitter\"><\/i>\n\t\t<\/a>\n\n\t<\/div>\n<\/div><\/div><\/div><\/div><\/section><section class=\"kc-elm kc-css-282534 kc_row uni-section-58\"><div class=\"kc-row-container  kc-container\"><div class=\"kc-wrap-columns\"><div class=\"kc-elm kc-css-505298 kc_col-sm-12 kc-animated kc-animate-eff-fadeIn kc_column kc_col-sm-12\"><div class=\"main-title-episodes kc-col-container\">\n<div class=\"kc-elm kc-css-220125 kc-animated kc-animate-eff-fadeIn kc-animate-delay-200 kc-title-wrap \">\n\n\t<h3 class=\"kc_title\">episodios<\/h3>\n<\/div>\n<\/div><\/div><\/div><\/div><\/section><section class=\"kc-elm kc-css-744458 kc_row\"><div class=\"kc-row-container  kc-container  list-episodes-home\"><div class=\"kc-wrap-columns\"><div class=\"kc-elm kc-css-245773 kc_col-sm-12 kc-animated kc-animate-eff-fadeIn kc_column kc_col-sm-12\"><div class=\"kc-col-container\"><div class=\"kc-elm kc-css-487565 kc-raw-code\">\n        <section class=\"kc-elm kc-css-184555 kc_row row-episode\" style=\"\n    background-image: linear-gradient(rgba(0, 0, 0, 0.5), rgba(0, 0, 0, 0.5)), url(https:\/\/webserie.phyto-victimes.eu\/wp-content\/uploads\/2021\/05\/vignettes-menu-site-PV00001.jpg);\">\n            <div class=\"kc-row-container  kc-container\" wfd-id=\"65\">\n                <div class=\"kc-wrap-columns\" w>\n                    <div class=\"kc-elm kc-css-209537 kc_col-sm-12 kc_column kc_col-sm-12 kc-pc-loaded\" >\n                        <div class=\"kc-col-container\" >\n                            <div class=\"kc-elm kc-css-44952 kc-title-wrap  kc-pc-loaded\" style=\"\" >\n\n                                <h1 class=\"kc_title title-style1\">\n\n                                                                        <a class=\"play-btn\" href=\"https:\/\/webserie.phyto-victimes.eu\/es\/episodios\/denunciantes\/\"><\/a>\n                                    \n\n                                    <p>episodio 1 <\/p>\n\n                                                                        <a href=\"https:\/\/webserie.phyto-victimes.eu\/es\/episodios\/denunciantes\/\">Denunciantes<\/a>\n                                    \n\n                                                                    <\/h1>\n                            <\/div>\n                        <\/div>\n                    <\/div>\n                <\/div>\n            <\/div>\n        <\/section>\n        \n        <section class=\"kc-elm kc-css-184555 kc_row row-episode\" style=\"\n    background-image: linear-gradient(rgba(0, 0, 0, 0.5), rgba(0, 0, 0, 0.5)), url(https:\/\/webserie.phyto-victimes.eu\/wp-content\/uploads\/2021\/05\/vignettes-menu-site-PV00002.jpg);\">\n            <div class=\"kc-row-container  kc-container\" wfd-id=\"65\">\n                <div class=\"kc-wrap-columns\" w>\n                    <div class=\"kc-elm kc-css-209537 kc_col-sm-12 kc_column kc_col-sm-12 kc-pc-loaded\" >\n                        <div class=\"kc-col-container\" >\n                            <div class=\"kc-elm kc-css-44952 kc-title-wrap  kc-pc-loaded\" style=\"\" >\n\n                                <h1 class=\"kc_title title-style1\">\n\n                                                                        <a class=\"play-btn\" href=\"https:\/\/webserie.phyto-victimes.eu\/es\/episodios\/en-la-granja-de-europa\/\"><\/a>\n                                    \n\n                                    <p>episodio 2 <\/p>\n\n                                                                        <a href=\"https:\/\/webserie.phyto-victimes.eu\/es\/episodios\/en-la-granja-de-europa\/\">LA RUTA DEL COMBATIENTE<\/a>\n                                    \n\n                                                                    <\/h1>\n                            <\/div>\n                        <\/div>\n                    <\/div>\n                <\/div>\n            <\/div>\n        <\/section>\n        \n        <section class=\"kc-elm kc-css-184555 kc_row row-episode\" style=\"\n    background-image: linear-gradient(rgba(0, 0, 0, 0.5), rgba(0, 0, 0, 0.5)), url(https:\/\/webserie.phyto-victimes.eu\/wp-content\/uploads\/2021\/05\/vignettes-menu-site-PV00007-copie.jpg);\">\n            <div class=\"kc-row-container  kc-container\" wfd-id=\"65\">\n                <div class=\"kc-wrap-columns\" w>\n                    <div class=\"kc-elm kc-css-209537 kc_col-sm-12 kc_column kc_col-sm-12 kc-pc-loaded\" >\n                        <div class=\"kc-col-container\" >\n                            <div class=\"kc-elm kc-css-44952 kc-title-wrap  kc-pc-loaded\" style=\"\" >\n\n                                <h1 class=\"kc_title title-style1\">\n\n                                                                        <a class=\"play-btn\" href=\"https:\/\/webserie.phyto-victimes.eu\/es\/episodios\/pense-que-estaba-a-salvo\/\"><\/a>\n                                    \n\n                                    <p>episodio 3 <\/p>\n\n                                                                        <a href=\"https:\/\/webserie.phyto-victimes.eu\/es\/episodios\/pense-que-estaba-a-salvo\/\">Pens\u00e9 que estaba a salvo\u2026<\/a>\n                                    \n\n                                                                    <\/h1>\n                            <\/div>\n                        <\/div>\n                    <\/div>\n                <\/div>\n            <\/div>\n        <\/section>\n        \n        <section class=\"kc-elm kc-css-184555 kc_row row-episode\" style=\"\n    background-image: linear-gradient(rgba(0, 0, 0, 0.5), rgba(0, 0, 0, 0.5)), url(https:\/\/webserie.phyto-victimes.eu\/wp-content\/uploads\/2021\/05\/vignettes-menu-site-PV00003.jpg);\">\n            <div class=\"kc-row-container  kc-container\" wfd-id=\"65\">\n                <div class=\"kc-wrap-columns\" w>\n                    <div class=\"kc-elm kc-css-209537 kc_col-sm-12 kc_column kc_col-sm-12 kc-pc-loaded\" >\n                        <div class=\"kc-col-container\" >\n                            <div class=\"kc-elm kc-css-44952 kc-title-wrap  kc-pc-loaded\" style=\"\" >\n\n                                <h1 class=\"kc_title title-style1\">\n\n                                                                        <a class=\"play-btn\" href=\"https:\/\/webserie.phyto-victimes.eu\/es\/episodios\/rebotar-despues-de-la-enfermedad\/\"><\/a>\n                                    \n\n                                    <p>episodio 4 <\/p>\n\n                                                                        <a href=\"https:\/\/webserie.phyto-victimes.eu\/es\/episodios\/rebotar-despues-de-la-enfermedad\/\">Rebotar (despu\u00e9s de la enfermedad)<\/a>\n                                    \n\n                                                                    <\/h1>\n                            <\/div>\n                        <\/div>\n                    <\/div>\n                <\/div>\n            <\/div>\n        <\/section>\n        \n        <section class=\"kc-elm kc-css-184555 kc_row row-episode\" style=\"\n    background-image: linear-gradient(rgba(0, 0, 0, 0.5), rgba(0, 0, 0, 0.5)), url(https:\/\/webserie.phyto-victimes.eu\/wp-content\/uploads\/2021\/05\/vignettes-menu-site-PV00005-copie.jpg);\">\n            <div class=\"kc-row-container  kc-container\" wfd-id=\"65\">\n                <div class=\"kc-wrap-columns\" w>\n                    <div class=\"kc-elm kc-css-209537 kc_col-sm-12 kc_column kc_col-sm-12 kc-pc-loaded\" >\n                        <div class=\"kc-col-container\" >\n                            <div class=\"kc-elm kc-css-44952 kc-title-wrap  kc-pc-loaded\" style=\"\" >\n\n                                <h1 class=\"kc_title title-style1\">\n\n                                                                            <a class=\"play-btn not_disponible\"  href=\"#\" ><\/a>\n                                    \n\n                                    <p>episodio 5 <\/p>\n\n                                                                            Transici\u00f3n (agr\u00edcola)                                    \n\n                                                                            <p class=\"not_disponible\">Pronto disponible <\/p>\n                                                                    <\/h1>\n                            <\/div>\n                        <\/div>\n                    <\/div>\n                <\/div>\n            <\/div>\n        <\/section>\n        \n        <section class=\"kc-elm kc-css-184555 kc_row row-episode\" style=\"\n    background-image: linear-gradient(rgba(0, 0, 0, 0.5), rgba(0, 0, 0, 0.5)), url(https:\/\/webserie.phyto-victimes.eu\/wp-content\/uploads\/2021\/05\/vignettes-menu-site-PV00004.jpg);\">\n            <div class=\"kc-row-container  kc-container\" wfd-id=\"65\">\n                <div class=\"kc-wrap-columns\" w>\n                    <div class=\"kc-elm kc-css-209537 kc_col-sm-12 kc_column kc_col-sm-12 kc-pc-loaded\" >\n                        <div class=\"kc-col-container\" >\n                            <div class=\"kc-elm kc-css-44952 kc-title-wrap  kc-pc-loaded\" style=\"\" >\n\n                                <h1 class=\"kc_title title-style1\">\n\n                                                                            <a class=\"play-btn not_disponible\"  href=\"#\" ><\/a>\n                                    \n\n                                    <p>episodio 6 <\/p>\n\n                                                                            En busca de resiliencia                                    \n\n                                                                            <p class=\"not_disponible\">Pronto disponible <\/p>\n                                                                    <\/h1>\n                            <\/div>\n                        <\/div>\n                    <\/div>\n                <\/div>\n            <\/div>\n        <\/section>\n        \n        <section class=\"kc-elm kc-css-184555 kc_row row-episode\" style=\"\n    background-image: linear-gradient(rgba(0, 0, 0, 0.5), rgba(0, 0, 0, 0.5)), url(https:\/\/webserie.phyto-victimes.eu\/wp-content\/uploads\/2021\/05\/vignettes-menu-site-PV0006.jpg);\">\n            <div class=\"kc-row-container  kc-container\" wfd-id=\"65\">\n                <div class=\"kc-wrap-columns\" w>\n                    <div class=\"kc-elm kc-css-209537 kc_col-sm-12 kc_column kc_col-sm-12 kc-pc-loaded\" >\n                        <div class=\"kc-col-container\" >\n                            <div class=\"kc-elm kc-css-44952 kc-title-wrap  kc-pc-loaded\" style=\"\" >\n\n                                <h1 class=\"kc_title title-style1\">\n\n                                                                            <a class=\"play-btn not_disponible\"  href=\"#\" ><\/a>\n                                    \n\n                                    <p>episodio 7 <\/p>\n\n                                                                            La resistencia se organiza                                    \n\n                                                                            <p class=\"not_disponible\">Pronto disponible <\/p>\n                                                                    <\/h1>\n                            <\/div>\n                        <\/div>\n                    <\/div>\n                <\/div>\n            <\/div>\n        <\/section>\n        <\/div><\/div><\/div><\/div><\/div><\/section><section class=\"kc-elm kc-css-408444 kc_row v2_feature_newsletters\"><div class=\"kc-row-container  kc-container\"><div class=\"kc-wrap-columns\"><div class=\"kc-elm kc-css-307337 kc_col-sm-12 kc-animated kc-animate-eff-fadeIn kc-animate-delay-100 kc_column kc_col-sm-12 one_half\"><div class=\"kc-col-container\">\n<div class=\"kc-elm kc-css-365179 kc-title-wrap \">\n\n\t<h3 class=\"kc_title\">Notificarme los pr\u00f3ximos episodios<\/h3>\n<\/div>\n<div class=\"kc-elm kc-css-522430 kc-raw-code\"><div class=\"forminator-ui forminator-custom-form forminator-custom-form-5043 forminator-design--flat  forminator_ajax\" data-forminator-render=\"0\" data-form=\"forminator-module-5043\"><br\/><\/div><form\r\n\t\t\t\tid=\"forminator-module-5043\"\r\n\t\t\t\tclass=\"forminator-ui forminator-custom-form forminator-custom-form-5043 forminator-design--flat  forminator_ajax\"\r\n\t\t\t\tmethod=\"post\"\r\n\t\t\t\tdata-forminator-render=\"0\"\r\n\t\t\t\tdata-form-id=\"5043\"\r\n\t\t\t\t\r\n\t\t\t\tdata-design=\"flat\"\r\n\t\t\t\t\r\n\t\t\t\t\r\n\t\t\t\t\r\n\t\t\t\tdata-grid=\"open\"\r\n\t\t\t\t\r\n\t\t\t\t\r\n\t\t\t\tstyle=\"display: none;\"\r\n\t\t\t><div class=\"forminator-response-message forminator-error\" aria-hidden=\"true\"><\/div><div class=\"forminator-row\"><div id=\"email-1\" class=\"forminator-col forminator-col-12  enter_email_input_cont\"><div class=\"forminator-field\"><input type=\"email\" name=\"email-1\" value=\"\" placeholder=\"Mi correo electr\u00f3nico\" id=\"forminator-field-email-1\" class=\"forminator-input forminator-email--field\" data-required=\"true\" aria-required=\"true\" \/><\/div><\/div><\/div><div class=\"forminator-row forminator-hidden\"><input type=\"hidden\" id=\"hidden-1\" name=\"hidden-1\" value=\"ES\" \/><\/div><input type=\"hidden\" name=\"referer_url\" value=\"\" \/><div class=\"forminator-row forminator-row-last\"><div class=\"forminator-col\"><div class=\"forminator-field\"><button class=\"forminator-button forminator-button-submit input_submit\">Validar<\/button><\/div><\/div><\/div><input type=\"hidden\" id=\"forminator_nonce\" name=\"forminator_nonce\" value=\"a825eba32a\" \/><input type=\"hidden\" name=\"_wp_http_referer\" value=\"\/es\/wp-json\/wp\/v2\/pages\/5036\" \/><input type=\"hidden\" name=\"form_id\" value=\"5043\"><input type=\"hidden\" name=\"page_id\" value=\"5036\"><input type=\"hidden\" name=\"form_type\" value=\"default\"><input type=\"hidden\" name=\"current_url\" value=\"https:\/\/webserie.phyto-victimes.eu\/es\/wp-json\/wp\/v2\/pages\/5036\/\"><input type=\"hidden\" name=\"render_id\" value=\"0\"><input type=\"hidden\" name=\"action\" value=\"forminator_submit_form_custom-forms\"><label for=\"input_3\" class=\"forminator-hidden\" aria-hidden=\"true\">Por favor, no rellenes este campo. <input id=\"input_3\" type=\"text\" name=\"input_3\" value=\"\" autocomplete=\"off\"><\/label><\/form><\/div><div class=\"kc-elm kc-css-468609 kc-raw-code\"><script id=\"mcjs\">!function(c,h,i,m,p){m=c.createElement(h),p=c.getElementsByTagName(h)[0],m.async=1,m.src=i,p.parentNode.insertBefore(m,p)}(document,\"script\",\"https:\/\/chimpstatic.com\/mcjs-connected\/js\/users\/b744a7a9052bacdba3761cbcb\/bb806769ccfc9cf58ae4aea18.js\");<\/script><\/div><\/div><\/div><\/div><\/div><\/section><\/p>\n","protected":false},"excerpt":{"rendered":"","protected":false},"author":1,"featured_media":0,"parent":0,"menu_order":0,"comment_status":"closed","ping_status":"closed","template":"","meta":[],"_links":{"self":[{"href":"https:\/\/webserie.phyto-victimes.eu\/es\/wp-json\/wp\/v2\/pages\/5036"}],"collection":[{"href":"https:\/\/webserie.phyto-victimes.eu\/es\/wp-json\/wp\/v2\/pages"}],"about":[{"href":"https:\/\/webserie.phyto-victimes.eu\/es\/wp-json\/wp\/v2\/types\/page"}],"author":[{"embeddable":true,"href":"https:\/\/webserie.phyto-victimes.eu\/es\/wp-json\/wp\/v2\/users\/1"}],"replies":[{"embeddable":true,"href":"https:\/\/webserie.phyto-victimes.eu\/es\/wp-json\/wp\/v2\/comments?post=5036"}],"version-history":[{"count":7,"href":"https:\/\/webserie.phyto-victimes.eu\/es\/wp-json\/wp\/v2\/pages\/5036\/revisions"}],"predecessor-version":[{"id":5995,"href":"https:\/\/webserie.phyto-victimes.eu\/es\/wp-json\/wp\/v2\/pages\/5036\/revisions\/5995"}],"wp:attachment":[{"href":"https:\/\/webserie.phyto-victimes.eu\/es\/wp-json\/wp\/v2\/media?parent=5036"}],"curies":[{"name":"wp","href":"https:\/\/api.w.org\/{rel}","templated":true}]}}