{"id":5317,"date":"2021-05-04T09:52:16","date_gmt":"2021-05-04T07:52:16","guid":{"rendered":"https:\/\/phyto.bod-demo.fr\/?page_id=5317"},"modified":"2021-12-14T10:02:13","modified_gmt":"2021-12-14T09:02:13","slug":"agricultural-transition","status":"publish","type":"page","link":"https:\/\/webserie.phyto-victimes.eu\/en\/episodes\/agricultural-transition\/","title":{"rendered":"(Agricultural) transition"},"content":{"rendered":"<section class=\"kc-elm kc-css-894473 kc_row v2_feature_section7\"><div class=\"kc-row-container  kc-container\"><div class=\"kc-wrap-columns\"><div class=\"kc-elm kc-css-228995 kc_col-sm-12 kc-animated kc-animate-eff-fadeIn kc-animate-delay-200 kc_column kc_col-sm-12\"><div class=\"kc-col-container\"><div class=\"kc-elm kc-css-926796 kc_text_block content-text\"><\/p>\n<p><strong>How is the transition from conventional to organic farming made? And is it still possible?<\/strong><\/p>\n<p>Many farmers tell us that, while a 30% reduction in pesticide use is achievable, going beyond that is a major risk.<\/p>\n<p>J\u00e9r\u00f4me R\u00e9tif, Mathieu Drouet, Michel B\u00e9douet experiment a multitude of alternatives. With them, you learn in a different way.<\/p>\n<p>\n<\/div><\/div><\/div><\/div><\/div><\/section>\n","protected":false},"excerpt":{"rendered":"","protected":false},"author":1,"featured_media":4975,"parent":1067,"menu_order":0,"comment_status":"closed","ping_status":"closed","template":"page-episode.php","meta":[],"_links":{"self":[{"href":"https:\/\/webserie.phyto-victimes.eu\/en\/wp-json\/wp\/v2\/pages\/5317"}],"collection":[{"href":"https:\/\/webserie.phyto-victimes.eu\/en\/wp-json\/wp\/v2\/pages"}],"about":[{"href":"https:\/\/webserie.phyto-victimes.eu\/en\/wp-json\/wp\/v2\/types\/page"}],"author":[{"embeddable":true,"href":"https:\/\/webserie.phyto-victimes.eu\/en\/wp-json\/wp\/v2\/users\/1"}],"replies":[{"embeddable":true,"href":"https:\/\/webserie.phyto-victimes.eu\/en\/wp-json\/wp\/v2\/comments?post=5317"}],"version-history":[{"count":7,"href":"https:\/\/webserie.phyto-victimes.eu\/en\/wp-json\/wp\/v2\/pages\/5317\/revisions"}],"predecessor-version":[{"id":6525,"href":"https:\/\/webserie.phyto-victimes.eu\/en\/wp-json\/wp\/v2\/pages\/5317\/revisions\/6525"}],"up":[{"embeddable":true,"href":"https:\/\/webserie.phyto-victimes.eu\/en\/wp-json\/wp\/v2\/pages\/1067"}],"wp:featuredmedia":[{"embeddable":true,"href":"https:\/\/webserie.phyto-victimes.eu\/en\/wp-json\/wp\/v2\/media\/4975"}],"wp:attachment":[{"href":"https:\/\/webserie.phyto-victimes.eu\/en\/wp-json\/wp\/v2\/media?parent=5317"}],"curies":[{"name":"wp","href":"https:\/\/api.w.org\/{rel}","templated":true}]}}