{"id":5567,"date":"2021-05-10T11:42:36","date_gmt":"2021-05-10T09:42:36","guid":{"rendered":"https:\/\/phyto.bod-demo.fr\/?page_id=5567"},"modified":"2021-05-17T16:59:45","modified_gmt":"2021-05-17T14:59:45","slug":"youtube-videos-cookies","status":"publish","type":"page","link":"https:\/\/webserie.phyto-victimes.eu\/de\/youtube-videos-cookies\/","title":{"rendered":"Youtube-Videos  \/ Cookies"},"content":{"rendered":"<section class=\"kc-elm kc-css-175934 kc_row\"><div class=\"kc-row-container  kc-container\"><div class=\"kc-wrap-columns\"><div class=\"kc-elm kc-css-478561 kc_col-sm-12 kc_column kc_col-sm-12\"><div class=\"kc-col-container\"><div class=\"kc-elm kc-css-192360 kc_text_block block-link-underline\"><\/p>\n<p><strong>Entschuldigung, da Sie Cookies abgelehnt haben, k\u00f6nnen wir Ihnen unsere Youtube-Videos nicht anbieten. Wenn Sie Ihre Meinung \u00e4ndern m\u00f6chten: AKZEPTIEREN\/ZUSTIMMEN\u00a0?<\/strong><\/p>\n<p>Youtube macht das Abspielen seiner Videos von der Hinterlegung von Cookies abh\u00e4ngig, um Ihnen gezielte Werbung auf Basis Ihres Surfverhaltens anbieten zu k\u00f6nnen.<\/p>\n<p>Mit einem Klick auf &#8222;AKZEPTIEREN&#8220; werden die Cookies hinterlegt und Sie k\u00f6nnen das Video abspielen. Sie k\u00f6nnen Ihre Zustimmung jederzeit widerrufen.<\/p>\n<p>Wenn Sie auf &#8222;ABLEHNEN&#8220; klicken, k\u00f6nnen Sie das Video nicht aufrufen.<\/p>\n<p><a href=\"https:\/\/policies.google.com\/privacy?hl=de&amp;gl=de\" target=\"_blank\" rel=\"noopener noreferrer\">Weitere Informationen finden Sie in der Cookie-Richtlinie von YouTube<\/a><\/p>\n<p>\n<\/div><div class=\"kc-elm kc-css-781964 kc_text_block\"><\/p>\n<div><a href='\/de' data-cli_action=\"accept\" id=\"CONSTANT_OPEN_URL\"  class=\"medium cli-plugin-button cli-plugin-main-button cookie_action_close_header cli_action_button\" style=\"display:inline-block; \">Akzeptieren<\/a> <a href='https:\/\/webserie.phyto-victimes.eu\/de\/youtube-videos-cookies\/' id=\"CONSTANT_OPEN_URL\"  class=\"medium cli-plugin-button cli-plugin-main-button cookie_action_close_header_reject cli_action_button\"  data-cli_action=\"reject\">ABLEHNEN<\/a><\/div>\n<p>\n<\/div><\/div><\/div><\/div><\/div><\/section>\n","protected":false},"excerpt":{"rendered":"","protected":false},"author":1,"featured_media":1269,"parent":0,"menu_order":0,"comment_status":"closed","ping_status":"closed","template":"page-head-back.php","meta":[],"_links":{"self":[{"href":"https:\/\/webserie.phyto-victimes.eu\/de\/wp-json\/wp\/v2\/pages\/5567"}],"collection":[{"href":"https:\/\/webserie.phyto-victimes.eu\/de\/wp-json\/wp\/v2\/pages"}],"about":[{"href":"https:\/\/webserie.phyto-victimes.eu\/de\/wp-json\/wp\/v2\/types\/page"}],"author":[{"embeddable":true,"href":"https:\/\/webserie.phyto-victimes.eu\/de\/wp-json\/wp\/v2\/users\/1"}],"replies":[{"embeddable":true,"href":"https:\/\/webserie.phyto-victimes.eu\/de\/wp-json\/wp\/v2\/comments?post=5567"}],"version-history":[{"count":5,"href":"https:\/\/webserie.phyto-victimes.eu\/de\/wp-json\/wp\/v2\/pages\/5567\/revisions"}],"predecessor-version":[{"id":5591,"href":"https:\/\/webserie.phyto-victimes.eu\/de\/wp-json\/wp\/v2\/pages\/5567\/revisions\/5591"}],"wp:featuredmedia":[{"embeddable":true,"href":"https:\/\/webserie.phyto-victimes.eu\/de\/wp-json\/wp\/v2\/media\/1269"}],"wp:attachment":[{"href":"https:\/\/webserie.phyto-victimes.eu\/de\/wp-json\/wp\/v2\/media?parent=5567"}],"curies":[{"name":"wp","href":"https:\/\/api.w.org\/{rel}","templated":true}]}}