{"id":5321,"date":"2021-05-04T09:52:16","date_gmt":"2021-05-04T07:52:16","guid":{"rendered":"https:\/\/phyto.bod-demo.fr\/?page_id=5321"},"modified":"2021-12-14T10:02:32","modified_gmt":"2021-12-14T09:02:32","slug":"landwirtschaftlicher-uebergang","status":"publish","type":"page","link":"https:\/\/webserie.phyto-victimes.eu\/de\/folgen\/landwirtschaftlicher-uebergang\/","title":{"rendered":"(Landwirtschaftlicher) \u00dcbergang"},"content":{"rendered":"<section class=\"kc-elm kc-css-609250 kc_row v2_feature_section7\"><div class=\"kc-row-container  kc-container\"><div class=\"kc-wrap-columns\"><div class=\"kc-elm kc-css-944218 kc_col-sm-12 kc-animated kc-animate-eff-fadeIn kc-animate-delay-200 kc_column kc_col-sm-12\"><div class=\"kc-col-container\"><div class=\"kc-elm kc-css-948254 kc_text_block content-text\"><\/p>\n<p><strong>Wie erfolgt die Wende vom konventionellen zum \u00f6kologischen Landbau? Und ist sie wirklich immer m\u00f6glich?<\/strong><\/p>\n<p>Viele Landwirte sagen uns, dass eine Verringerung des Pestizideinsatzes um 30% zwar erreichbar ist, ein h\u00f6herer Wert aber ein bedeutendes Risiko darstellt.<\/p>\n<p>Mit J\u00e9r\u00f4me R\u00e9tif, Mathieu Drouet, Michel B\u00e9douet wird eine Vielzahl an Alternativen getestet. Und ein anderer Zugang vermittelt.<\/p>\n<p>\n<\/div><\/div><\/div><\/div><\/div><\/section>\n","protected":false},"excerpt":{"rendered":"","protected":false},"author":1,"featured_media":4976,"parent":1068,"menu_order":0,"comment_status":"closed","ping_status":"closed","template":"page-episode.php","meta":[],"_links":{"self":[{"href":"https:\/\/webserie.phyto-victimes.eu\/de\/wp-json\/wp\/v2\/pages\/5321"}],"collection":[{"href":"https:\/\/webserie.phyto-victimes.eu\/de\/wp-json\/wp\/v2\/pages"}],"about":[{"href":"https:\/\/webserie.phyto-victimes.eu\/de\/wp-json\/wp\/v2\/types\/page"}],"author":[{"embeddable":true,"href":"https:\/\/webserie.phyto-victimes.eu\/de\/wp-json\/wp\/v2\/users\/1"}],"replies":[{"embeddable":true,"href":"https:\/\/webserie.phyto-victimes.eu\/de\/wp-json\/wp\/v2\/comments?post=5321"}],"version-history":[{"count":8,"href":"https:\/\/webserie.phyto-victimes.eu\/de\/wp-json\/wp\/v2\/pages\/5321\/revisions"}],"predecessor-version":[{"id":6526,"href":"https:\/\/webserie.phyto-victimes.eu\/de\/wp-json\/wp\/v2\/pages\/5321\/revisions\/6526"}],"up":[{"embeddable":true,"href":"https:\/\/webserie.phyto-victimes.eu\/de\/wp-json\/wp\/v2\/pages\/1068"}],"wp:featuredmedia":[{"embeddable":true,"href":"https:\/\/webserie.phyto-victimes.eu\/de\/wp-json\/wp\/v2\/media\/4976"}],"wp:attachment":[{"href":"https:\/\/webserie.phyto-victimes.eu\/de\/wp-json\/wp\/v2\/media?parent=5321"}],"curies":[{"name":"wp","href":"https:\/\/api.w.org\/{rel}","templated":true}]}}