{"id":5299,"date":"2021-05-05T15:43:46","date_gmt":"2021-05-05T13:43:46","guid":{"rendered":"https:\/\/phyto.bod-demo.fr\/?page_id=5299"},"modified":"2022-01-27T14:34:23","modified_gmt":"2022-01-27T13:34:23","slug":"ich-dachte-ich-waere-sicher","status":"publish","type":"page","link":"https:\/\/webserie.phyto-victimes.eu\/de\/folgen\/ich-dachte-ich-waere-sicher\/","title":{"rendered":"Ich dachte, ich w\u00e4re sicher\u2026"},"content":{"rendered":"<section class=\"kc-elm kc-css-225024 kc_row v2_feature_section6\"><div class=\"kc-row-container  kc-container\"><div class=\"kc-wrap-columns\"><div class=\"kc-elm kc-css-650121 kc_col-sm-12 kc-animated kc-animate-eff-fadeIn kc_column kc_col-sm-12\"><div class=\"kc-col-container\"><div class=\"kc-elm kc-css-780837 kc_text_block content-text\"><\/p>\n<h4>Der massive Einsatz von Pestiziden ist das Ergebnis einer gesellschaftlichen Weichenstellung, die nach dem Zweiten Weltkrieg erfolgte, als die landwirtschaftliche Produktion nicht ausreichte, um die gesamte Bev\u00f6lkerung zu ern\u00e4hren.<\/h4>\n<p>Heutzutage haben sich die Priorit\u00e4ten jedoch ge\u00e4ndert, und wir sind alle besorgt um unsere Gesundheit und die Umwelt.<\/p>\n<p>Uns allen ist bewusst : Pestizide machen krank und t\u00f6ten. Warum ist es dann so schwierig, aus der Sache wieder herauszukommen ?<\/p>\n<p>\u00dcberdenken wir unsere allt\u00e4glichen Handlungen und Verpflichtungen: Was k\u00f6nnen wir tun, um uns zu sch\u00fctzen, und weitere Trag\u00f6dien zu vermeiden ?<\/p>\n<p>\n<\/div><\/div><\/div><\/div><\/div><\/section>\n","protected":false},"excerpt":{"rendered":"","protected":false},"author":1,"featured_media":4970,"parent":1068,"menu_order":0,"comment_status":"closed","ping_status":"closed","template":"page-episode.php","meta":[],"_links":{"self":[{"href":"https:\/\/webserie.phyto-victimes.eu\/de\/wp-json\/wp\/v2\/pages\/5299"}],"collection":[{"href":"https:\/\/webserie.phyto-victimes.eu\/de\/wp-json\/wp\/v2\/pages"}],"about":[{"href":"https:\/\/webserie.phyto-victimes.eu\/de\/wp-json\/wp\/v2\/types\/page"}],"author":[{"embeddable":true,"href":"https:\/\/webserie.phyto-victimes.eu\/de\/wp-json\/wp\/v2\/users\/1"}],"replies":[{"embeddable":true,"href":"https:\/\/webserie.phyto-victimes.eu\/de\/wp-json\/wp\/v2\/comments?post=5299"}],"version-history":[{"count":8,"href":"https:\/\/webserie.phyto-victimes.eu\/de\/wp-json\/wp\/v2\/pages\/5299\/revisions"}],"predecessor-version":[{"id":6701,"href":"https:\/\/webserie.phyto-victimes.eu\/de\/wp-json\/wp\/v2\/pages\/5299\/revisions\/6701"}],"up":[{"embeddable":true,"href":"https:\/\/webserie.phyto-victimes.eu\/de\/wp-json\/wp\/v2\/pages\/1068"}],"wp:featuredmedia":[{"embeddable":true,"href":"https:\/\/webserie.phyto-victimes.eu\/de\/wp-json\/wp\/v2\/media\/4970"}],"wp:attachment":[{"href":"https:\/\/webserie.phyto-victimes.eu\/de\/wp-json\/wp\/v2\/media?parent=5299"}],"curies":[{"name":"wp","href":"https:\/\/api.w.org\/{rel}","templated":true}]}}