{"id":5280,"date":"2021-05-04T09:54:44","date_gmt":"2021-05-04T07:54:44","guid":{"rendered":"https:\/\/phyto.bod-demo.fr\/?page_id=5280"},"modified":"2022-01-27T18:07:20","modified_gmt":"2022-01-27T17:07:20","slug":"in-der-europa-farm","status":"publish","type":"page","link":"https:\/\/webserie.phyto-victimes.eu\/de\/folgen\/in-der-europa-farm\/","title":{"rendered":"EIN WAHRER KAMPF"},"content":{"rendered":"<section class=\"kc-elm kc-css-783068 kc_row v2_feature_section7\"><div class=\"kc-row-container  kc-container\"><div class=\"kc-wrap-columns\"><div class=\"kc-elm kc-css-160014 kc_col-sm-12 kc-animated kc-animate-eff-fadeIn kc-animate-delay-200 kc_column kc_col-sm-12\"><div class=\"kc-col-container\"><div class=\"kc-elm kc-css-907526 kc_text_block content-text\"><\/p>\n<p><strong>Die nur schleppende Hinzugewinnung neuer wissenschaftlicher Erkenntnisse in Hinblick auf einen Zusammenhang zwischen Exposition und Pathologie und das immer noch beobachtbare Z\u00f6gern der Kassen der finanziellen \u00dcbernahme von Behandlungen f\u00fchrt zu dramatischen Situationen.<\/strong><\/p>\n<p>Gaelle leidet an einem myeloproliferativen Syndrom, Loick und Pascal an einer \u00dcberempfindlichkeit gegen Chemikalien, die sich in einer Geruchsunvertr\u00e4glichkeit \u00e4u\u00dfert.<\/p>\n<p>Diese Krankheiten, die im Alltag ernst zu nehmende Behinderungen darstellen, werden in der Tabelle der Berufskrankheiten im Zusammenhang mit Pestiziden nicht anerkannt, obwohl eine Kausalit\u00e4t stark vermutet wird.<\/p>\n<p>F\u00fcr diese Landarbeiter beginnt ein Kampf, der die Suche nach Beweisen und gerichtliche Untersuchungsverfahren miteinander verbindet.<\/p>\n<p>\n<\/div><\/div><\/div><\/div><\/div><\/section>\n","protected":false},"excerpt":{"rendered":"","protected":false},"author":1,"featured_media":4964,"parent":1068,"menu_order":0,"comment_status":"closed","ping_status":"closed","template":"page-episode.php","meta":[],"_links":{"self":[{"href":"https:\/\/webserie.phyto-victimes.eu\/de\/wp-json\/wp\/v2\/pages\/5280"}],"collection":[{"href":"https:\/\/webserie.phyto-victimes.eu\/de\/wp-json\/wp\/v2\/pages"}],"about":[{"href":"https:\/\/webserie.phyto-victimes.eu\/de\/wp-json\/wp\/v2\/types\/page"}],"author":[{"embeddable":true,"href":"https:\/\/webserie.phyto-victimes.eu\/de\/wp-json\/wp\/v2\/users\/1"}],"replies":[{"embeddable":true,"href":"https:\/\/webserie.phyto-victimes.eu\/de\/wp-json\/wp\/v2\/comments?post=5280"}],"version-history":[{"count":8,"href":"https:\/\/webserie.phyto-victimes.eu\/de\/wp-json\/wp\/v2\/pages\/5280\/revisions"}],"predecessor-version":[{"id":6719,"href":"https:\/\/webserie.phyto-victimes.eu\/de\/wp-json\/wp\/v2\/pages\/5280\/revisions\/6719"}],"up":[{"embeddable":true,"href":"https:\/\/webserie.phyto-victimes.eu\/de\/wp-json\/wp\/v2\/pages\/1068"}],"wp:featuredmedia":[{"embeddable":true,"href":"https:\/\/webserie.phyto-victimes.eu\/de\/wp-json\/wp\/v2\/media\/4964"}],"wp:attachment":[{"href":"https:\/\/webserie.phyto-victimes.eu\/de\/wp-json\/wp\/v2\/media?parent=5280"}],"curies":[{"name":"wp","href":"https:\/\/api.w.org\/{rel}","templated":true}]}}