{"id":5259,"date":"2021-05-04T09:54:19","date_gmt":"2021-05-04T07:54:19","guid":{"rendered":"https:\/\/phyto.bod-demo.fr\/?page_id=5259"},"modified":"2021-12-14T09:54:20","modified_gmt":"2021-12-14T08:54:20","slug":"auf-der-suche-nach-resilienz","status":"publish","type":"page","link":"https:\/\/webserie.phyto-victimes.eu\/de\/folgen\/auf-der-suche-nach-resilienz\/","title":{"rendered":"Auf der Suche nach Resilienz"},"content":{"rendered":"<section class=\"kc-elm kc-css-378787 kc_row v2_feature_section7\"><div class=\"kc-row-container  kc-container\"><div class=\"kc-wrap-columns\"><div class=\"kc-elm kc-css-946468 kc_col-sm-12 kc-animated kc-animate-eff-fadeIn kc-animate-delay-200 kc_column kc_col-sm-12\"><div class=\"kc-col-container\"><div class=\"kc-elm kc-css-63682 kc_text_block content-text\"><\/p>\n<p><strong>Warum ist der Ausstieg aus den Pestiziden so schwer ? Landwirtschaft ist wie ein Ozeanriese. Es braucht viel Zeit, um Kurskorrekturen vorzunehmen.<\/strong><\/p>\n<p>Didier Roblet, Laurence Guichard, Olivier Coquard, Fabrice Micouraud warteten jedoch nicht erst auf die gro\u00dfspurigen Ank\u00fcndigen einer l\u00e4ngst \u00fcberf\u00e4lligen Wende : Sie experimentieren, probieren Techniken aus, setzen die nat\u00fcrlichen Abl\u00e4ufe ihres Umfelds zu ihrem Vorteil ein, bringen traditionelle Methoden und neueste Hilfsmittel unter einen Hut&#8230;<\/p>\n<p>Sie sind oft die einzigen, die f\u00fcr die eingegangenen Risiken geradestehen, und das im Rahmen eines stark gewinnorientierten Modells.<\/p>\n<p>\n<\/div><\/div><\/div><\/div><\/div><\/section>\n","protected":false},"excerpt":{"rendered":"","protected":false},"author":1,"featured_media":4952,"parent":1068,"menu_order":0,"comment_status":"closed","ping_status":"closed","template":"page-episode.php","meta":[],"_links":{"self":[{"href":"https:\/\/webserie.phyto-victimes.eu\/de\/wp-json\/wp\/v2\/pages\/5259"}],"collection":[{"href":"https:\/\/webserie.phyto-victimes.eu\/de\/wp-json\/wp\/v2\/pages"}],"about":[{"href":"https:\/\/webserie.phyto-victimes.eu\/de\/wp-json\/wp\/v2\/types\/page"}],"author":[{"embeddable":true,"href":"https:\/\/webserie.phyto-victimes.eu\/de\/wp-json\/wp\/v2\/users\/1"}],"replies":[{"embeddable":true,"href":"https:\/\/webserie.phyto-victimes.eu\/de\/wp-json\/wp\/v2\/comments?post=5259"}],"version-history":[{"count":6,"href":"https:\/\/webserie.phyto-victimes.eu\/de\/wp-json\/wp\/v2\/pages\/5259\/revisions"}],"predecessor-version":[{"id":6521,"href":"https:\/\/webserie.phyto-victimes.eu\/de\/wp-json\/wp\/v2\/pages\/5259\/revisions\/6521"}],"up":[{"embeddable":true,"href":"https:\/\/webserie.phyto-victimes.eu\/de\/wp-json\/wp\/v2\/pages\/1068"}],"wp:featuredmedia":[{"embeddable":true,"href":"https:\/\/webserie.phyto-victimes.eu\/de\/wp-json\/wp\/v2\/media\/4952"}],"wp:attachment":[{"href":"https:\/\/webserie.phyto-victimes.eu\/de\/wp-json\/wp\/v2\/media?parent=5259"}],"curies":[{"name":"wp","href":"https:\/\/api.w.org\/{rel}","templated":true}]}}