{"id":5237,"date":"2021-05-04T09:54:32","date_gmt":"2021-05-04T07:54:32","guid":{"rendered":"https:\/\/phyto.bod-demo.fr\/?page_id=5237"},"modified":"2021-12-14T10:05:47","modified_gmt":"2021-12-14T09:05:47","slug":"der-widerstand-organisiert-sich","status":"publish","type":"page","link":"https:\/\/webserie.phyto-victimes.eu\/de\/folgen\/der-widerstand-organisiert-sich\/","title":{"rendered":"Der Widerstand organisiert sich"},"content":{"rendered":"<section class=\"kc-elm kc-css-489461 kc_row v2_feature_section7\"><div class=\"kc-row-container  kc-container\"><div class=\"kc-wrap-columns\"><div class=\"kc-elm kc-css-847489 kc_col-sm-12 kc-animated kc-animate-eff-fadeIn kc-animate-delay-200 kc_column kc_col-sm-12\"><div class=\"kc-col-container\"><div class=\"kc-elm kc-css-202696 kc_text_block content-text\"><\/p>\n<h4>Die Opfer werden h\u00e4ufig von ihren Angeh\u00f6rigen, Partnern, Kindern und Angeh\u00f6rigen unterst\u00fctzt, die t\u00e4glich mit den Folgen der Krankheit zu k\u00e4mpfen haben. Sich den Ursprung ihrer Krankheit, d. h. den Einsatz von Pestiziden, bewusst zu machen, bedarf oft der notwendigen Anerkennung als Berufskrankheit.<\/h4>\n<p>Deshalb wurde der Verein Phyto-Victimes ins Leben gerufen. Um gemeinsam zu mobilisieren, die Verantwortlichen zu belangen und sich daf\u00fcr einzusetzen, dass \u201ees aufh\u00f6rt\u201c, dass es keine weiteren Erkrankungen mehr gibt.<\/p>\n<p>In Frankreich k\u00e4mpfen Abgeordnete f\u00fcr eine Abkehr von den Pflanzenschutzmitteln und einen Entsch\u00e4digungsfonds f\u00fcr die Opfer. Aber die Anerkennung bestimmter Erkrankungen im Zusammenhang mit Pestiziden als Berufskrankheiten bleibt schwierig. Der Kampf f\u00fcr eine gesunde Umwelt hat gerade erst begonnen &#8230;<\/p>\n<p>\n<\/div><\/div><\/div><\/div><\/div><\/section>\n","protected":false},"excerpt":{"rendered":"","protected":false},"author":1,"featured_media":4928,"parent":1068,"menu_order":0,"comment_status":"closed","ping_status":"closed","template":"page-episode.php","meta":[],"_links":{"self":[{"href":"https:\/\/webserie.phyto-victimes.eu\/de\/wp-json\/wp\/v2\/pages\/5237"}],"collection":[{"href":"https:\/\/webserie.phyto-victimes.eu\/de\/wp-json\/wp\/v2\/pages"}],"about":[{"href":"https:\/\/webserie.phyto-victimes.eu\/de\/wp-json\/wp\/v2\/types\/page"}],"author":[{"embeddable":true,"href":"https:\/\/webserie.phyto-victimes.eu\/de\/wp-json\/wp\/v2\/users\/1"}],"replies":[{"embeddable":true,"href":"https:\/\/webserie.phyto-victimes.eu\/de\/wp-json\/wp\/v2\/comments?post=5237"}],"version-history":[{"count":5,"href":"https:\/\/webserie.phyto-victimes.eu\/de\/wp-json\/wp\/v2\/pages\/5237\/revisions"}],"predecessor-version":[{"id":6532,"href":"https:\/\/webserie.phyto-victimes.eu\/de\/wp-json\/wp\/v2\/pages\/5237\/revisions\/6532"}],"up":[{"embeddable":true,"href":"https:\/\/webserie.phyto-victimes.eu\/de\/wp-json\/wp\/v2\/pages\/1068"}],"wp:featuredmedia":[{"embeddable":true,"href":"https:\/\/webserie.phyto-victimes.eu\/de\/wp-json\/wp\/v2\/media\/4928"}],"wp:attachment":[{"href":"https:\/\/webserie.phyto-victimes.eu\/de\/wp-json\/wp\/v2\/media?parent=5237"}],"curies":[{"name":"wp","href":"https:\/\/api.w.org\/{rel}","templated":true}]}}