{"id":5200,"date":"2016-09-21T01:54:16","date_gmt":"2016-09-20T23:54:16","guid":{"rendered":"https:\/\/phyto.bod-demo.fr\/?page_id=5200"},"modified":"2022-01-27T18:01:46","modified_gmt":"2022-01-27T17:01:46","slug":"whistleblower","status":"publish","type":"page","link":"https:\/\/webserie.phyto-victimes.eu\/de\/folgen\/whistleblower\/","title":{"rendered":"Whistleblower"},"content":{"rendered":"<section class=\"kc-elm kc-css-828543 kc_row v2_feature_section7\"><div class=\"kc-row-container  kc-container\"><div class=\"kc-wrap-columns\"><div class=\"kc-elm kc-css-528389 kc_col-sm-12 kc-animated kc-animate-eff-fadeIn kc-animate-delay-200 kc_column kc_col-sm-12\"><div class=\"kc-col-container\"><div class=\"kc-elm kc-css-889095 kc_text_block\"><\/p>\n<h4>Die Krankheit selbst und im weiteren Sinne jede Form von Schw\u00e4che oder Gebrechen wird aus Scham verborgen und nur wenig oder gar nicht angesprochen. So sieht die Welt der Landwirtschaft in Wahrheit aus.<\/h4>\n<p>Welche Macht brachte also Jean-Marie, Serge oder Frederic dazu, ihr Gesicht zu zeigen, Zeugnis abzulegen und sich \u00fcber ihre Krankheit und die Leiden zu \u00e4u\u00dfern, die sie ertragen m\u00fcssen ?<\/p>\n<p>Trotz der Blicke der Kollegen, der Omert\u00e0 \u00fcber die Berufskrankheiten von Landwirten, der Geheimnisse der Pflanzenschutzfirmen, des mangelnden Verst\u00e4ndnisses der Beh\u00f6rden, beschlossen sie, uns zu alarmieren.<\/p>\n<p>\n<\/div><\/div><\/div><\/div><\/div><\/section>\n","protected":false},"excerpt":{"rendered":"","protected":false},"author":1,"featured_media":4982,"parent":1068,"menu_order":0,"comment_status":"closed","ping_status":"closed","template":"page-episode.php","meta":[],"_links":{"self":[{"href":"https:\/\/webserie.phyto-victimes.eu\/de\/wp-json\/wp\/v2\/pages\/5200"}],"collection":[{"href":"https:\/\/webserie.phyto-victimes.eu\/de\/wp-json\/wp\/v2\/pages"}],"about":[{"href":"https:\/\/webserie.phyto-victimes.eu\/de\/wp-json\/wp\/v2\/types\/page"}],"author":[{"embeddable":true,"href":"https:\/\/webserie.phyto-victimes.eu\/de\/wp-json\/wp\/v2\/users\/1"}],"replies":[{"embeddable":true,"href":"https:\/\/webserie.phyto-victimes.eu\/de\/wp-json\/wp\/v2\/comments?post=5200"}],"version-history":[{"count":7,"href":"https:\/\/webserie.phyto-victimes.eu\/de\/wp-json\/wp\/v2\/pages\/5200\/revisions"}],"predecessor-version":[{"id":6712,"href":"https:\/\/webserie.phyto-victimes.eu\/de\/wp-json\/wp\/v2\/pages\/5200\/revisions\/6712"}],"up":[{"embeddable":true,"href":"https:\/\/webserie.phyto-victimes.eu\/de\/wp-json\/wp\/v2\/pages\/1068"}],"wp:featuredmedia":[{"embeddable":true,"href":"https:\/\/webserie.phyto-victimes.eu\/de\/wp-json\/wp\/v2\/media\/4982"}],"wp:attachment":[{"href":"https:\/\/webserie.phyto-victimes.eu\/de\/wp-json\/wp\/v2\/media?parent=5200"}],"curies":[{"name":"wp","href":"https:\/\/api.w.org\/{rel}","templated":true}]}}