{"id":5174,"date":"2016-09-21T02:17:17","date_gmt":"2016-09-21T00:17:17","guid":{"rendered":"https:\/\/phyto.bod-demo.fr\/?page_id=5174"},"modified":"2022-01-27T14:42:41","modified_gmt":"2022-01-27T13:42:41","slug":"sich-nach-der-krankheit-nicht-unterkriegen-lassen","status":"publish","type":"page","link":"https:\/\/webserie.phyto-victimes.eu\/de\/folgen\/sich-nach-der-krankheit-nicht-unterkriegen-lassen\/","title":{"rendered":"Sich (nach der Krankheit) nicht unterkriegen lassen"},"content":{"rendered":"<section class=\"kc-elm kc-css-17914 kc_row v2_feature_section7\"><div class=\"kc-row-container  kc-container\"><div class=\"kc-wrap-columns\"><div class=\"kc-elm kc-css-273386 kc_col-sm-12 kc-animated kc-animate-eff-fadeIn kc-animate-delay-200 kc_column kc_col-sm-12\"><div class=\"kc-col-container\"><div class=\"kc-elm kc-css-977597 kc_text_block content-text\"><\/p>\n<h4>Zu erfahren, dass man unter einer schweren Krankheit leidet, ist ein heftiger Schlag. Sie kommen ganz einfach nicht umhin, sich die Frage nach deren Ursache zu stellen.<\/h4>\n<p>Im besten Fall stellt Ihr Arzt einen Zusammenhang mit Ihrer Pestizidbelastung her.<\/p>\n<p>Wenn nicht, ist die Diagnose unbegr\u00fcndet, oder schlimmer noch, mit dem Makel einer psychischen Erkrankung behaftet, obwohl zahlreiche Anzeichen darauf hindeuten, dass die Pestizidexposition zweifelsfrei als Ursache infrage kommt.<\/p>\n<p>Dann beginnt ein langer Kampf, wie ihn auch Julien Guillard erlebt hat : Tagt\u00e4glicher Kampf gegen die Symptome und f\u00fcr eine Anerkennung als Berufskrankheit. Julien setzt sich daf\u00fcr ein, dass \u201ees aufh\u00f6rt\u201c, dass es keine weiteren Erkrankungen mehr gibt\u2026<\/p>\n<p>\n<\/div><\/div><\/div><\/div><\/div><\/section>\n","protected":false},"excerpt":{"rendered":"","protected":false},"author":1,"featured_media":4958,"parent":1068,"menu_order":0,"comment_status":"closed","ping_status":"closed","template":"page-episode.php","meta":[],"_links":{"self":[{"href":"https:\/\/webserie.phyto-victimes.eu\/de\/wp-json\/wp\/v2\/pages\/5174"}],"collection":[{"href":"https:\/\/webserie.phyto-victimes.eu\/de\/wp-json\/wp\/v2\/pages"}],"about":[{"href":"https:\/\/webserie.phyto-victimes.eu\/de\/wp-json\/wp\/v2\/types\/page"}],"author":[{"embeddable":true,"href":"https:\/\/webserie.phyto-victimes.eu\/de\/wp-json\/wp\/v2\/users\/1"}],"replies":[{"embeddable":true,"href":"https:\/\/webserie.phyto-victimes.eu\/de\/wp-json\/wp\/v2\/comments?post=5174"}],"version-history":[{"count":9,"href":"https:\/\/webserie.phyto-victimes.eu\/de\/wp-json\/wp\/v2\/pages\/5174\/revisions"}],"predecessor-version":[{"id":6709,"href":"https:\/\/webserie.phyto-victimes.eu\/de\/wp-json\/wp\/v2\/pages\/5174\/revisions\/6709"}],"up":[{"embeddable":true,"href":"https:\/\/webserie.phyto-victimes.eu\/de\/wp-json\/wp\/v2\/pages\/1068"}],"wp:featuredmedia":[{"embeddable":true,"href":"https:\/\/webserie.phyto-victimes.eu\/de\/wp-json\/wp\/v2\/media\/4958"}],"wp:attachment":[{"href":"https:\/\/webserie.phyto-victimes.eu\/de\/wp-json\/wp\/v2\/media?parent=5174"}],"curies":[{"name":"wp","href":"https:\/\/api.w.org\/{rel}","templated":true}]}}