{"id":5156,"date":"2016-05-02T09:09:19","date_gmt":"2016-05-02T07:09:19","guid":{"rendered":"https:\/\/phyto.bod-demo.fr\/?page_id=5156"},"modified":"2021-05-12T11:26:04","modified_gmt":"2021-05-12T09:26:04","slug":"entdecken","status":"publish","type":"page","link":"https:\/\/webserie.phyto-victimes.eu\/de\/entdecken\/","title":{"rendered":"Entdecken"},"content":{"rendered":"<p><section data-kc-equalheight=\"true\" data-kc-equalheight-align=\"middle\" class=\"kc-elm kc-css-433910 kc-animated kc-animate-eff-fadeIn kc_row feature_section1\"><div class=\"kc-row-container  kc-container  phyto-row-widthtext\"><div class=\"kc-wrap-columns\"><div class=\"kc-elm kc-css-949369 kc_col-sm-5 kc-animated kc-animate-eff-fadeIn kc-animate-delay-200 kc_column kc_col-sm-5 one-half wrpfeatures animated eff-fadeInRight delay-400ms circle-cont\"><div class=\"kc-col-container\"><div class=\"kc-elm kc-css-17744 kc_shortcode kc_single_image\">\n\n        <img src=\"https:\/\/webserie.phyto-victimes.eu\/wp-content\/uploads\/2021\/04\/decouvrir1.jpg\" class=\"\" alt=\"\" \/>    <\/div>\n<\/div><\/div><div class=\"kc-elm kc-css-542802 kc_col-sm-7 kc-animated kc-animate-eff-fadeIn kc-animate-delay-200 kc_column kc_col-sm-7 welcome-left\"><div class=\"kc-col-container\">\n<div class=\"kc-elm kc-css-743585 kc-title-wrap \">\n\n\t<h4 class=\"kc_title title-style2\">Der Verein Phyto-Victimes wurde 2011 von mehreren Personen gegr\u00fcndet, deren berufliche Verwendung von Pestiziden sie krank gemacht hat. <\/h4>\n<\/div>\n<\/div><\/div><\/div><\/div><\/section><section class=\"kc-elm kc-css-595486 kc_row\"><div class=\"kc-row-container  kc-container  phyto-row-widthtext\"><div class=\"kc-wrap-columns\"><div class=\"kc-elm kc-css-212736 kc_col-sm-12 kc-animated kc-animate-eff-fadeIn kc_column kc_col-sm-12\"><div class=\"kc-col-container\"><div class=\"kc-elm kc-css-316428 kc_text_block content-text\"><\/p>\n<p>Geleitet wird er heute von Antoine Lambert, einem Landwirt aus der Normandie; davor hatte fast 8 Jahre lang Paul Fran\u00e7ois die Leitung, jener Landwirt, dem es gelungen war, einen Rechtsstreit gegen Monsanto aufgrund einer Vergiftung durch ein Unkrautvernichtungsmittel f\u00fcr sich zu entscheiden.<\/p>\n<p>Unser Verein hat 500 Mitglieder in ganz Frankreich, haupts\u00e4chlich Landwirte, die Pestizide krank gemacht haben.<\/p>\n<p>Als einziger nationaler Verband unterst\u00fctzt er Betroffene bei ihren Verwaltungs- oder Gerichtsverfahren und sch\u00e4rft das Bewusstsein f\u00fcr die Auswirkungen von Pestiziden auf die menschliche Gesundheit und die Umwelt.<\/p>\n<p>Seit seiner Gr\u00fcndung im Jahr 2011 hat es sich Phyto-Victimes zum Ziel gesetzt, Landwirten und landwirtschaftlichen Mitarbeitern, Mitarbeiter der Rattenbek\u00e4mpfung, Desinfektion und Insektenvernichtung, Genossenschaftstechnikern, Gr\u00fcnfl\u00e4chenbeauftragten, Landschaftsg\u00e4rtnern, Holzarbeitern usw. zu helfen. Sie leiden unter anderem an der Parkinson-Krankheit, verschiedenen Krebsarten (Lymphome, Blut-, Prostata-, Blasenkrebs usw.), \u00dcberempfindlichkeit auf chemische Produkte usw.<\/p>\n<p>Die Besonderheit des Vereins besteht darin, dass wir sowohl Nichtbesch\u00e4ftigte als auch Besch\u00e4ftige unterst\u00fctzen, was recht ungew\u00f6hnlich ist f\u00fcr einen Verein der Opfer von Berufskrankheiten vertritt.<\/p>\n<p>Diese Unterst\u00fctzungsarbeit erg\u00e4nzt die der Sozialversicherungstr\u00e4ger.<\/p>\n<p>Wir unterst\u00fctzen Opfer, die unter verschiedene Sozialversicherungssysteme fallen (allgemeine SV, landwirtschaftliche SV, SV des \u00f6ffentlichen Dienstes, Sondersysteme). Der Verein Phyto-Victimes erf\u00fcllt damit einen \u00f6ffentlichen Auftrag.<\/p>\n<p>Das Verfahren wird also vom Opfer (oder seinen Angeh\u00f6rigen) durchgef\u00fchrt. Da die Problematik der Pestizidopfer, insbesondere in der Landwirtschaft, \u00e4u\u00dferst heikel ist, stellen wir sicher, dass sich jeder willkommen f\u00fchlt, und zwar frei von Vorverurteilungen oder Schuldgef\u00fchlen.<\/p>\n<p>\n<\/div><\/div><\/div><\/div><\/div><\/section><section data-kc-equalheight=\"true\" data-kc-equalheight-align=\"middle\" class=\"kc-elm kc-css-512839 kc_row feature_section1\"><div class=\"kc-row-container  kc-container  phyto-row-widthtext\"><div class=\"kc-wrap-columns\"><div class=\"kc-elm kc-css-858269 kc_col-sm-8 kc-animated kc-animate-eff-fadeIn kc-animate-delay-200 kc_column kc_col-sm-8 welcome-left\"><div class=\"kc-col-container\">\n<div class=\"kc-elm kc-css-357435 kc-title-wrap \">\n\n\t<h2 class=\"kc_title\">Kontext<\/h2>\n<\/div>\n<\/div><\/div><div class=\"kc-elm kc-css-418344 kc_col-sm-4 kc-animated kc-animate-eff-fadeIn kc-animate-delay-200 kc_column kc_col-sm-4 one-half wrpfeatures animated eff-fadeInRight delay-400ms circle-cont\"><div class=\"kc-col-container\"><div class=\"kc-elm kc-css-955279 kc_shortcode kc_single_image\">\n\n        <img src=\"https:\/\/webserie.phyto-victimes.eu\/wp-content\/uploads\/2021\/04\/decouvrir2.jpg\" class=\"\" alt=\"\" \/>    <\/div>\n<\/div><\/div><\/div><\/div><\/section><section class=\"kc-elm kc-css-620350 kc_row\"><div class=\"kc-row-container  kc-container  phyto-row-widthtext\"><div class=\"kc-wrap-columns\"><div class=\"kc-elm kc-css-826235 kc_col-sm-12 kc-animated kc-animate-eff-fadeIn kc_column kc_col-sm-12\"><div class=\"kc-col-container\">\n<div class=\"kc-elm kc-css-888606 kc-title-wrap \">\n\n\t<h4 class=\"kc_title\">Werden wir schon morgen alle zu Opfern von Pflanzenschutzmitteln ?<\/h4>\n<\/div>\n<div class=\"kc-elm kc-css-793095 kc_text_block content-text\"><\/p>\n<p>Frankreich ist eines der L\u00e4nder mit dem h\u00f6chsten Pestizideinsatz in Europa.<\/p>\n<p>In den letzten Jahren wurde offiziell anerkannt, dass Krankheiten wie Parkinson und bestimmte h\u00e4matologische Malignome mit dem Einsatz von Pestiziden in Zusammenhang stehen.<\/p>\n<p>Dar\u00fcber hinaus mehren sich die Warnungen vor m\u00f6glichen Zusammenh\u00e4ngen mit Prostata-, Blasen- und Hautkrebs, Hirntumoren, Alzheimer, chemischer \u00dcberempfindlichkeit, Problemen der Fortpflanzung und kindlichen Entwicklung.<\/p>\n<p>Landwirte werden als erste Opfer von Pestiziden und machen uns auf die mangelnde Anerkennung der Gesch\u00e4digten und die Gef\u00e4hrlichkeit dieser Produkte aufmerksam.<\/p>\n<p>\n<\/div><\/div><\/div><\/div><\/div><\/section><section class=\"kc-elm kc-css-863784 kc_row\"><div class=\"kc-row-container  kc-container  phyto-row-widthtext\"><div class=\"kc-wrap-columns\"><div class=\"kc-elm kc-css-797914 kc_col-sm-12 kc-animated kc-animate-eff-fadeIn kc_column kc_col-sm-12\"><div class=\"kc-col-container\">\n<div class=\"kc-elm kc-css-308677 kc-title-wrap \">\n\n\t<h4 class=\"kc_title\">Warum verzichten wir nicht auf den Einsatz von Pestiziden in der Landwirtschaft ?<\/h4>\n<\/div>\n<div class=\"kc-elm kc-css-338071 kc_text_block content-text\"><\/p>\n<p>Das l\u00e4sst sich nicht so einfach umsetzen. Das gewinnorientierte System von heute beg\u00fcnstigt den Status quo. Es handelt sich dabei nicht nur um ein individuelles, sondern um ein kollektives Problem. Tats\u00e4chlich sind sowohl Landwirte als auch Verbraucher gleicherma\u00dfen davon betroffen.<\/p>\n<p>\n<\/div><\/div><\/div><\/div><\/div><\/section><section class=\"kc-elm kc-css-544701 kc_row\"><div class=\"kc-row-container  kc-container  phyto-row-widthtext\"><div class=\"kc-wrap-columns\"><div class=\"kc-elm kc-css-770171 kc_col-sm-12 kc-animated kc-animate-eff-fadeIn kc_column kc_col-sm-12\"><div class=\"kc-col-container\">\n<div class=\"kc-elm kc-css-926143 kc-title-wrap \">\n\n\t<h4 class=\"kc_title\">Wer ist daf\u00fcr verantwortlich ?<\/h4>\n<\/div>\n<div class=\"kc-elm kc-css-227609 kc_text_block content-text\"><\/p>\n<p>Landwirte sind in einem Teufelskreis gefangen. Sich zu verschulden, um produzieren und im gro\u00dfen Stil Pflanzenschutzmittel einsetzen zu k\u00f6nnen, ist manchmal die einzige M\u00f6glichkeit, den Betrieb \u00fcber Wasser zu halten.<\/p>\n<p>Die Verantwortung teilen sich sowohl der Staat als auch die Pflanzenschutzfirmen.<\/p>\n<p>Heute leiden diejenigen, die diese Produkte einsetzen, sind krank und werden nur unzureichend entsch\u00e4digt. Auch ihre Angeh\u00f6rigen sind davon betroffen. Es bedarf der Einrichtung eines effektiven Systems zur Wiedergutmachung und Vorbeugung. Um den Wandel zu begleiten, sind Verbraucherentscheidungen unerl\u00e4sslich; die traditionellen politischen Programme, die nach dem Krieg zur Modernisierung der Landwirtschaft eingef\u00fchrt wurden, sind heute \u00fcberkommen.<\/p>\n<p>\n<\/div><\/div><\/div><\/div><\/div><\/section><\/p>\n","protected":false},"excerpt":{"rendered":"","protected":false},"author":1,"featured_media":1334,"parent":0,"menu_order":0,"comment_status":"closed","ping_status":"closed","template":"page-head-back.php","meta":[],"_links":{"self":[{"href":"https:\/\/webserie.phyto-victimes.eu\/de\/wp-json\/wp\/v2\/pages\/5156"}],"collection":[{"href":"https:\/\/webserie.phyto-victimes.eu\/de\/wp-json\/wp\/v2\/pages"}],"about":[{"href":"https:\/\/webserie.phyto-victimes.eu\/de\/wp-json\/wp\/v2\/types\/page"}],"author":[{"embeddable":true,"href":"https:\/\/webserie.phyto-victimes.eu\/de\/wp-json\/wp\/v2\/users\/1"}],"replies":[{"embeddable":true,"href":"https:\/\/webserie.phyto-victimes.eu\/de\/wp-json\/wp\/v2\/comments?post=5156"}],"version-history":[{"count":3,"href":"https:\/\/webserie.phyto-victimes.eu\/de\/wp-json\/wp\/v2\/pages\/5156\/revisions"}],"predecessor-version":[{"id":5479,"href":"https:\/\/webserie.phyto-victimes.eu\/de\/wp-json\/wp\/v2\/pages\/5156\/revisions\/5479"}],"wp:featuredmedia":[{"embeddable":true,"href":"https:\/\/webserie.phyto-victimes.eu\/de\/wp-json\/wp\/v2\/media\/1334"}],"wp:attachment":[{"href":"https:\/\/webserie.phyto-victimes.eu\/de\/wp-json\/wp\/v2\/media?parent=5156"}],"curies":[{"name":"wp","href":"https:\/\/api.w.org\/{rel}","templated":true}]}}