{"id":5120,"date":"2021-03-30T16:42:10","date_gmt":"2021-03-30T14:42:10","guid":{"rendered":"https:\/\/phyto.bod-demo.fr\/?page_id=5120"},"modified":"2021-05-17T11:48:26","modified_gmt":"2021-05-17T09:48:26","slug":"credits","status":"publish","type":"page","link":"https:\/\/webserie.phyto-victimes.eu\/de\/credits\/","title":{"rendered":"Credits"},"content":{"rendered":"<p><section class=\"kc-elm kc-css-699142 kc_row\"><div class=\"kc-row-container  kc-container\"><div class=\"kc-wrap-columns\"><div class=\"kc-elm kc-css-50793 kc_col-sm-12 kc_column kc_col-sm-12\"><div class=\"kc-col-container\"><div class=\"kc-elm kc-css-375751 kc_text_block block-link-underline\"><\/p>\n<h5 style=\"text-align: center; font-size: 18px; font-weight: 600;\">Unter der Regie von<\/h5>\n<p style=\"text-align: center; font-size: 14px;\"><a href=\"https:\/\/www.collectifargos.com\/\" target=\"_blank\" rel=\"noopener noreferrer\">COLLECTIF ARGOS<\/a> \/ GUILLAUME COLLANGES<br \/>\net SEBASTIEN DAYCARD-HEID<\/p>\n<h5 style=\"text-align: center; font-size: 18px; font-weight: 600;\">Schneiden und Einrahmen<\/h5>\n<p style=\"text-align: center; font-size: 14px;\">GUILLAUME COLLANGES<\/p>\n<h5 style=\"text-align: center; font-size: 18px; font-weight: 600;\">Redaktion<\/h5>\n<p style=\"text-align: center; font-size: 14px;\">SEBASTIEN DAYCARD-HEID<br \/>\net <a href=\"https:\/\/lasouriscourttoujours.fr\/\" target=\"_blank\" rel=\"noopener noreferrer\">LA SOURIS COURT TOUJOURS<\/a> \/ SYLVIE HURON<\/p>\n<h5 style=\"text-align: center; font-size: 18px; font-weight: 600;\">Webdesign<\/h5>\n<p style=\"text-align: center; font-size: 14px;\"><a href=\"https:\/\/www.elephant-interactive.com\/\" target=\"_blank\" rel=\"noopener noreferrer\">ELEPHANT INTERACTIVE<\/a> \/ JEROME PIDOUX<\/p>\n<h5 style=\"text-align: center; font-size: 18px; font-weight: 600;\">Entwicklung<\/h5>\n<p style=\"text-align: center; font-size: 14px;\"><a href=\"https:\/\/blue-origami-digital.com\/\" target=\"_blank\" rel=\"noopener noreferrer\">BLUE ORIGAMI DIGITAL<\/a> \/ RENAUD HAMELIN<\/p>\n<h5 style=\"text-align: center; font-size: 18px; font-weight: 600;\">Produktion<\/h5>\n<p style=\"text-align: center; font-size: 14px;\"><a href=\"https:\/\/www.phyto-victimes.fr\/\" target=\"_blank\" rel=\"noopener noreferrer\">ASSOCIATION PHYTO-VICTIMES<\/a> \/ EMMA GAUTIER<br \/>\net DIANE BANDERLY<\/p>\n<h5 style=\"text-align: center; font-size: 18px; font-weight: 600;\">Bildnachweis<\/h5>\n<p style=\"text-align: center; font-size: 14px;\"><a href=\"http:\/\/anaisondet.com\/\" target=\"_blank\" rel=\"noopener noreferrer\">ANAIS ONDET<\/a>\u00a0et <a href=\"https:\/\/olivierguitard.fr\/\" target=\"_blank\" rel=\"noopener noreferrer\">OLIVIER GUITARD<\/a><\/p>\n<p>\n<\/div><\/div><\/div><\/div><\/div><\/section><section class=\"kc-elm kc-css-120477 kc_row\"><div class=\"kc-row-container  kc-container\"><div class=\"kc-wrap-columns\"><div class=\"kc-elm kc-css-568574 kc_col-sm-12 kc_column kc_col-sm-12\"><div class=\"kc-col-container\">\n<div class=\"kc-elm kc-css-714516 kc-title-wrap \">\n\n\t<h4 class=\"kc_title\">Vielen Dank an alle Teilnehmer f\u00fcr ihre Aussagen, ihr Willkommen und ihre Zeit. Und ein Dankesch\u00f6n an unsere Partner und Sponsoren, ohne die es diese Webserie nicht geben k\u00f6nnte.<\/h4>\n<\/div>\n<\/div><\/div><\/div><\/div><\/section><section class=\"kc-elm kc-css-446338 kc_row\"><div class=\"kc-row-container  kc-container\"><div class=\"kc-wrap-columns\"><div class=\"kc-elm kc-css-520510 kc_col-sm-3 kc_column kc_col-sm-3\"><div class=\"kc-col-container\"><div class=\"kc-elm kc-css-317640 kc_shortcode kc_single_image\">\n\n        <a  href=\"https:\/\/oakfnd.org\/\" title=\"\" target=\"_blank\">\n        <img src=\"https:\/\/webserie.phyto-victimes.eu\/wp-content\/uploads\/2021\/04\/oakColor-1.jpg\" class=\"\" alt=\"\" \/>    <\/a>\n    <\/div>\n<\/div><\/div><div class=\"kc-elm kc-css-459426 kc_col-sm-3 kc_column kc_col-sm-3\"><div class=\"kc-col-container\"><div class=\"kc-elm kc-css-596064 kc_shortcode kc_single_image\">\n\n        <a  href=\"https:\/\/www.fondationcarasso.org\/\" title=\"\" target=\"_blank\">\n        <img src=\"https:\/\/webserie.phyto-victimes.eu\/wp-content\/uploads\/2021\/04\/carassoCol-2.jpg\" class=\"\" alt=\"\" \/>    <\/a>\n    <\/div>\n<\/div><\/div><div class=\"kc-elm kc-css-510099 kc_col-sm-3 kc_column kc_col-sm-3\"><div class=\"kc-col-container\"><div class=\"kc-elm kc-css-658588 kc_shortcode kc_single_image\">\n\n        <a  href=\"https:\/\/fondation-mecenat-leanature.org\/\" title=\"\" target=\"_blank\">\n        <img src=\"https:\/\/webserie.phyto-victimes.eu\/wp-content\/uploads\/2021\/04\/leacol-2.jpg\" class=\"\" alt=\"\" \/>    <\/a>\n    <\/div>\n<\/div><\/div><div class=\"kc-elm kc-css-20149 kc_col-sm-3 kc_column kc_col-sm-3\"><div class=\"kc-col-container\"><div class=\"kc-elm kc-css-715114 kc_shortcode kc_single_image\">\n\n        <a  href=\"https:\/\/www.ecologie.gouv.fr\/\" title=\"\" target=\"_blank\">\n        <img src=\"https:\/\/webserie.phyto-victimes.eu\/wp-content\/uploads\/2021\/05\/Ministere_Transition_Ecologique_Solidaire100.jpg\" class=\"\" alt=\"\" \/>    <\/a>\n    <\/div>\n<\/div><\/div><\/div><\/div><\/section><section class=\"kc-elm kc-css-395536 kc_row\"><div class=\"kc-row-container  kc-container\"><div class=\"kc-wrap-columns\"><div class=\"kc-elm kc-css-775871 kc_col-sm-3 kc_column kc_col-sm-3\"><div class=\"kc-col-container\"><div class=\"kc-elm kc-css-820358 kc_shortcode kc_single_image\">\n\n        <a  href=\"https:\/\/www.nouvelle-aquitaine.fr\/#gref\" title=\"\" target=\"_blank\">\n        <img src=\"https:\/\/webserie.phyto-victimes.eu\/wp-content\/uploads\/2021\/04\/nouvellecol-1.jpg\" class=\"\" alt=\"\" \/>    <\/a>\n    <\/div>\n<\/div><\/div><div class=\"kc-elm kc-css-819042 kc_col-sm-3 kc_column kc_col-sm-3\"><div class=\"kc-col-container\"><div class=\"kc-elm kc-css-44443 kc_shortcode kc_single_image\">\n\n        <a  href=\"https:\/\/agriculture.gouv.fr\/\" title=\"\" target=\"_blank\">\n        <img src=\"https:\/\/webserie.phyto-victimes.eu\/wp-content\/uploads\/2021\/04\/gouvcol-2.jpg\" class=\"\" alt=\"\" \/>    <\/a>\n    <\/div>\n<\/div><\/div><div class=\"kc-elm kc-css-732966 kc_col-sm-3 kc_column kc_col-sm-3\"><div class=\"kc-col-container\"><div class=\"kc-elm kc-css-70822 kc_shortcode kc_single_image\">\n\n        <a  href=\"https:\/\/www.env-health.org\/\" title=\"\" target=\"_blank\">\n        <img src=\"https:\/\/webserie.phyto-victimes.eu\/wp-content\/uploads\/2021\/04\/healcol-2.jpg\" class=\"\" alt=\"\" \/>    <\/a>\n    <\/div>\n<\/div><\/div><div class=\"kc-elm kc-css-396025 kc_col-sm-3 kc_column kc_col-sm-3\"><div class=\"kc-col-container\"><\/div><\/div><\/div><\/div><\/section><\/p>\n","protected":false},"excerpt":{"rendered":"","protected":false},"author":1,"featured_media":1407,"parent":0,"menu_order":0,"comment_status":"closed","ping_status":"closed","template":"page-head-back.php","meta":[],"_links":{"self":[{"href":"https:\/\/webserie.phyto-victimes.eu\/de\/wp-json\/wp\/v2\/pages\/5120"}],"collection":[{"href":"https:\/\/webserie.phyto-victimes.eu\/de\/wp-json\/wp\/v2\/pages"}],"about":[{"href":"https:\/\/webserie.phyto-victimes.eu\/de\/wp-json\/wp\/v2\/types\/page"}],"author":[{"embeddable":true,"href":"https:\/\/webserie.phyto-victimes.eu\/de\/wp-json\/wp\/v2\/users\/1"}],"replies":[{"embeddable":true,"href":"https:\/\/webserie.phyto-victimes.eu\/de\/wp-json\/wp\/v2\/comments?post=5120"}],"version-history":[{"count":4,"href":"https:\/\/webserie.phyto-victimes.eu\/de\/wp-json\/wp\/v2\/pages\/5120\/revisions"}],"predecessor-version":[{"id":5544,"href":"https:\/\/webserie.phyto-victimes.eu\/de\/wp-json\/wp\/v2\/pages\/5120\/revisions\/5544"}],"wp:featuredmedia":[{"embeddable":true,"href":"https:\/\/webserie.phyto-victimes.eu\/de\/wp-json\/wp\/v2\/media\/1407"}],"wp:attachment":[{"href":"https:\/\/webserie.phyto-victimes.eu\/de\/wp-json\/wp\/v2\/media?parent=5120"}],"curies":[{"name":"wp","href":"https:\/\/api.w.org\/{rel}","templated":true}]}}