{"id":5032,"date":"2016-04-13T04:31:11","date_gmt":"2016-04-13T02:31:11","guid":{"rendered":"https:\/\/phyto.bod-demo.fr\/demo-version-1-2\/"},"modified":"2021-06-15T12:05:48","modified_gmt":"2021-06-15T10:05:48","slug":"demo-version-1-2","status":"publish","type":"page","link":"https:\/\/webserie.phyto-victimes.eu\/de\/","title":{"rendered":"Startseite"},"content":{"rendered":"<p><section class=\"kc-elm kc-css-694669 kc_row main-hp-head\"><div class=\"kc-row-container\"><div class=\"kc-wrap-columns\"><div class=\"kc-elm kc-css-360921 kc_col-sm-12 kc_column kc_col-sm-12\"><div class=\"kc-col-container\"><div class=\"widget master-slider-main-widget kc-elm kc-css-898329\">\n\t\t<!-- MasterSlider -->\n\t\t<div id=\"P_MS69d427af8ea1e\" class=\"master-slider-parent ms-parent-id-1\"  >\n\n\t\t\t\n\t\t\t<!-- MasterSlider Main -->\n\t\t\t<div id=\"MS69d427af8ea1e\" class=\"master-slider ms-skin-default\" >\n\t\t\t\t \t\t\t\t \n\t\t\t<div id=\"main-home-layer-1\" class=\"ms-slide\" data-delay=\"4\" data-fill-mode=\"fill\"  >\n\t\t\t\t\t<img src=\"https:\/\/webserie.phyto-victimes.eu\/wp-content\/plugins\/masterslider\/public\/assets\/css\/blank.gif\" alt=\"\" title=\"\" data-src=\"https:\/\/webserie.phyto-victimes.eu\/wp-content\/uploads\/2021\/06\/Photo-pour-t\u00e9l\u00e9phone-si-Phyto.jpg\" \/>\n\t<video data-autopause=\"false\" data-mute=\"true\" data-loop=\"true\" data-fill-mode=\"fill\" >\n\t\t<source src=\"https:\/\/webserie.phyto-victimes.eu\/wp-content\/uploads\/2021\/05\/Film-Home-page-vignetage-6-05-21.mp4\" type=\"video\/mp4\"\/>\n\t<\/video>\n\n\t\t\t\t\t<div  class=\"ms-layer main_text1 msp-cn-1-42\" style=\"\"   data-effect=\"t(true,n,45,n,n,n,n,n,n,n,n,n,n,n,n)\" data-duration=\"1800\"  data-ease=\"easeOutExpo\"                data-offset-x=\"0\" data-offset-y=\"-80\" data-origin=\"mc\" data-position=\"normal\" >\n<span class=\"top\">PHYTO-VICTIMES<\/span><\/div>\n\n\t\t\t\t\t<div  class=\"ms-layer main_text2 msp-cn-1-45\" style=\"width:600px;\"   data-effect=\"t(true,n,n,45,n,n,n,n,n,n,n,n,n,n,n)\" data-duration=\"1800\" data-delay=\"600\" data-ease=\"easeOutExpo\"                data-offset-x=\"0\" data-offset-y=\"46\" data-origin=\"mc\" data-position=\"normal\" >\nDer Kampf um Anerkennung<\/div>\n\n\t\t\t\t\t<div  class=\"ms-layer arow-down msp-cn-1-43\" style=\"\"   data-effect=\"t(true,n,n,45,n,n,n,n,n,n,n,n,n,n,n)\" data-duration=\"1800\" data-delay=\"600\" data-ease=\"easeOutExpo\"                data-offset-x=\"0\" data-offset-y=\"0\" data-origin=\"bc\" data-position=\"normal\" >\n<\/div>\n\n\t\t\t\t\t<a id=\"btn-see-detail\" href=\"javascript:void(0);\" target=\"_self\" class=\"ms-layer universe-slider-btn btn-white msp-cn-1-44 ms-btn ms-btn-box ms-btn-n msp-preset-btn-159\" data-effect=\"t(true,n,n,n,n,n,n,n,1.5,1.6,n,n,n,n,n)\" data-duration=\"1800\" data-delay=\"200\" data-ease=\"easeInOutExpo\"        data-type=\"button\"        data-offset-x=\"0\" data-offset-y=\"311\" data-origin=\"mc\" data-position=\"normal\"   >\nTeaser ansehen<\/a>\n\n\t\t\t\t\t<div  class=\"ms-layer hp-slider-scrolldown\" style=\"\"      data-ease=\"easeOutQuint\"        data-type=\"hotspot\"  data-align=\"top\" data-stay-hover=\"false\" data-width=\"0\" data-target=\"_self\"   data-offset-x=\"660\" data-offset-y=\"772\" data-origin=\"tl\" data-position=\"normal\" >\n<\/div>\n\n\n\t\t\t\t<\/div>\n\n\t\t\t<\/div>\n\t\t\t<!-- END MasterSlider Main -->\n\n\t\t\t \n\t\t<\/div>\n\t\t<!-- END MasterSlider -->\n\n\t\t<script>\n\t\t( window.MSReady = window.MSReady || [] ).push( function( $ ) {\n\n\t\t\t\"use strict\";\n\t\t\tvar masterslider_ea1e = new MasterSlider();\n\n\t\t\t\/\/ slider controls\n\t\t\t\/\/ slider setup\n\t\t\tmasterslider_ea1e.setup(\"MS69d427af8ea1e\", {\n\t\t\t\twidth           : 1330,\n\t\t\t\theight          : 820,\n\t\t\t\tminHeight       : 820,\n\t\t\t\tspace           : 0,\n\t\t\t\tstart           : 1,\n\t\t\t\tgrabCursor      : true,\n\t\t\t\tswipe           : false,\n\t\t\t\tmouse           : true,\n\t\t\t\tkeyboard        : false,\n\t\t\t\tlayout          : \"fullwidth\",\n\t\t\t\twheel           : false,\n\t\t\t\tautoplay        : true,\n\t\t\t\tinstantStartLayers:false,\n\t\t\t\tloop            : true,\n\t\t\t\tshuffle         : false,\n\t\t\t\tpreload         : 1,\n\t\t\t\theightLimit     : true,\n\t\t\t\tautoHeight      : true,\n\t\t\t\tsmoothHeight    : true,\n\t\t\t\tendPause        : false,\n\t\t\t\toverPause       : true,\n\t\t\t\tfillMode        : \"fill\",\n\t\t\t\tcenterControls  : true,\n\t\t\t\tstartOnAppear   : true,\n\t\t\t\tlayersMode      : \"center\",\n\t\t\t\tautofillTarget  : \"\",\n\t\t\t\thideLayers      : false,\n\t\t\t\tfullscreenMargin: 0,\n\t\t\t\tspeed           : 50,\n\t\t\t\tdir             : \"h\",\n\t\t\t\tparallaxMode    : 'swipe',\n\t\t\t\tview            : \"parallaxMask\"\n\t\t\t});\n\n\t\t\t\n\t\t\t$(\"head\").append( \"<link rel='stylesheet' id='ms-fonts'  href='\/\/fonts.googleapis.com\/css?family=Josefin+Sans:700,600' type='text\/css' media='all' \/>\" );\n\n\t\t\twindow.masterslider_instances = window.masterslider_instances || [];\n\t\t\twindow.masterslider_instances.push( masterslider_ea1e );\n\t\t});\n\t\t<\/script>\n\n<\/div><div class=\"kc-elm kc-css-49406 kc-raw-code\">\n\n<div class=\"hp-video-container\">\n    <div class=\"phyto-episode\">\n        <div id=\"videoparent\">\n                            <div class=\"no-youtube\">\n                    Entschuldigung, da Sie Cookies abgelehnt haben, k\u00f6nnen wir Ihnen unsere Youtube-Videos nicht anbieten.                    <br>\n                    Wenn Sie Ihre Meinung \u00e4ndern m\u00f6chten: <br> <a href='\/de' data-cli_action=\"accept\" id=\"CONSTANT_OPEN_URL\"  class=\"medium cli-plugin-button cli-plugin-main-button cookie_action_close_header cli_action_button\" style=\"display:inline-block; \">Akzeptieren<\/a>                    <br><br> <a href=\"https:\/\/policies.google.com\/privacy?hl=fr&gl=fr\" target=\"_blank\" class=\"cookies-more wide\">- Weitere Informationen finden Sie in der Cookie-Richtlinie von YouTube<\/a><\/a>                <\/div>\n                    <\/div>\n    <\/div>\n<\/div>\n<\/div><\/div><\/div><\/div><\/div><\/section><section id=\"logos-left\" class=\"kc-elm kc-css-501313 kc_row slider-logos-container\"><div class=\"kc-row-container\"><div class=\"kc-wrap-columns\"><div class=\"kc-elm kc-css-671344 kc_col-sm-12 kc_column kc_col-sm-12\"><div class=\"slider-left-col kc-col-container\"><div class=\"kc-elm kc-css-882198 kc_shortcode kc_single_image phyto-logo-head\">\n\n        <img src=\"https:\/\/webserie.phyto-victimes.eu\/wp-content\/uploads\/2021\/04\/AK-69x37xc.png\" class=\"\" alt=\"\" \/>    <\/div>\n<div class=\"kc-elm kc-css-673412 kc_shortcode kc_single_image phyto-logo-head\">\n\n        <img src=\"https:\/\/webserie.phyto-victimes.eu\/wp-content\/uploads\/2021\/04\/carasso.png\" class=\"\" alt=\"\" \/>    <\/div>\n<div class=\"kc-elm kc-css-411337 kc_shortcode kc_single_image phyto-logo-head\">\n\n        <img src=\"https:\/\/webserie.phyto-victimes.eu\/wp-content\/uploads\/2021\/04\/FondationLeaNature.png\" class=\"\" alt=\"\" \/>    <\/div>\n<div class=\"kc-elm kc-css-47980 kc_shortcode kc_single_image phyto-logo-head\">\n\n        <img src=\"https:\/\/webserie.phyto-victimes.eu\/wp-content\/uploads\/2021\/04\/heal.png\" class=\"\" alt=\"\" \/>    <\/div>\n<\/div><\/div><\/div><\/div><\/section><section id=\"logos-right\" class=\"kc-elm kc-css-734015 kc_row slider-logos-container logo-right-block\"><div class=\"kc-row-container\"><div class=\"kc-wrap-columns\"><div class=\"kc-elm kc-css-196717 kc_col-sm-12 kc_column kc_col-sm-12\"><div class=\"slider-right-col kc-col-container\"><div class=\"kc-elm kc-css-140575 kc_shortcode kc_single_image phyto-logo-head\">\n\n        <img src=\"https:\/\/webserie.phyto-victimes.eu\/wp-content\/uploads\/2021\/04\/ministere-1.png\" class=\"\" alt=\"\" \/>    <\/div>\n<div class=\"kc-elm kc-css-608541 kc_shortcode kc_single_image phyto-logo-head\">\n\n        <img src=\"https:\/\/webserie.phyto-victimes.eu\/wp-content\/uploads\/2021\/04\/ministere62.png\" class=\"\" alt=\"\" \/>    <\/div>\n<div class=\"kc-elm kc-css-785699 kc_shortcode kc_single_image phyto-logo-head\">\n\n        <img src=\"https:\/\/webserie.phyto-victimes.eu\/wp-content\/uploads\/2021\/04\/nouvellaquitaine-55x74xc.png\" class=\"\" alt=\"\" \/>    <\/div>\n<\/div><\/div><\/div><\/div><\/section><section class=\"kc-elm kc-css-317883 kc_row uni-section-58\"><div class=\"kc-row-container  kc-container  intro-home\"><div class=\"kc-wrap-columns\"><div class=\"kc-elm kc-css-273 kc_col-sm-12 kc-animated kc-animate-eff-fadeIn kc_column kc_col-sm-12\"><div class=\"kc-col-container\"><div class=\"kc-elm kc-css-684396 kc_text_block content-text\"><\/p>\n<h4>Sie sind aufgrund ihrer beruflichen T\u00e4tigkeit mit Pestiziden in Ber\u00fchrung gekommen und hatten oder haben immer noch gesundheitliche Probleme, die mit diesen giftigen Produkten in Zusammenhang stehen : Prostatakrebs, Tumoren des zentralen Nervensystems, multiple Myelome, Lymphome, Parkinson-Krankheit.<\/h4>\n<p>Z\u00fcchter, Obstbauern, Winzer, G\u00e4rtner, Getreidebauern, Saisonarbeiter oder Angestellte, die beim Wiederbetreten der Felder, bei der Reparatur von Maschinen oder beim Abladen von Saatgut exponiert sind&#8230;<\/p>\n<p>Diese Opfer sind Teil der Landwirtschaft, doch auch andere Branchen sind betroffen : Landschaftsg\u00e4rtner, Pflege von Gr\u00fcnfl\u00e4chen, holzverarbeitende Berufe&#8230;<\/p>\n<p>Nach jahrzehntelangen Beschwichtigungen gehen die Landwirte und die Gesellschaft als Ganzes allm\u00e4hlich dazu \u00fcber, die vielf\u00e4ltigen Gefahren ernst zu nehmen, die von Pestiziden ausgehen. Mehrere wissenschaftliche Studien (AGRICAN, Inserm&#8230;) best\u00e4tigen, dass einzelne Berufsgruppen, die Pestiziden ausgesetzt sind, in bestimmten Patientengruppen \u00fcberrepr\u00e4sentiert sind.<\/p>\n<p>Produkte, deren Sch\u00e4dlichkeit bekannt und erwiesen ist, werden jedoch weiterhin verkauft. Und die Opfer dieser Produkte m\u00fcssen unerm\u00fcdlich f\u00fcr die Durchsetzung ihrer Rechte, f\u00fcr Anerkennung und Entsch\u00e4digungen k\u00e4mpfen.<\/p>\n<p>Phyto-victimes ist eine Webserie \u00fcber Opfer von Pflanzenschutzmitteln, die die Geschichte ihres Kampfes erz\u00e4hlt und gemeinsam nach L\u00f6sungen sucht, um die Auswirkungen von Pestiziden zu verringern.<\/p>\n<p>\n<\/div><\/div><\/div><\/div><\/div><\/section><section class=\"kc-elm kc-css-761479 kc_row uni-section-58\"><div class=\"kc-row-container  kc-container\"><div class=\"kc-wrap-columns\"><div class=\"kc-elm kc-css-829265 kc_col-sm-12 kc-animated kc-animate-eff-fadeIn kc_column kc_col-sm-12\"><div class=\"kc-col-container\">\n<div class=\"kc-elm kc-css-830853 kc-animated kc-animate-eff-fadeIn kc-animate-delay-200 kc-title-wrap \">\n\n\t<h5 class=\"kc_title partagez\">Teilen <span> #Phytovictimes<\/span> <\/h5>\n<\/div>\n<div class=\"kc-elm kc-css-173538 kc-multi-icons-wrapper\">\n\t\t\t<a href=\"https:\/\/www.facebook.com\/sharer\/sharer.php?u=https:\/\/webserie.phyto-victimes.eu\" target=\"_blank\" title=\"\" class=\"multi-icons-link multi-iconsfab-facebook-f\">\n\t\t\t<i class=\"fab-facebook-f\"><\/i>\n\t\t<\/a>\n\n\t\t\t<a href=\"#phyto-victimes https:\/\/twitter.com\/intent\/tweet?text=https:\/\/webserie.phyto-victimes.eu\" target=\"_blank\" title=\"\" class=\"multi-icons-link multi-iconsfab-twitter\">\n\t\t\t<i class=\"fab-twitter\"><\/i>\n\t\t<\/a>\n\n\t<\/div>\n<\/div><\/div><\/div><\/div><\/section><section class=\"kc-elm kc-css-941502 kc_row uni-section-58\"><div class=\"kc-row-container  kc-container\"><div class=\"kc-wrap-columns\"><div class=\"kc-elm kc-css-201677 kc_col-sm-12 kc-animated kc-animate-eff-fadeIn kc_column kc_col-sm-12\"><div class=\"main-title-episodes kc-col-container\">\n<div class=\"kc-elm kc-css-223557 kc-animated kc-animate-eff-fadeIn kc-animate-delay-200 kc-title-wrap \">\n\n\t<h3 class=\"kc_title\">folgen<\/h3>\n<\/div>\n<\/div><\/div><\/div><\/div><\/section><section class=\"kc-elm kc-css-1896 kc_row\"><div class=\"kc-row-container  kc-container  list-episodes-home\"><div class=\"kc-wrap-columns\"><div class=\"kc-elm kc-css-536032 kc_col-sm-12 kc-animated kc-animate-eff-fadeIn kc_column kc_col-sm-12\"><div class=\"kc-col-container\"><div class=\"kc-elm kc-css-388501 kc-raw-code\">\n        <section class=\"kc-elm kc-css-184555 kc_row row-episode\" style=\"\n    background-image: linear-gradient(rgba(0, 0, 0, 0.5), rgba(0, 0, 0, 0.5)), url(https:\/\/webserie.phyto-victimes.eu\/wp-content\/uploads\/2021\/05\/vignettes-menu-site-PV00001.jpg);\">\n            <div class=\"kc-row-container  kc-container\" wfd-id=\"65\">\n                <div class=\"kc-wrap-columns\" w>\n                    <div class=\"kc-elm kc-css-209537 kc_col-sm-12 kc_column kc_col-sm-12 kc-pc-loaded\" >\n                        <div class=\"kc-col-container\" >\n                            <div class=\"kc-elm kc-css-44952 kc-title-wrap  kc-pc-loaded\" style=\"\" >\n\n                                <h1 class=\"kc_title title-style1\">\n\n                                                                        <a class=\"play-btn\" href=\"https:\/\/webserie.phyto-victimes.eu\/de\/folgen\/whistleblower\/\"><\/a>\n                                    \n\n                                    <p>FOLGE 1 <\/p>\n\n                                                                        <a href=\"https:\/\/webserie.phyto-victimes.eu\/de\/folgen\/whistleblower\/\">Whistleblower<\/a>\n                                    \n\n                                                                    <\/h1>\n                            <\/div>\n                        <\/div>\n                    <\/div>\n                <\/div>\n            <\/div>\n        <\/section>\n        \n        <section class=\"kc-elm kc-css-184555 kc_row row-episode\" style=\"\n    background-image: linear-gradient(rgba(0, 0, 0, 0.5), rgba(0, 0, 0, 0.5)), url(https:\/\/webserie.phyto-victimes.eu\/wp-content\/uploads\/2021\/05\/vignettes-menu-site-PV00002.jpg);\">\n            <div class=\"kc-row-container  kc-container\" wfd-id=\"65\">\n                <div class=\"kc-wrap-columns\" w>\n                    <div class=\"kc-elm kc-css-209537 kc_col-sm-12 kc_column kc_col-sm-12 kc-pc-loaded\" >\n                        <div class=\"kc-col-container\" >\n                            <div class=\"kc-elm kc-css-44952 kc-title-wrap  kc-pc-loaded\" style=\"\" >\n\n                                <h1 class=\"kc_title title-style1\">\n\n                                                                        <a class=\"play-btn\" href=\"https:\/\/webserie.phyto-victimes.eu\/de\/folgen\/in-der-europa-farm\/\"><\/a>\n                                    \n\n                                    <p>FOLGE 2 <\/p>\n\n                                                                        <a href=\"https:\/\/webserie.phyto-victimes.eu\/de\/folgen\/in-der-europa-farm\/\">EIN WAHRER KAMPF<\/a>\n                                    \n\n                                                                    <\/h1>\n                            <\/div>\n                        <\/div>\n                    <\/div>\n                <\/div>\n            <\/div>\n        <\/section>\n        \n        <section class=\"kc-elm kc-css-184555 kc_row row-episode\" style=\"\n    background-image: linear-gradient(rgba(0, 0, 0, 0.5), rgba(0, 0, 0, 0.5)), url(https:\/\/webserie.phyto-victimes.eu\/wp-content\/uploads\/2021\/05\/vignettes-menu-site-PV00007-copie.jpg);\">\n            <div class=\"kc-row-container  kc-container\" wfd-id=\"65\">\n                <div class=\"kc-wrap-columns\" w>\n                    <div class=\"kc-elm kc-css-209537 kc_col-sm-12 kc_column kc_col-sm-12 kc-pc-loaded\" >\n                        <div class=\"kc-col-container\" >\n                            <div class=\"kc-elm kc-css-44952 kc-title-wrap  kc-pc-loaded\" style=\"\" >\n\n                                <h1 class=\"kc_title title-style1\">\n\n                                                                        <a class=\"play-btn\" href=\"https:\/\/webserie.phyto-victimes.eu\/de\/folgen\/ich-dachte-ich-waere-sicher\/\"><\/a>\n                                    \n\n                                    <p>FOLGE 3 <\/p>\n\n                                                                        <a href=\"https:\/\/webserie.phyto-victimes.eu\/de\/folgen\/ich-dachte-ich-waere-sicher\/\">Ich dachte, ich w\u00e4re sicher\u2026<\/a>\n                                    \n\n                                                                    <\/h1>\n                            <\/div>\n                        <\/div>\n                    <\/div>\n                <\/div>\n            <\/div>\n        <\/section>\n        \n        <section class=\"kc-elm kc-css-184555 kc_row row-episode\" style=\"\n    background-image: linear-gradient(rgba(0, 0, 0, 0.5), rgba(0, 0, 0, 0.5)), url(https:\/\/webserie.phyto-victimes.eu\/wp-content\/uploads\/2021\/05\/vignettes-menu-site-PV00003.jpg);\">\n            <div class=\"kc-row-container  kc-container\" wfd-id=\"65\">\n                <div class=\"kc-wrap-columns\" w>\n                    <div class=\"kc-elm kc-css-209537 kc_col-sm-12 kc_column kc_col-sm-12 kc-pc-loaded\" >\n                        <div class=\"kc-col-container\" >\n                            <div class=\"kc-elm kc-css-44952 kc-title-wrap  kc-pc-loaded\" style=\"\" >\n\n                                <h1 class=\"kc_title title-style1\">\n\n                                                                        <a class=\"play-btn\" href=\"https:\/\/webserie.phyto-victimes.eu\/de\/folgen\/sich-nach-der-krankheit-nicht-unterkriegen-lassen\/\"><\/a>\n                                    \n\n                                    <p>FOLGE 4 <\/p>\n\n                                                                        <a href=\"https:\/\/webserie.phyto-victimes.eu\/de\/folgen\/sich-nach-der-krankheit-nicht-unterkriegen-lassen\/\">Sich (nach der Krankheit) nicht unterkriegen lassen<\/a>\n                                    \n\n                                                                    <\/h1>\n                            <\/div>\n                        <\/div>\n                    <\/div>\n                <\/div>\n            <\/div>\n        <\/section>\n        \n        <section class=\"kc-elm kc-css-184555 kc_row row-episode\" style=\"\n    background-image: linear-gradient(rgba(0, 0, 0, 0.5), rgba(0, 0, 0, 0.5)), url(https:\/\/webserie.phyto-victimes.eu\/wp-content\/uploads\/2021\/05\/vignettes-menu-site-PV00005-copie.jpg);\">\n            <div class=\"kc-row-container  kc-container\" wfd-id=\"65\">\n                <div class=\"kc-wrap-columns\" w>\n                    <div class=\"kc-elm kc-css-209537 kc_col-sm-12 kc_column kc_col-sm-12 kc-pc-loaded\" >\n                        <div class=\"kc-col-container\" >\n                            <div class=\"kc-elm kc-css-44952 kc-title-wrap  kc-pc-loaded\" style=\"\" >\n\n                                <h1 class=\"kc_title title-style1\">\n\n                                                                            <a class=\"play-btn not_disponible\"  href=\"#\" ><\/a>\n                                    \n\n                                    <p>FOLGE 5 <\/p>\n\n                                                                            (Landwirtschaftlicher) \u00dcbergang                                    \n\n                                                                            <p class=\"not_disponible\">Bald verf\u00fcgbar <\/p>\n                                                                    <\/h1>\n                            <\/div>\n                        <\/div>\n                    <\/div>\n                <\/div>\n            <\/div>\n        <\/section>\n        \n        <section class=\"kc-elm kc-css-184555 kc_row row-episode\" style=\"\n    background-image: linear-gradient(rgba(0, 0, 0, 0.5), rgba(0, 0, 0, 0.5)), url(https:\/\/webserie.phyto-victimes.eu\/wp-content\/uploads\/2021\/05\/vignettes-menu-site-PV00004.jpg);\">\n            <div class=\"kc-row-container  kc-container\" wfd-id=\"65\">\n                <div class=\"kc-wrap-columns\" w>\n                    <div class=\"kc-elm kc-css-209537 kc_col-sm-12 kc_column kc_col-sm-12 kc-pc-loaded\" >\n                        <div class=\"kc-col-container\" >\n                            <div class=\"kc-elm kc-css-44952 kc-title-wrap  kc-pc-loaded\" style=\"\" >\n\n                                <h1 class=\"kc_title title-style1\">\n\n                                                                            <a class=\"play-btn not_disponible\"  href=\"#\" ><\/a>\n                                    \n\n                                    <p>FOLGE 6 <\/p>\n\n                                                                            Auf der Suche nach Resilienz                                    \n\n                                                                            <p class=\"not_disponible\">Bald verf\u00fcgbar <\/p>\n                                                                    <\/h1>\n                            <\/div>\n                        <\/div>\n                    <\/div>\n                <\/div>\n            <\/div>\n        <\/section>\n        \n        <section class=\"kc-elm kc-css-184555 kc_row row-episode\" style=\"\n    background-image: linear-gradient(rgba(0, 0, 0, 0.5), rgba(0, 0, 0, 0.5)), url(https:\/\/webserie.phyto-victimes.eu\/wp-content\/uploads\/2021\/05\/vignettes-menu-site-PV0006.jpg);\">\n            <div class=\"kc-row-container  kc-container\" wfd-id=\"65\">\n                <div class=\"kc-wrap-columns\" w>\n                    <div class=\"kc-elm kc-css-209537 kc_col-sm-12 kc_column kc_col-sm-12 kc-pc-loaded\" >\n                        <div class=\"kc-col-container\" >\n                            <div class=\"kc-elm kc-css-44952 kc-title-wrap  kc-pc-loaded\" style=\"\" >\n\n                                <h1 class=\"kc_title title-style1\">\n\n                                                                            <a class=\"play-btn not_disponible\"  href=\"#\" ><\/a>\n                                    \n\n                                    <p>FOLGE 7 <\/p>\n\n                                                                            Der Widerstand organisiert sich                                    \n\n                                                                            <p class=\"not_disponible\">Bald verf\u00fcgbar <\/p>\n                                                                    <\/h1>\n                            <\/div>\n                        <\/div>\n                    <\/div>\n                <\/div>\n            <\/div>\n        <\/section>\n        <\/div><\/div><\/div><\/div><\/div><\/section><section class=\"kc-elm kc-css-946053 kc_row v2_feature_newsletters\"><div class=\"kc-row-container  kc-container\"><div class=\"kc-wrap-columns\"><div class=\"kc-elm kc-css-202865 kc_col-sm-12 kc-animated kc-animate-eff-fadeIn kc-animate-delay-100 kc_column kc_col-sm-12 one_half\"><div class=\"kc-col-container\">\n<div class=\"kc-elm kc-css-669692 kc-title-wrap \">\n\n\t<h3 class=\"kc_title\">Benachrichtigen Sie mich \u00fcber kommende Folgen.<\/h3>\n<\/div>\n<div class=\"kc-elm kc-css-126542 kc-raw-code\"><div class=\"forminator-ui forminator-custom-form forminator-custom-form-5046 forminator-design--flat  forminator_ajax\" data-forminator-render=\"0\" data-form=\"forminator-module-5046\"><br\/><\/div><form\r\n\t\t\t\tid=\"forminator-module-5046\"\r\n\t\t\t\tclass=\"forminator-ui forminator-custom-form forminator-custom-form-5046 forminator-design--flat  forminator_ajax\"\r\n\t\t\t\tmethod=\"post\"\r\n\t\t\t\tdata-forminator-render=\"0\"\r\n\t\t\t\tdata-form-id=\"5046\"\r\n\t\t\t\t\r\n\t\t\t\tdata-design=\"flat\"\r\n\t\t\t\t\r\n\t\t\t\t\r\n\t\t\t\t\r\n\t\t\t\tdata-grid=\"open\"\r\n\t\t\t\t\r\n\t\t\t\t\r\n\t\t\t\tstyle=\"display: none;\"\r\n\t\t\t><div class=\"forminator-response-message forminator-error\" aria-hidden=\"true\"><\/div><div class=\"forminator-row\"><div id=\"email-1\" class=\"forminator-col forminator-col-12  enter_email_input_cont\"><div class=\"forminator-field\"><input type=\"email\" name=\"email-1\" value=\"\" placeholder=\"Meine E-Mail\" id=\"forminator-field-email-1\" class=\"forminator-input forminator-email--field\" data-required=\"true\" aria-required=\"true\" \/><\/div><\/div><\/div><div class=\"forminator-row forminator-hidden\"><input type=\"hidden\" id=\"hidden-1\" name=\"hidden-1\" value=\"DE\" \/><\/div><input type=\"hidden\" name=\"referer_url\" value=\"\" \/><div class=\"forminator-row forminator-row-last\"><div class=\"forminator-col\"><div class=\"forminator-field\"><button class=\"forminator-button forminator-button-submit input_submit\">Best&auml;tigen<\/button><\/div><\/div><\/div><input type=\"hidden\" id=\"forminator_nonce\" name=\"forminator_nonce\" value=\"1323647573\" \/><input type=\"hidden\" name=\"_wp_http_referer\" value=\"\/de\/wp-json\/wp\/v2\/pages\/5032\" \/><input type=\"hidden\" name=\"form_id\" value=\"5046\"><input type=\"hidden\" name=\"page_id\" value=\"5032\"><input type=\"hidden\" name=\"form_type\" value=\"default\"><input type=\"hidden\" name=\"current_url\" value=\"https:\/\/webserie.phyto-victimes.eu\/de\/wp-json\/wp\/v2\/pages\/5032\/\"><input type=\"hidden\" name=\"render_id\" value=\"0\"><input type=\"hidden\" name=\"action\" value=\"forminator_submit_form_custom-forms\"><label for=\"input_3\" class=\"forminator-hidden\" aria-hidden=\"true\">Please do not fill in this field. <input id=\"input_3\" type=\"text\" name=\"input_3\" value=\"\" autocomplete=\"off\"><\/label><\/form><\/div><div class=\"kc-elm kc-css-589928 kc-raw-code\"><script id=\"mcjs\">!function(c,h,i,m,p){m=c.createElement(h),p=c.getElementsByTagName(h)[0],m.async=1,m.src=i,p.parentNode.insertBefore(m,p)}(document,\"script\",\"https:\/\/chimpstatic.com\/mcjs-connected\/js\/users\/b744a7a9052bacdba3761cbcb\/bb806769ccfc9cf58ae4aea18.js\");<\/script><\/div><\/div><\/div><\/div><\/div><\/section><\/p>\n","protected":false},"excerpt":{"rendered":"","protected":false},"author":1,"featured_media":0,"parent":0,"menu_order":0,"comment_status":"closed","ping_status":"closed","template":"","meta":[],"_links":{"self":[{"href":"https:\/\/webserie.phyto-victimes.eu\/de\/wp-json\/wp\/v2\/pages\/5032"}],"collection":[{"href":"https:\/\/webserie.phyto-victimes.eu\/de\/wp-json\/wp\/v2\/pages"}],"about":[{"href":"https:\/\/webserie.phyto-victimes.eu\/de\/wp-json\/wp\/v2\/types\/page"}],"author":[{"embeddable":true,"href":"https:\/\/webserie.phyto-victimes.eu\/de\/wp-json\/wp\/v2\/users\/1"}],"replies":[{"embeddable":true,"href":"https:\/\/webserie.phyto-victimes.eu\/de\/wp-json\/wp\/v2\/comments?post=5032"}],"version-history":[{"count":9,"href":"https:\/\/webserie.phyto-victimes.eu\/de\/wp-json\/wp\/v2\/pages\/5032\/revisions"}],"predecessor-version":[{"id":5992,"href":"https:\/\/webserie.phyto-victimes.eu\/de\/wp-json\/wp\/v2\/pages\/5032\/revisions\/5992"}],"wp:attachment":[{"href":"https:\/\/webserie.phyto-victimes.eu\/de\/wp-json\/wp\/v2\/media?parent=5032"}],"curies":[{"name":"wp","href":"https:\/\/api.w.org\/{rel}","templated":true}]}}